{"id":103,"date":"2012-10-16T14:12:15","date_gmt":"2012-10-16T12:12:15","guid":{"rendered":"http:\/\/www.rsb.musin.de\/wordpress\/schulprofil\/"},"modified":"2012-10-16T14:12:15","modified_gmt":"2012-10-16T12:12:15","slug":"schulprofil","status":"publish","type":"page","link":"https:\/\/rsb.musin.de\/wordpress\/schulprofil\/","title":{"rendered":"Blutenburg"},"content":{"rendered":"<p>F\u00fcr die Erholungssuchenden im M\u00fcnchner Westen ist die Blutenburg ein beliebtes Ausflugsziel. Dieser an der W\u00fcrm gelegene ehemalige Herrschaftssitz hat eine wechselvolle Geschichte hinter sich gebracht. <br \/> 1425 wird der landesherrliche Sitz in der N\u00e4he des Dorfes Menzing zum ersten Mal archivarisch erfasst. &#8220;zu Blytenburg&#8221; wird der befestigte Sitz bezeichnet. Der Name deutet auf die sch\u00f6ne landschaftliche Umgebung hin.<\/p>\n<p><img decoding=\"async\" class=\" alignleft size-full wp-image-102\" style=\"margin-right: 8px; margin-bottom: 8px; float: left;\" src=\"http:\/\/www.rsb.musin.de\/wordpress\/wp-content\/uploads\/2012\/10\/IMG_0323.jpg\" alt=\"IMG 0323\" name=\"Grafik3\" width=\"258\" height=\"169\" \/>Die Wittelsbacher nutzten diese Befestigung, um in der N\u00e4he der Stadt M\u00fcnchen einen Ort f\u00fcr die Jagd und Erholung zu besitzen. Albrecht III weilte von 1432-1435 mit Agnes Bernauer, der ihm unebenb\u00fcrtig angetrauten Baderstochter aus Augsburg, in der Blutenburg. Dieser Herzog erneuerte und erweiterte auch den Besitz. Sein Sohn Albrecht IV dr\u00e4ngte den \u00e4lteren Bruder Sigismund aus der Regierungsverantwortung. Dieser lie\u00df sich dann in der Blutenburg nieder und machte sie zum Mittelpunkt einer gl\u00e4nzenden Hofhaltung. W\u00e4hrend seines Aufenthaltes wurde die Schlosskapelle vollendet, ein Kleinod der Sp\u00e4tgotik. Besonders hervorzuheben sind die Plastiken der Blutenburger Apostel und der Blutenburger Madonna. Nach dem Tode Sigismunds nutzte der M\u00fcnchner Hof die Blutenburg nur noch gelegentlich. Besonders lebendig war sie nicht mehr, da sie der Hofgesellschaft zu unbequem geworden war. <br \/> Vor\u00fcbergehend wurde sie zu einem adeligen Landsitz unter Anton von Berchem. Dieser trug wesentlich zur heutigen Ansicht des Besitzes bei. Er lie\u00df Geb\u00e4udeteile abbrechen und gestaltete das heutige Herrenhaus mit seinen vier T\u00fcrmen. Nach Berchem diente die Blutenburg den Gattinnen der Kurf\u00fcrsten nur noch sporadisch als Erholungsort, eine aktive Einbeziehung des Besitzes in das M\u00fcnchner Hofleben fand jedoch nicht statt. Der Kontakt zum neuen Schlo\u00df Nymphenburg war lediglich ein Sichtkontakt, der bis heute noch besteht, der &#8220;Durchblick&#8221;, der nicht verbaut werden darf. <br \/> Die zunehmende Bauf\u00e4lligkeit der Blutenburg wurde durch die Englischen Fr\u00e4ulein aufgehalten, die 1866 das Schloss und die Kirche \u00fcbernahmen und es als Kloster mit angeschlossener Landwirtschaft nutzten. Die ihnen nachfolgenden Schwestern des Dritten Orden betrieben bis 1976 ein Altersheim mit Landwirtschaft. <br \/> Nach Abzug der Schwestern stand eine Generalsanierung des Komplexes an und vor allem war die Nutzung der ganzen Anlage unklar. In dieser Situation nahm sich der &#8220;Verein der Freunde Schloss Blutenburg e.V.&#8221;, der durch Wolfgang Vogelsgesang geleitet wurde, der Angelegenheit an. Sein Ziel, die dauernde kulturelle Nutzung und bauliche Sanierung von Schloss Blutenburg, ist erreicht worden. Die Blutenburg wurde zu einem kulturellen Zentrum im M\u00fcnchner Westen. In die Geb\u00e4ude zog die internationale Jugendbibliothek ein, f\u00fcr das leibliche Wohl sorgt eine Gastronomie. Regelm\u00e4\u00dfige Veranstaltungen, wie das Dorffest mit Obermenzinger Vereinen, das Pf\u00e4lzer Weinfest, Kunstausstellungen und Konzerte sorgen f\u00fcr eine neue Lebendigkeit. <br \/> Es w\u00e4re zu w\u00fcnschen, dass diese &#8220;neue&#8221; Blutenburg im Bewusstsein der Bev\u00f6lkerung nicht nur als herrliches Ausflugsziel, sondern auch als gelebter Kulturmittelpunkt und Juwel der Sp\u00e4tgotik haften bliebe.<\/p>\n<p>Chr. Bauer<\/p>\n","protected":false},"excerpt":{"rendered":"<p>F\u00fcr die Erholungssuchenden im M\u00fcnchner Westen ist die Blutenburg ein beliebtes Ausflugsziel. Dieser an der W\u00fcrm gelegene ehemalige Herrschaftssitz hat eine wechselvolle Geschichte hinter sich gebracht. 1425 wird der landesherrliche Sitz in der N\u00e4he des Dorfes Menzing zum ersten Mal archivarisch erfasst. &#8220;zu Blytenburg&#8221; wird der befestigte Sitz bezeichnet. Der Name deutet auf die sch\u00f6ne [&hellip;]<\/p>\n","protected":false},"author":1,"featured_media":102,"parent":0,"menu_order":22,"comment_status":"closed","ping_status":"closed","template":"","meta":{"ocean_post_layout":"","ocean_both_sidebars_style":"","ocean_both_sidebars_content_width":0,"ocean_both_sidebars_sidebars_width":0,"ocean_sidebar":"","ocean_second_sidebar":"","ocean_disable_margins":"enable","ocean_add_body_class":"","ocean_shortcode_before_top_bar":"","ocean_shortcode_after_top_bar":"","ocean_shortcode_before_header":"","ocean_shortcode_after_header":"","ocean_has_shortcode":"","ocean_shortcode_after_title":"","ocean_shortcode_before_footer_widgets":"","ocean_shortcode_after_footer_widgets":"","ocean_shortcode_before_footer_bottom":"","ocean_shortcode_after_footer_bottom":"","ocean_display_top_bar":"default","ocean_display_header":"default","ocean_header_style":"","ocean_center_header_left_menu":"","ocean_custom_header_template":"","ocean_custom_logo":0,"ocean_custom_retina_logo":0,"ocean_custom_logo_max_width":0,"ocean_custom_logo_tablet_max_width":0,"ocean_custom_logo_mobile_max_width":0,"ocean_custom_logo_max_height":0,"ocean_custom_logo_tablet_max_height":0,"ocean_custom_logo_mobile_max_height":0,"ocean_header_custom_menu":"","ocean_menu_typo_font_family":"","ocean_menu_typo_font_subset":"","ocean_menu_typo_font_size":0,"ocean_menu_typo_font_size_tablet":0,"ocean_menu_typo_font_size_mobile":0,"ocean_menu_typo_font_size_unit":"px","ocean_menu_typo_font_weight":"","ocean_menu_typo_font_weight_tablet":"","ocean_menu_typo_font_weight_mobile":"","ocean_menu_typo_transform":"","ocean_menu_typo_transform_tablet":"","ocean_menu_typo_transform_mobile":"","ocean_menu_typo_line_height":0,"ocean_menu_typo_line_height_tablet":0,"ocean_menu_typo_line_height_mobile":0,"ocean_menu_typo_line_height_unit":"","ocean_menu_typo_spacing":0,"ocean_menu_typo_spacing_tablet":0,"ocean_menu_typo_spacing_mobile":0,"ocean_menu_typo_spacing_unit":"","ocean_menu_link_color":"","ocean_menu_link_color_hover":"","ocean_menu_link_color_active":"","ocean_menu_link_background":"","ocean_menu_link_hover_background":"","ocean_menu_link_active_background":"","ocean_menu_social_links_bg":"","ocean_menu_social_hover_links_bg":"","ocean_menu_social_links_color":"","ocean_menu_social_hover_links_color":"","ocean_disable_title":"default","ocean_disable_heading":"default","ocean_post_title":"","ocean_post_subheading":"","ocean_post_title_style":"","ocean_post_title_background_color":"","ocean_post_title_background":0,"ocean_post_title_bg_image_position":"","ocean_post_title_bg_image_attachment":"","ocean_post_title_bg_image_repeat":"","ocean_post_title_bg_image_size":"","ocean_post_title_height":0,"ocean_post_title_bg_overlay":0.5,"ocean_post_title_bg_overlay_color":"","ocean_disable_breadcrumbs":"default","ocean_breadcrumbs_color":"","ocean_breadcrumbs_separator_color":"","ocean_breadcrumbs_links_color":"","ocean_breadcrumbs_links_hover_color":"","ocean_display_footer_widgets":"default","ocean_display_footer_bottom":"default","ocean_custom_footer_template":"","footnotes":""},"class_list":["post-103","page","type-page","status-publish","has-post-thumbnail","hentry","entry","has-media"],"yoast_head":"<!-- This site is optimized with the Yoast SEO plugin v26.7 - https:\/\/yoast.com\/wordpress\/plugins\/seo\/ -->\n<title>Blutenburg - Realschule an der Blutenburg<\/title>\n<meta name=\"robots\" content=\"index, follow, max-snippet:-1, max-image-preview:large, max-video-preview:-1\" \/>\n<link rel=\"canonical\" href=\"https:\/\/rsb.musin.de\/wordpress\/schulprofil\/\" \/>\n<meta property=\"og:locale\" content=\"de_DE\" \/>\n<meta property=\"og:type\" content=\"article\" \/>\n<meta property=\"og:title\" content=\"Blutenburg - Realschule an der Blutenburg\" \/>\n<meta property=\"og:description\" content=\"F\u00fcr die Erholungssuchenden im M\u00fcnchner Westen ist die Blutenburg ein beliebtes Ausflugsziel. Dieser an der W\u00fcrm gelegene ehemalige Herrschaftssitz hat eine wechselvolle Geschichte hinter sich gebracht. 1425 wird der landesherrliche Sitz in der N\u00e4he des Dorfes Menzing zum ersten Mal archivarisch erfasst. &#8220;zu Blytenburg&#8221; wird der befestigte Sitz bezeichnet. Der Name deutet auf die sch\u00f6ne [&hellip;]\" \/>\n<meta property=\"og:url\" content=\"https:\/\/rsb.musin.de\/wordpress\/schulprofil\/\" \/>\n<meta property=\"og:site_name\" content=\"Realschule an der Blutenburg\" \/>\n<meta property=\"og:image\" content=\"https:\/\/rsb.musin.de\/wordpress\/wp-content\/uploads\/2012\/10\/IMG_0323.jpg\" \/>\n\t<meta property=\"og:image:width\" content=\"640\" \/>\n\t<meta property=\"og:image:height\" content=\"480\" \/>\n\t<meta property=\"og:image:type\" content=\"image\/jpeg\" \/>\n<meta name=\"twitter:card\" content=\"summary_large_image\" \/>\n<meta name=\"twitter:label1\" content=\"Gesch\u00e4tzte Lesezeit\" \/>\n\t<meta name=\"twitter:data1\" content=\"2\u00a0Minuten\" \/>\n<script type=\"application\/ld+json\" class=\"yoast-schema-graph\">{\"@context\":\"https:\/\/schema.org\",\"@graph\":[{\"@type\":\"WebPage\",\"@id\":\"https:\/\/rsb.musin.de\/wordpress\/schulprofil\/\",\"url\":\"https:\/\/rsb.musin.de\/wordpress\/schulprofil\/\",\"name\":\"Blutenburg - Realschule an der Blutenburg\",\"isPartOf\":{\"@id\":\"https:\/\/rsb.musin.de\/wordpress\/#website\"},\"primaryImageOfPage\":{\"@id\":\"https:\/\/rsb.musin.de\/wordpress\/schulprofil\/#primaryimage\"},\"image\":{\"@id\":\"https:\/\/rsb.musin.de\/wordpress\/schulprofil\/#primaryimage\"},\"thumbnailUrl\":\"https:\/\/rsb.musin.de\/wordpress\/wp-content\/uploads\/2012\/10\/IMG_0323.jpg\",\"datePublished\":\"2012-10-16T12:12:15+00:00\",\"breadcrumb\":{\"@id\":\"https:\/\/rsb.musin.de\/wordpress\/schulprofil\/#breadcrumb\"},\"inLanguage\":\"de\",\"potentialAction\":[{\"@type\":\"ReadAction\",\"target\":[\"https:\/\/rsb.musin.de\/wordpress\/schulprofil\/\"]}]},{\"@type\":\"ImageObject\",\"inLanguage\":\"de\",\"@id\":\"https:\/\/rsb.musin.de\/wordpress\/schulprofil\/#primaryimage\",\"url\":\"https:\/\/rsb.musin.de\/wordpress\/wp-content\/uploads\/2012\/10\/IMG_0323.jpg\",\"contentUrl\":\"https:\/\/rsb.musin.de\/wordpress\/wp-content\/uploads\/2012\/10\/IMG_0323.jpg\",\"width\":640,\"height\":480,\"caption\":\"IMG 0323\"},{\"@type\":\"BreadcrumbList\",\"@id\":\"https:\/\/rsb.musin.de\/wordpress\/schulprofil\/#breadcrumb\",\"itemListElement\":[{\"@type\":\"ListItem\",\"position\":1,\"name\":\"Startseite\",\"item\":\"https:\/\/rsb.musin.de\/wordpress\/\"},{\"@type\":\"ListItem\",\"position\":2,\"name\":\"Blutenburg\"}]},{\"@type\":\"WebSite\",\"@id\":\"https:\/\/rsb.musin.de\/wordpress\/#website\",\"url\":\"https:\/\/rsb.musin.de\/wordpress\/\",\"name\":\"Realschule an der Blutenburg\",\"description\":\"Realschule im M\u00fcnchner Westen\",\"publisher\":{\"@id\":\"https:\/\/rsb.musin.de\/wordpress\/#organization\"},\"potentialAction\":[{\"@type\":\"SearchAction\",\"target\":{\"@type\":\"EntryPoint\",\"urlTemplate\":\"https:\/\/rsb.musin.de\/wordpress\/?s={search_term_string}\"},\"query-input\":{\"@type\":\"PropertyValueSpecification\",\"valueRequired\":true,\"valueName\":\"search_term_string\"}}],\"inLanguage\":\"de\"},{\"@type\":\"Organization\",\"@id\":\"https:\/\/rsb.musin.de\/wordpress\/#organization\",\"name\":\"Realschule an der Blutenburg\",\"url\":\"https:\/\/rsb.musin.de\/wordpress\/\",\"logo\":{\"@type\":\"ImageObject\",\"inLanguage\":\"de\",\"@id\":\"https:\/\/rsb.musin.de\/wordpress\/#\/schema\/logo\/image\/\",\"url\":\"http:\/\/www.rsb.musin.de\/wordpress\/wp-content\/uploads\/2022\/01\/favicon.png\",\"contentUrl\":\"http:\/\/www.rsb.musin.de\/wordpress\/wp-content\/uploads\/2022\/01\/favicon.png\",\"width\":180,\"height\":180,\"caption\":\"Realschule an der Blutenburg\"},\"image\":{\"@id\":\"https:\/\/rsb.musin.de\/wordpress\/#\/schema\/logo\/image\/\"}}]}<\/script>\n<!-- \/ Yoast SEO plugin. -->","yoast_head_json":{"title":"Blutenburg - Realschule an der Blutenburg","robots":{"index":"index","follow":"follow","max-snippet":"max-snippet:-1","max-image-preview":"max-image-preview:large","max-video-preview":"max-video-preview:-1"},"canonical":"https:\/\/rsb.musin.de\/wordpress\/schulprofil\/","og_locale":"de_DE","og_type":"article","og_title":"Blutenburg - Realschule an der Blutenburg","og_description":"F\u00fcr die Erholungssuchenden im M\u00fcnchner Westen ist die Blutenburg ein beliebtes Ausflugsziel. Dieser an der W\u00fcrm gelegene ehemalige Herrschaftssitz hat eine wechselvolle Geschichte hinter sich gebracht. 1425 wird der landesherrliche Sitz in der N\u00e4he des Dorfes Menzing zum ersten Mal archivarisch erfasst. &#8220;zu Blytenburg&#8221; wird der befestigte Sitz bezeichnet. Der Name deutet auf die sch\u00f6ne [&hellip;]","og_url":"https:\/\/rsb.musin.de\/wordpress\/schulprofil\/","og_site_name":"Realschule an der Blutenburg","og_image":[{"width":640,"height":480,"url":"https:\/\/rsb.musin.de\/wordpress\/wp-content\/uploads\/2012\/10\/IMG_0323.jpg","type":"image\/jpeg"}],"twitter_card":"summary_large_image","twitter_misc":{"Gesch\u00e4tzte Lesezeit":"2\u00a0Minuten"},"schema":{"@context":"https:\/\/schema.org","@graph":[{"@type":"WebPage","@id":"https:\/\/rsb.musin.de\/wordpress\/schulprofil\/","url":"https:\/\/rsb.musin.de\/wordpress\/schulprofil\/","name":"Blutenburg - Realschule an der Blutenburg","isPartOf":{"@id":"https:\/\/rsb.musin.de\/wordpress\/#website"},"primaryImageOfPage":{"@id":"https:\/\/rsb.musin.de\/wordpress\/schulprofil\/#primaryimage"},"image":{"@id":"https:\/\/rsb.musin.de\/wordpress\/schulprofil\/#primaryimage"},"thumbnailUrl":"https:\/\/rsb.musin.de\/wordpress\/wp-content\/uploads\/2012\/10\/IMG_0323.jpg","datePublished":"2012-10-16T12:12:15+00:00","breadcrumb":{"@id":"https:\/\/rsb.musin.de\/wordpress\/schulprofil\/#breadcrumb"},"inLanguage":"de","potentialAction":[{"@type":"ReadAction","target":["https:\/\/rsb.musin.de\/wordpress\/schulprofil\/"]}]},{"@type":"ImageObject","inLanguage":"de","@id":"https:\/\/rsb.musin.de\/wordpress\/schulprofil\/#primaryimage","url":"https:\/\/rsb.musin.de\/wordpress\/wp-content\/uploads\/2012\/10\/IMG_0323.jpg","contentUrl":"https:\/\/rsb.musin.de\/wordpress\/wp-content\/uploads\/2012\/10\/IMG_0323.jpg","width":640,"height":480,"caption":"IMG 0323"},{"@type":"BreadcrumbList","@id":"https:\/\/rsb.musin.de\/wordpress\/schulprofil\/#breadcrumb","itemListElement":[{"@type":"ListItem","position":1,"name":"Startseite","item":"https:\/\/rsb.musin.de\/wordpress\/"},{"@type":"ListItem","position":2,"name":"Blutenburg"}]},{"@type":"WebSite","@id":"https:\/\/rsb.musin.de\/wordpress\/#website","url":"https:\/\/rsb.musin.de\/wordpress\/","name":"Realschule an der Blutenburg","description":"Realschule im M\u00fcnchner Westen","publisher":{"@id":"https:\/\/rsb.musin.de\/wordpress\/#organization"},"potentialAction":[{"@type":"SearchAction","target":{"@type":"EntryPoint","urlTemplate":"https:\/\/rsb.musin.de\/wordpress\/?s={search_term_string}"},"query-input":{"@type":"PropertyValueSpecification","valueRequired":true,"valueName":"search_term_string"}}],"inLanguage":"de"},{"@type":"Organization","@id":"https:\/\/rsb.musin.de\/wordpress\/#organization","name":"Realschule an der Blutenburg","url":"https:\/\/rsb.musin.de\/wordpress\/","logo":{"@type":"ImageObject","inLanguage":"de","@id":"https:\/\/rsb.musin.de\/wordpress\/#\/schema\/logo\/image\/","url":"http:\/\/www.rsb.musin.de\/wordpress\/wp-content\/uploads\/2022\/01\/favicon.png","contentUrl":"http:\/\/www.rsb.musin.de\/wordpress\/wp-content\/uploads\/2022\/01\/favicon.png","width":180,"height":180,"caption":"Realschule an der Blutenburg"},"image":{"@id":"https:\/\/rsb.musin.de\/wordpress\/#\/schema\/logo\/image\/"}}]}},"_links":{"self":[{"href":"https:\/\/rsb.musin.de\/wordpress\/wp-json\/wp\/v2\/pages\/103","targetHints":{"allow":["GET"]}}],"collection":[{"href":"https:\/\/rsb.musin.de\/wordpress\/wp-json\/wp\/v2\/pages"}],"about":[{"href":"https:\/\/rsb.musin.de\/wordpress\/wp-json\/wp\/v2\/types\/page"}],"author":[{"embeddable":true,"href":"https:\/\/rsb.musin.de\/wordpress\/wp-json\/wp\/v2\/users\/1"}],"replies":[{"embeddable":true,"href":"https:\/\/rsb.musin.de\/wordpress\/wp-json\/wp\/v2\/comments?post=103"}],"version-history":[{"count":0,"href":"https:\/\/rsb.musin.de\/wordpress\/wp-json\/wp\/v2\/pages\/103\/revisions"}],"wp:featuredmedia":[{"embeddable":true,"href":"https:\/\/rsb.musin.de\/wordpress\/wp-json\/wp\/v2\/media\/102"}],"wp:attachment":[{"href":"https:\/\/rsb.musin.de\/wordpress\/wp-json\/wp\/v2\/media?parent=103"}],"curies":[{"name":"wp","href":"https:\/\/api.w.org\/{rel}","templated":true}]}}