{"id":116,"date":"2012-10-16T14:15:40","date_gmt":"2012-10-16T12:15:40","guid":{"rendered":"http:\/\/www.rsb.musin.de\/wordpress\/anfahrt\/"},"modified":"2024-11-18T20:57:36","modified_gmt":"2024-11-18T19:57:36","slug":"anfahrt","status":"publish","type":"page","link":"https:\/\/rsb.musin.de\/wordpress\/anfahrt\/","title":{"rendered":"Anfahrt"},"content":{"rendered":"\t\t<div data-elementor-type=\"wp-page\" data-elementor-id=\"116\" class=\"elementor elementor-116\">\n\t\t\t\t\t\t<section class=\"elementor-section elementor-top-section elementor-element elementor-element-c835ada elementor-section-boxed elementor-section-height-default elementor-section-height-default\" data-id=\"c835ada\" data-element_type=\"section\">\n\t\t\t\t\t\t<div class=\"elementor-container elementor-column-gap-default\">\n\t\t\t\t\t<div class=\"elementor-column elementor-col-100 elementor-top-column elementor-element elementor-element-13ba435\" data-id=\"13ba435\" data-element_type=\"column\">\n\t\t\t<div class=\"elementor-widget-wrap elementor-element-populated\">\n\t\t\t\t\t\t<div class=\"elementor-element elementor-element-a72e05d elementor-widget elementor-widget-spacer\" data-id=\"a72e05d\" data-element_type=\"widget\" data-widget_type=\"spacer.default\">\n\t\t\t\t<div class=\"elementor-widget-container\">\n\t\t\t\t\t\t\t<div class=\"elementor-spacer\">\n\t\t\t<div class=\"elementor-spacer-inner\"><\/div>\n\t\t<\/div>\n\t\t\t\t\t\t<\/div>\n\t\t\t\t<\/div>\n\t\t\t\t\t<\/div>\n\t\t<\/div>\n\t\t\t\t\t<\/div>\n\t\t<\/section>\n\t\t\t\t<section class=\"elementor-section elementor-top-section elementor-element elementor-element-238e4622 elementor-section-height-full elementor-section-items-stretch elementor-section-boxed elementor-section-height-default\" data-id=\"238e4622\" data-element_type=\"section\" data-settings=\"{&quot;background_background&quot;:&quot;classic&quot;}\">\n\t\t\t\t\t\t\t<div class=\"elementor-background-overlay\"><\/div>\n\t\t\t\t\t\t\t<div class=\"elementor-container elementor-column-gap-no\">\n\t\t\t\t\t<div class=\"elementor-column elementor-col-50 elementor-top-column elementor-element elementor-element-6478f48a\" data-id=\"6478f48a\" data-element_type=\"column\" data-settings=\"{&quot;background_background&quot;:&quot;classic&quot;}\">\n\t\t\t<div class=\"elementor-widget-wrap elementor-element-populated\">\n\t\t\t\t\t\t<div class=\"elementor-element elementor-element-4a8b8cc elementor-widget elementor-widget-spacer\" data-id=\"4a8b8cc\" data-element_type=\"widget\" data-widget_type=\"spacer.default\">\n\t\t\t\t<div class=\"elementor-widget-container\">\n\t\t\t\t\t\t\t<div class=\"elementor-spacer\">\n\t\t\t<div class=\"elementor-spacer-inner\"><\/div>\n\t\t<\/div>\n\t\t\t\t\t\t<\/div>\n\t\t\t\t<\/div>\n\t\t\t\t<div class=\"elementor-element elementor-element-76fd7ac4 elementor-invisible elementor-widget elementor-widget-image\" data-id=\"76fd7ac4\" data-element_type=\"widget\" data-settings=\"{&quot;_animation&quot;:&quot;fadeInUp&quot;}\" data-widget_type=\"image.default\">\n\t\t\t\t<div class=\"elementor-widget-container\">\n\t\t\t\t\t\t\t\t\t\t\t\t\t\t\t<img decoding=\"async\" width=\"120\" height=\"120\" src=\"https:\/\/rsb.musin.de\/wordpress\/wp-content\/uploads\/2022\/01\/ico-service.png\" class=\"attachment-full size-full wp-image-1631\" alt=\"\" \/>\t\t\t\t\t\t\t\t\t\t\t\t\t\t\t<\/div>\n\t\t\t\t<\/div>\n\t\t\t\t<div class=\"elementor-element elementor-element-42f057c6 elementor-invisible elementor-widget elementor-widget-heading\" data-id=\"42f057c6\" data-element_type=\"widget\" data-settings=\"{&quot;_animation&quot;:&quot;fadeInUp&quot;,&quot;_animation_delay&quot;:300}\" data-widget_type=\"heading.default\">\n\t\t\t\t<div class=\"elementor-widget-container\">\n\t\t\t\t\t<h1 class=\"elementor-heading-title elementor-size-default\">So finden Sie uns:<\/h1>\t\t\t\t<\/div>\n\t\t\t\t<\/div>\n\t\t\t\t<section class=\"elementor-section elementor-inner-section elementor-element elementor-element-e3d9696 elementor-section-boxed elementor-section-height-default elementor-section-height-default\" data-id=\"e3d9696\" data-element_type=\"section\">\n\t\t\t\t\t\t<div class=\"elementor-container elementor-column-gap-wider\">\n\t\t\t\t\t<div class=\"elementor-column elementor-col-100 elementor-inner-column elementor-element elementor-element-7d4e719\" data-id=\"7d4e719\" data-element_type=\"column\">\n\t\t\t<div class=\"elementor-widget-wrap elementor-element-populated\">\n\t\t\t\t\t\t<div class=\"elementor-element elementor-element-b969412 elementor-view-default elementor-position-block-start elementor-mobile-position-block-start elementor-widget elementor-widget-icon-box\" data-id=\"b969412\" data-element_type=\"widget\" data-widget_type=\"icon-box.default\">\n\t\t\t\t<div class=\"elementor-widget-container\">\n\t\t\t\t\t\t\t<div class=\"elementor-icon-box-wrapper\">\n\n\t\t\t\t\t\t<div class=\"elementor-icon-box-icon\">\n\t\t\t\t<span  class=\"elementor-icon\">\n\t\t\t\t<i aria-hidden=\"true\" class=\"fas fa-map-marker-alt\"><\/i>\t\t\t\t<\/span>\n\t\t\t<\/div>\n\t\t\t\n\t\t\t\t\t\t<div class=\"elementor-icon-box-content\">\n\n\t\t\t\t\t\t\t\t\t<h3 class=\"elementor-icon-box-title\">\n\t\t\t\t\t\t<span  >\n\t\t\t\t\t\t\tAdresse:\t\t\t\t\t\t<\/span>\n\t\t\t\t\t<\/h3>\n\t\t\t\t\n\t\t\t\t\t\t\t\t\t<p class=\"elementor-icon-box-description\">\n\t\t\t\t\t\tSt\u00e4dtische Realschule an der Blutenburg\nGrandlstra\u00dfe 5\n81247 M\u00fcnchen\t\t\t\t\t<\/p>\n\t\t\t\t\n\t\t\t<\/div>\n\t\t\t\n\t\t<\/div>\n\t\t\t\t\t\t<\/div>\n\t\t\t\t<\/div>\n\t\t\t\t<div class=\"elementor-element elementor-element-bda793a elementor-widget elementor-widget-spacer\" data-id=\"bda793a\" data-element_type=\"widget\" data-widget_type=\"spacer.default\">\n\t\t\t\t<div class=\"elementor-widget-container\">\n\t\t\t\t\t\t\t<div class=\"elementor-spacer\">\n\t\t\t<div class=\"elementor-spacer-inner\"><\/div>\n\t\t<\/div>\n\t\t\t\t\t\t<\/div>\n\t\t\t\t<\/div>\n\t\t\t\t<div class=\"elementor-element elementor-element-48172d5 elementor-view-default elementor-position-block-start elementor-mobile-position-block-start elementor-widget elementor-widget-icon-box\" data-id=\"48172d5\" data-element_type=\"widget\" data-widget_type=\"icon-box.default\">\n\t\t\t\t<div class=\"elementor-widget-container\">\n\t\t\t\t\t\t\t<div class=\"elementor-icon-box-wrapper\">\n\n\t\t\t\t\t\t<div class=\"elementor-icon-box-icon\">\n\t\t\t\t<a href=\"https:\/\/efa.mvv-muenchen.de\/index.html?name_origin=&#038;name_destination=poiID%3A40003442%3A9162000%3A1%3ASt\u00e4dtische%20Realschule%20an%20der%20Blutenburg%3AM\u00fcnchen%3ASt\u00e4dtische%20Realschule%20an%20der%20Blutenburg%3AANY%3APOI%3A1276076%3A5865885%3AMRCV%3Abay&#038;itdDate=20241118&#038;itdTime=2050&#038;language=de&#038;itdTripDateTimeDepArr=dep#stoptimetables@refine\" class=\"elementor-icon\" tabindex=\"-1\" aria-label=\"\u00d6ffentliche Verkehrsmittel:\">\n\t\t\t\t<i aria-hidden=\"true\" class=\"fas fa-train\"><\/i>\t\t\t\t<\/a>\n\t\t\t<\/div>\n\t\t\t\n\t\t\t\t\t\t<div class=\"elementor-icon-box-content\">\n\n\t\t\t\t\t\t\t\t\t<h3 class=\"elementor-icon-box-title\">\n\t\t\t\t\t\t<a href=\"https:\/\/efa.mvv-muenchen.de\/index.html?name_origin=&#038;name_destination=poiID%3A40003442%3A9162000%3A1%3ASt\u00e4dtische%20Realschule%20an%20der%20Blutenburg%3AM\u00fcnchen%3ASt\u00e4dtische%20Realschule%20an%20der%20Blutenburg%3AANY%3APOI%3A1276076%3A5865885%3AMRCV%3Abay&#038;itdDate=20241118&#038;itdTime=2050&#038;language=de&#038;itdTripDateTimeDepArr=dep#stoptimetables@refine\" >\n\t\t\t\t\t\t\t\u00d6ffentliche Verkehrsmittel:\t\t\t\t\t\t<\/a>\n\t\t\t\t\t<\/h3>\n\t\t\t\t\n\t\t\t\t\t\t\t\t\t<p class=\"elementor-icon-box-description\">\n\t\t\t\t\t\t<a href=\"https:\/\/efa.mvv-muenchen.de\/index.html?name_origin=&amp;name_destination=poiID%3A40003442%3A9162000%3A1%3ASt%C3%A4dtische%20Realschule%20an%20der%20Blutenburg%3AM%C3%BCnchen%3ASt%C3%A4dtische%20Realschule%20an%20der%20Blutenburg%3AANY%3APOI%3A1276076%3A5865885%3AMRCV%3Abay&amp;itdDate=20241118&amp;itdTime=2050&amp;language=de&amp;itdTripDateTimeDepArr=dep#trip@dest\" style=\"font-style: normal;white-space: normal\"><br>Anfahrt via MVV<\/a>\n\t\t\t\t\t<\/p>\n\t\t\t\t\n\t\t\t<\/div>\n\t\t\t\n\t\t<\/div>\n\t\t\t\t\t\t<\/div>\n\t\t\t\t<\/div>\n\t\t\t\t<div class=\"elementor-element elementor-element-ac53ca3 elementor-widget elementor-widget-spacer\" data-id=\"ac53ca3\" data-element_type=\"widget\" data-widget_type=\"spacer.default\">\n\t\t\t\t<div class=\"elementor-widget-container\">\n\t\t\t\t\t\t\t<div class=\"elementor-spacer\">\n\t\t\t<div class=\"elementor-spacer-inner\"><\/div>\n\t\t<\/div>\n\t\t\t\t\t\t<\/div>\n\t\t\t\t<\/div>\n\t\t\t\t<div class=\"elementor-element elementor-element-f9c0e7a elementor-view-default elementor-position-block-start elementor-mobile-position-block-start elementor-widget elementor-widget-icon-box\" data-id=\"f9c0e7a\" data-element_type=\"widget\" data-widget_type=\"icon-box.default\">\n\t\t\t\t<div class=\"elementor-widget-container\">\n\t\t\t\t\t\t\t<div class=\"elementor-icon-box-wrapper\">\n\n\t\t\t\t\t\t<div class=\"elementor-icon-box-icon\">\n\t\t\t\t<span  class=\"elementor-icon\">\n\t\t\t\t<i aria-hidden=\"true\" class=\"fas fa-car-alt\"><\/i>\t\t\t\t<\/span>\n\t\t\t<\/div>\n\t\t\t\n\t\t\t\t\t\t<div class=\"elementor-icon-box-content\">\n\n\t\t\t\t\t\t\t\t\t<h3 class=\"elementor-icon-box-title\">\n\t\t\t\t\t\t<span  >\n\t\t\t\t\t\t\tRoute per Maps:\t\t\t\t\t\t<\/span>\n\t\t\t\t\t<\/h3>\n\t\t\t\t\n\t\t\t\t\t\t\t\t\t<p class=\"elementor-icon-box-description\">\n\t\t\t\t\t\t<a href=\"https:\/\/maps.google.de\/maps?q=maps+grandlstr+5&amp;ie=UTF8&amp;hq=&amp;hnear=Grandlstra\u00dfe+5,+Pasing+-+Obermenzing+81247+M\u00fcnchen&amp;gl=de&amp;ll=48.16361,11.46312&amp;spn=0.007228,0.011544&amp;t=m&amp;z=14&amp;source=embed\" target=\"_blank\" rel=\"noopener\" style=\"font-style: normal;white-space: normal\"><br>Anfahrt (Google-Maps)<\/a>\t\t\t\t\t<\/p>\n\t\t\t\t\n\t\t\t<\/div>\n\t\t\t\n\t\t<\/div>\n\t\t\t\t\t\t<\/div>\n\t\t\t\t<\/div>\n\t\t\t\t\t<\/div>\n\t\t<\/div>\n\t\t\t\t\t<\/div>\n\t\t<\/section>\n\t\t\t\t<section class=\"elementor-section elementor-inner-section elementor-element elementor-element-1912af81 elementor-section-boxed elementor-section-height-default elementor-section-height-default\" data-id=\"1912af81\" data-element_type=\"section\">\n\t\t\t\t\t\t<div class=\"elementor-container elementor-column-gap-wider\">\n\t\t\t\t\t<div class=\"elementor-column elementor-col-50 elementor-inner-column elementor-element elementor-element-6d9a3a42\" data-id=\"6d9a3a42\" data-element_type=\"column\">\n\t\t\t<div class=\"elementor-widget-wrap elementor-element-populated\">\n\t\t\t\t\t\t<div class=\"elementor-element elementor-element-2bdadd1f elementor-view-default elementor-position-block-start elementor-mobile-position-block-start elementor-widget elementor-widget-icon-box\" data-id=\"2bdadd1f\" data-element_type=\"widget\" data-widget_type=\"icon-box.default\">\n\t\t\t\t<div class=\"elementor-widget-container\">\n\t\t\t\t\t\t\t<div class=\"elementor-icon-box-wrapper\">\n\n\t\t\t\t\t\t<div class=\"elementor-icon-box-icon\">\n\t\t\t\t<a href=\"tel:08986389390\" class=\"elementor-icon\" tabindex=\"-1\" aria-label=\"Telefon\">\n\t\t\t\t<i aria-hidden=\"true\" class=\"fas fa-phone\"><\/i>\t\t\t\t<\/a>\n\t\t\t<\/div>\n\t\t\t\n\t\t\t\t\t\t<div class=\"elementor-icon-box-content\">\n\n\t\t\t\t\t\t\t\t\t<h3 class=\"elementor-icon-box-title\">\n\t\t\t\t\t\t<a href=\"tel:08986389390\" >\n\t\t\t\t\t\t\tTelefon\t\t\t\t\t\t<\/a>\n\t\t\t\t\t<\/h3>\n\t\t\t\t\n\t\t\t\t\t\t\t\t\t<p class=\"elementor-icon-box-description\">\n\t\t\t\t\t\t(089) 863 89 39 0\t\t\t\t\t<\/p>\n\t\t\t\t\n\t\t\t<\/div>\n\t\t\t\n\t\t<\/div>\n\t\t\t\t\t\t<\/div>\n\t\t\t\t<\/div>\n\t\t\t\t\t<\/div>\n\t\t<\/div>\n\t\t\t\t<div class=\"elementor-column elementor-col-50 elementor-inner-column elementor-element elementor-element-20eb0973\" data-id=\"20eb0973\" data-element_type=\"column\">\n\t\t\t<div class=\"elementor-widget-wrap elementor-element-populated\">\n\t\t\t\t\t\t<div class=\"elementor-element elementor-element-d434c74 elementor-view-default elementor-position-block-start elementor-mobile-position-block-start elementor-widget elementor-widget-icon-box\" data-id=\"d434c74\" data-element_type=\"widget\" data-widget_type=\"icon-box.default\">\n\t\t\t\t<div class=\"elementor-widget-container\">\n\t\t\t\t\t\t\t<div class=\"elementor-icon-box-wrapper\">\n\n\t\t\t\t\t\t<div class=\"elementor-icon-box-icon\">\n\t\t\t\t<a href=\"http:\/\/realschule-an-der-blutenburg@muenchen.de\" target=\"_blank\" class=\"elementor-icon\" tabindex=\"-1\" aria-label=\"E-mail\">\n\t\t\t\t<i aria-hidden=\"true\" class=\"far fa-envelope\"><\/i>\t\t\t\t<\/a>\n\t\t\t<\/div>\n\t\t\t\n\t\t\t\t\t\t<div class=\"elementor-icon-box-content\">\n\n\t\t\t\t\t\t\t\t\t<h3 class=\"elementor-icon-box-title\">\n\t\t\t\t\t\t<a href=\"http:\/\/realschule-an-der-blutenburg@muenchen.de\" target=\"_blank\" >\n\t\t\t\t\t\t\tE-mail\t\t\t\t\t\t<\/a>\n\t\t\t\t\t<\/h3>\n\t\t\t\t\n\t\t\t\t\t\t\t\t\t<p class=\"elementor-icon-box-description\">\n\t\t\t\t\t\trealschule-an-der-blutenburg@muenchen.de\t\t\t\t\t<\/p>\n\t\t\t\t\n\t\t\t<\/div>\n\t\t\t\n\t\t<\/div>\n\t\t\t\t\t\t<\/div>\n\t\t\t\t<\/div>\n\t\t\t\t\t<\/div>\n\t\t<\/div>\n\t\t\t\t\t<\/div>\n\t\t<\/section>\n\t\t\t\t\t<\/div>\n\t\t<\/div>\n\t\t\t\t<div class=\"elementor-column elementor-col-50 elementor-top-column elementor-element elementor-element-3fa0af31\" data-id=\"3fa0af31\" data-element_type=\"column\">\n\t\t\t<div class=\"elementor-widget-wrap elementor-element-populated\">\n\t\t\t\t\t\t<div class=\"elementor-element elementor-element-14fb1703 elementor-widget elementor-widget-google_maps\" data-id=\"14fb1703\" data-element_type=\"widget\" data-widget_type=\"google_maps.default\">\n\t\t\t\t<div class=\"elementor-widget-container\">\n\t\t\t\t\t\t\t<div class=\"elementor-custom-embed\">\n\t\t\t<iframe loading=\"lazy\"\n\t\t\t\t\tsrc=\"https:\/\/maps.google.com\/maps?q=Grandlstr.%205%20M%C3%BCnchen&#038;t=m&#038;z=15&#038;output=embed&#038;iwloc=near\"\n\t\t\t\t\ttitle=\"Grandlstr. 5 M\u00fcnchen\"\n\t\t\t\t\taria-label=\"Grandlstr. 5 M\u00fcnchen\"\n\t\t\t><\/iframe>\n\t\t<\/div>\n\t\t\t\t\t\t<\/div>\n\t\t\t\t<\/div>\n\t\t\t\t\t<\/div>\n\t\t<\/div>\n\t\t\t\t\t<\/div>\n\t\t<\/section>\n\t\t\t\t<\/div>\n\t\t","protected":false},"excerpt":{"rendered":"<p>So finden Sie uns: Adresse: St\u00e4dtische Realschule an der Blutenburg Grandlstra\u00dfe 5 81247 M\u00fcnchen \u00d6ffentliche Verkehrsmittel: Anfahrt via MVV Route per Maps: Anfahrt (Google-Maps) Telefon (089) 863 89 39 0 E-mail realschule-an-der-blutenburg@muenchen.de<\/p>\n","protected":false},"author":1,"featured_media":113,"parent":0,"menu_order":7,"comment_status":"closed","ping_status":"closed","template":"","meta":{"ocean_post_layout":"","ocean_both_sidebars_style":"","ocean_both_sidebars_content_width":0,"ocean_both_sidebars_sidebars_width":0,"ocean_sidebar":"","ocean_second_sidebar":"","ocean_disable_margins":"enable","ocean_add_body_class":"","ocean_shortcode_before_top_bar":"","ocean_shortcode_after_top_bar":"","ocean_shortcode_before_header":"","ocean_shortcode_after_header":"","ocean_has_shortcode":"","ocean_shortcode_after_title":"","ocean_shortcode_before_footer_widgets":"","ocean_shortcode_after_footer_widgets":"","ocean_shortcode_before_footer_bottom":"","ocean_shortcode_after_footer_bottom":"","ocean_display_top_bar":"default","ocean_display_header":"default","ocean_header_style":"","ocean_center_header_left_menu":"","ocean_custom_header_template":"","ocean_custom_logo":0,"ocean_custom_retina_logo":0,"ocean_custom_logo_max_width":0,"ocean_custom_logo_tablet_max_width":0,"ocean_custom_logo_mobile_max_width":0,"ocean_custom_logo_max_height":0,"ocean_custom_logo_tablet_max_height":0,"ocean_custom_logo_mobile_max_height":0,"ocean_header_custom_menu":"","ocean_menu_typo_font_family":"","ocean_menu_typo_font_subset":"","ocean_menu_typo_font_size":0,"ocean_menu_typo_font_size_tablet":0,"ocean_menu_typo_font_size_mobile":0,"ocean_menu_typo_font_size_unit":"px","ocean_menu_typo_font_weight":"","ocean_menu_typo_font_weight_tablet":"","ocean_menu_typo_font_weight_mobile":"","ocean_menu_typo_transform":"","ocean_menu_typo_transform_tablet":"","ocean_menu_typo_transform_mobile":"","ocean_menu_typo_line_height":0,"ocean_menu_typo_line_height_tablet":0,"ocean_menu_typo_line_height_mobile":0,"ocean_menu_typo_line_height_unit":"","ocean_menu_typo_spacing":0,"ocean_menu_typo_spacing_tablet":0,"ocean_menu_typo_spacing_mobile":0,"ocean_menu_typo_spacing_unit":"","ocean_menu_link_color":"","ocean_menu_link_color_hover":"","ocean_menu_link_color_active":"","ocean_menu_link_background":"","ocean_menu_link_hover_background":"","ocean_menu_link_active_background":"","ocean_menu_social_links_bg":"","ocean_menu_social_hover_links_bg":"","ocean_menu_social_links_color":"","ocean_menu_social_hover_links_color":"","ocean_disable_title":"default","ocean_disable_heading":"default","ocean_post_title":"","ocean_post_subheading":"","ocean_post_title_style":"","ocean_post_title_background_color":"","ocean_post_title_background":0,"ocean_post_title_bg_image_position":"","ocean_post_title_bg_image_attachment":"","ocean_post_title_bg_image_repeat":"","ocean_post_title_bg_image_size":"","ocean_post_title_height":0,"ocean_post_title_bg_overlay":0.5,"ocean_post_title_bg_overlay_color":"","ocean_disable_breadcrumbs":"default","ocean_breadcrumbs_color":"","ocean_breadcrumbs_separator_color":"","ocean_breadcrumbs_links_color":"","ocean_breadcrumbs_links_hover_color":"","ocean_display_footer_widgets":"default","ocean_display_footer_bottom":"default","ocean_custom_footer_template":"","footnotes":""},"class_list":["post-116","page","type-page","status-publish","has-post-thumbnail","hentry","entry","has-media"],"yoast_head":"<!-- This site is optimized with the Yoast SEO plugin v26.7 - https:\/\/yoast.com\/wordpress\/plugins\/seo\/ -->\n<title>Anfahrt - Realschule an der Blutenburg<\/title>\n<meta name=\"robots\" content=\"index, follow, max-snippet:-1, max-image-preview:large, max-video-preview:-1\" \/>\n<link rel=\"canonical\" href=\"https:\/\/rsb.musin.de\/wordpress\/anfahrt\/\" \/>\n<meta property=\"og:locale\" content=\"de_DE\" \/>\n<meta property=\"og:type\" content=\"article\" \/>\n<meta property=\"og:title\" content=\"Anfahrt - Realschule an der Blutenburg\" \/>\n<meta property=\"og:description\" content=\"So finden Sie uns: Adresse: St\u00e4dtische Realschule an der Blutenburg Grandlstra\u00dfe 5 81247 M\u00fcnchen \u00d6ffentliche Verkehrsmittel: Anfahrt via MVV Route per Maps: Anfahrt (Google-Maps) Telefon (089) 863 89 39 0 E-mail realschule-an-der-blutenburg@muenchen.de\" \/>\n<meta property=\"og:url\" content=\"https:\/\/rsb.musin.de\/wordpress\/anfahrt\/\" \/>\n<meta property=\"og:site_name\" content=\"Realschule an der Blutenburg\" \/>\n<meta property=\"article:modified_time\" content=\"2024-11-18T19:57:36+00:00\" \/>\n<meta property=\"og:image\" content=\"https:\/\/rsb.musin.de\/wordpress\/wp-content\/uploads\/2012\/10\/Anfahrt.jpg\" \/>\n\t<meta property=\"og:image:width\" content=\"1340\" \/>\n\t<meta property=\"og:image:height\" content=\"815\" \/>\n\t<meta property=\"og:image:type\" content=\"image\/jpeg\" \/>\n<meta name=\"twitter:card\" content=\"summary_large_image\" \/>\n<meta name=\"twitter:label1\" content=\"Gesch\u00e4tzte Lesezeit\" \/>\n\t<meta name=\"twitter:data1\" content=\"1\u00a0Minute\" \/>\n<script type=\"application\/ld+json\" class=\"yoast-schema-graph\">{\"@context\":\"https:\/\/schema.org\",\"@graph\":[{\"@type\":\"WebPage\",\"@id\":\"https:\/\/rsb.musin.de\/wordpress\/anfahrt\/\",\"url\":\"https:\/\/rsb.musin.de\/wordpress\/anfahrt\/\",\"name\":\"Anfahrt - Realschule an der Blutenburg\",\"isPartOf\":{\"@id\":\"https:\/\/rsb.musin.de\/wordpress\/#website\"},\"primaryImageOfPage\":{\"@id\":\"https:\/\/rsb.musin.de\/wordpress\/anfahrt\/#primaryimage\"},\"image\":{\"@id\":\"https:\/\/rsb.musin.de\/wordpress\/anfahrt\/#primaryimage\"},\"thumbnailUrl\":\"https:\/\/rsb.musin.de\/wordpress\/wp-content\/uploads\/2012\/10\/Anfahrt.jpg\",\"datePublished\":\"2012-10-16T12:15:40+00:00\",\"dateModified\":\"2024-11-18T19:57:36+00:00\",\"breadcrumb\":{\"@id\":\"https:\/\/rsb.musin.de\/wordpress\/anfahrt\/#breadcrumb\"},\"inLanguage\":\"de\",\"potentialAction\":[{\"@type\":\"ReadAction\",\"target\":[\"https:\/\/rsb.musin.de\/wordpress\/anfahrt\/\"]}]},{\"@type\":\"ImageObject\",\"inLanguage\":\"de\",\"@id\":\"https:\/\/rsb.musin.de\/wordpress\/anfahrt\/#primaryimage\",\"url\":\"https:\/\/rsb.musin.de\/wordpress\/wp-content\/uploads\/2012\/10\/Anfahrt.jpg\",\"contentUrl\":\"https:\/\/rsb.musin.de\/wordpress\/wp-content\/uploads\/2012\/10\/Anfahrt.jpg\",\"width\":1340,\"height\":815,\"caption\":\"Anfahrt\"},{\"@type\":\"BreadcrumbList\",\"@id\":\"https:\/\/rsb.musin.de\/wordpress\/anfahrt\/#breadcrumb\",\"itemListElement\":[{\"@type\":\"ListItem\",\"position\":1,\"name\":\"Startseite\",\"item\":\"https:\/\/rsb.musin.de\/wordpress\/\"},{\"@type\":\"ListItem\",\"position\":2,\"name\":\"Anfahrt\"}]},{\"@type\":\"WebSite\",\"@id\":\"https:\/\/rsb.musin.de\/wordpress\/#website\",\"url\":\"https:\/\/rsb.musin.de\/wordpress\/\",\"name\":\"Realschule an der Blutenburg\",\"description\":\"Realschule im M\u00fcnchner Westen\",\"publisher\":{\"@id\":\"https:\/\/rsb.musin.de\/wordpress\/#organization\"},\"potentialAction\":[{\"@type\":\"SearchAction\",\"target\":{\"@type\":\"EntryPoint\",\"urlTemplate\":\"https:\/\/rsb.musin.de\/wordpress\/?s={search_term_string}\"},\"query-input\":{\"@type\":\"PropertyValueSpecification\",\"valueRequired\":true,\"valueName\":\"search_term_string\"}}],\"inLanguage\":\"de\"},{\"@type\":\"Organization\",\"@id\":\"https:\/\/rsb.musin.de\/wordpress\/#organization\",\"name\":\"Realschule an der Blutenburg\",\"url\":\"https:\/\/rsb.musin.de\/wordpress\/\",\"logo\":{\"@type\":\"ImageObject\",\"inLanguage\":\"de\",\"@id\":\"https:\/\/rsb.musin.de\/wordpress\/#\/schema\/logo\/image\/\",\"url\":\"http:\/\/www.rsb.musin.de\/wordpress\/wp-content\/uploads\/2022\/01\/favicon.png\",\"contentUrl\":\"http:\/\/www.rsb.musin.de\/wordpress\/wp-content\/uploads\/2022\/01\/favicon.png\",\"width\":180,\"height\":180,\"caption\":\"Realschule an der Blutenburg\"},\"image\":{\"@id\":\"https:\/\/rsb.musin.de\/wordpress\/#\/schema\/logo\/image\/\"}}]}<\/script>\n<!-- \/ Yoast SEO plugin. -->","yoast_head_json":{"title":"Anfahrt - Realschule an der Blutenburg","robots":{"index":"index","follow":"follow","max-snippet":"max-snippet:-1","max-image-preview":"max-image-preview:large","max-video-preview":"max-video-preview:-1"},"canonical":"https:\/\/rsb.musin.de\/wordpress\/anfahrt\/","og_locale":"de_DE","og_type":"article","og_title":"Anfahrt - Realschule an der Blutenburg","og_description":"So finden Sie uns: Adresse: St\u00e4dtische Realschule an der Blutenburg Grandlstra\u00dfe 5 81247 M\u00fcnchen \u00d6ffentliche Verkehrsmittel: Anfahrt via MVV Route per Maps: Anfahrt (Google-Maps) Telefon (089) 863 89 39 0 E-mail realschule-an-der-blutenburg@muenchen.de","og_url":"https:\/\/rsb.musin.de\/wordpress\/anfahrt\/","og_site_name":"Realschule an der Blutenburg","article_modified_time":"2024-11-18T19:57:36+00:00","og_image":[{"width":1340,"height":815,"url":"https:\/\/rsb.musin.de\/wordpress\/wp-content\/uploads\/2012\/10\/Anfahrt.jpg","type":"image\/jpeg"}],"twitter_card":"summary_large_image","twitter_misc":{"Gesch\u00e4tzte Lesezeit":"1\u00a0Minute"},"schema":{"@context":"https:\/\/schema.org","@graph":[{"@type":"WebPage","@id":"https:\/\/rsb.musin.de\/wordpress\/anfahrt\/","url":"https:\/\/rsb.musin.de\/wordpress\/anfahrt\/","name":"Anfahrt - Realschule an der Blutenburg","isPartOf":{"@id":"https:\/\/rsb.musin.de\/wordpress\/#website"},"primaryImageOfPage":{"@id":"https:\/\/rsb.musin.de\/wordpress\/anfahrt\/#primaryimage"},"image":{"@id":"https:\/\/rsb.musin.de\/wordpress\/anfahrt\/#primaryimage"},"thumbnailUrl":"https:\/\/rsb.musin.de\/wordpress\/wp-content\/uploads\/2012\/10\/Anfahrt.jpg","datePublished":"2012-10-16T12:15:40+00:00","dateModified":"2024-11-18T19:57:36+00:00","breadcrumb":{"@id":"https:\/\/rsb.musin.de\/wordpress\/anfahrt\/#breadcrumb"},"inLanguage":"de","potentialAction":[{"@type":"ReadAction","target":["https:\/\/rsb.musin.de\/wordpress\/anfahrt\/"]}]},{"@type":"ImageObject","inLanguage":"de","@id":"https:\/\/rsb.musin.de\/wordpress\/anfahrt\/#primaryimage","url":"https:\/\/rsb.musin.de\/wordpress\/wp-content\/uploads\/2012\/10\/Anfahrt.jpg","contentUrl":"https:\/\/rsb.musin.de\/wordpress\/wp-content\/uploads\/2012\/10\/Anfahrt.jpg","width":1340,"height":815,"caption":"Anfahrt"},{"@type":"BreadcrumbList","@id":"https:\/\/rsb.musin.de\/wordpress\/anfahrt\/#breadcrumb","itemListElement":[{"@type":"ListItem","position":1,"name":"Startseite","item":"https:\/\/rsb.musin.de\/wordpress\/"},{"@type":"ListItem","position":2,"name":"Anfahrt"}]},{"@type":"WebSite","@id":"https:\/\/rsb.musin.de\/wordpress\/#website","url":"https:\/\/rsb.musin.de\/wordpress\/","name":"Realschule an der Blutenburg","description":"Realschule im M\u00fcnchner Westen","publisher":{"@id":"https:\/\/rsb.musin.de\/wordpress\/#organization"},"potentialAction":[{"@type":"SearchAction","target":{"@type":"EntryPoint","urlTemplate":"https:\/\/rsb.musin.de\/wordpress\/?s={search_term_string}"},"query-input":{"@type":"PropertyValueSpecification","valueRequired":true,"valueName":"search_term_string"}}],"inLanguage":"de"},{"@type":"Organization","@id":"https:\/\/rsb.musin.de\/wordpress\/#organization","name":"Realschule an der Blutenburg","url":"https:\/\/rsb.musin.de\/wordpress\/","logo":{"@type":"ImageObject","inLanguage":"de","@id":"https:\/\/rsb.musin.de\/wordpress\/#\/schema\/logo\/image\/","url":"http:\/\/www.rsb.musin.de\/wordpress\/wp-content\/uploads\/2022\/01\/favicon.png","contentUrl":"http:\/\/www.rsb.musin.de\/wordpress\/wp-content\/uploads\/2022\/01\/favicon.png","width":180,"height":180,"caption":"Realschule an der Blutenburg"},"image":{"@id":"https:\/\/rsb.musin.de\/wordpress\/#\/schema\/logo\/image\/"}}]}},"_links":{"self":[{"href":"https:\/\/rsb.musin.de\/wordpress\/wp-json\/wp\/v2\/pages\/116","targetHints":{"allow":["GET"]}}],"collection":[{"href":"https:\/\/rsb.musin.de\/wordpress\/wp-json\/wp\/v2\/pages"}],"about":[{"href":"https:\/\/rsb.musin.de\/wordpress\/wp-json\/wp\/v2\/types\/page"}],"author":[{"embeddable":true,"href":"https:\/\/rsb.musin.de\/wordpress\/wp-json\/wp\/v2\/users\/1"}],"replies":[{"embeddable":true,"href":"https:\/\/rsb.musin.de\/wordpress\/wp-json\/wp\/v2\/comments?post=116"}],"version-history":[{"count":60,"href":"https:\/\/rsb.musin.de\/wordpress\/wp-json\/wp\/v2\/pages\/116\/revisions"}],"predecessor-version":[{"id":6780,"href":"https:\/\/rsb.musin.de\/wordpress\/wp-json\/wp\/v2\/pages\/116\/revisions\/6780"}],"wp:featuredmedia":[{"embeddable":true,"href":"https:\/\/rsb.musin.de\/wordpress\/wp-json\/wp\/v2\/media\/113"}],"wp:attachment":[{"href":"https:\/\/rsb.musin.de\/wordpress\/wp-json\/wp\/v2\/media?parent=116"}],"curies":[{"name":"wp","href":"https:\/\/api.w.org\/{rel}","templated":true}]}}