{"id":161,"date":"2013-10-15T19:27:07","date_gmt":"2013-10-15T17:27:07","guid":{"rendered":"http:\/\/www.rsb.musin.de\/wordpress\/gesundeschule\/"},"modified":"2022-02-02T20:53:40","modified_gmt":"2022-02-02T19:53:40","slug":"gesundeschule","status":"publish","type":"page","link":"https:\/\/rsb.musin.de\/wordpress\/gesundeschule\/","title":{"rendered":"Gesunde Schule \/ Pausenverkauf"},"content":{"rendered":"\t\t<div data-elementor-type=\"wp-page\" data-elementor-id=\"161\" class=\"elementor elementor-161\">\n\t\t\t\t\t\t<section class=\"elementor-section elementor-top-section elementor-element elementor-element-36b6b85 elementor-section-boxed elementor-section-height-default elementor-section-height-default\" data-id=\"36b6b85\" data-element_type=\"section\">\n\t\t\t\t\t\t<div class=\"elementor-container elementor-column-gap-default\">\n\t\t\t\t\t<div class=\"elementor-column elementor-col-100 elementor-top-column elementor-element elementor-element-b9cc2da\" data-id=\"b9cc2da\" data-element_type=\"column\">\n\t\t\t<div class=\"elementor-widget-wrap elementor-element-populated\">\n\t\t\t\t\t\t<div class=\"elementor-element elementor-element-c68b810 elementor-widget elementor-widget-heading\" data-id=\"c68b810\" data-element_type=\"widget\" data-widget_type=\"heading.default\">\n\t\t\t\t<div class=\"elementor-widget-container\">\n\t\t\t\t\t<h2 class=\"elementor-heading-title elementor-size-default\">Gesunde Schule und Pausenverkauf<\/h2>\t\t\t\t<\/div>\n\t\t\t\t<\/div>\n\t\t\t\t\t<\/div>\n\t\t<\/div>\n\t\t\t\t\t<\/div>\n\t\t<\/section>\n\t\t\t\t<section class=\"elementor-section elementor-top-section elementor-element elementor-element-7cd40c50 elementor-section-boxed elementor-section-height-default elementor-section-height-default\" data-id=\"7cd40c50\" data-element_type=\"section\">\n\t\t\t\t\t\t<div class=\"elementor-container elementor-column-gap-default\">\n\t\t\t\t\t<div class=\"elementor-column elementor-col-100 elementor-top-column elementor-element elementor-element-25df3970\" data-id=\"25df3970\" data-element_type=\"column\">\n\t\t\t<div class=\"elementor-widget-wrap elementor-element-populated\">\n\t\t\t\t\t\t<div class=\"elementor-element elementor-element-1e8bcf33 elementor-widget elementor-widget-text-editor\" data-id=\"1e8bcf33\" data-element_type=\"widget\" data-widget_type=\"text-editor.default\">\n\t\t\t\t<div class=\"elementor-widget-container\">\n\t\t\t\t\t\t\t\t\t<p class=\"MsoHeader\" style=\"margin-top: 6.0pt; tab-stops: 35.4pt center 8.0cm right 16.0cm;\"><img fetchpriority=\"high\" decoding=\"async\" class=\"size-full wp-image-160 alignnone\" style=\"float: right;\" src=\"http:\/\/www.rsb.musin.de\/wordpress\/wp-content\/uploads\/2013\/10\/essen.jpg\" alt=\"essen\" width=\"400\" height=\"300\" srcset=\"https:\/\/rsb.musin.de\/wordpress\/wp-content\/uploads\/2013\/10\/essen.jpg 400w, https:\/\/rsb.musin.de\/wordpress\/wp-content\/uploads\/2013\/10\/essen-300x225.jpg 300w\" sizes=\"(max-width: 400px) 100vw, 400px\" \/>Dass sich eine gesunde Ern\u00e4hrung positiv auf die Leistung und den Lernerfolg von Kindern und Jugendlichen auswirkt, ist inzwischen allgemein bekannt. Deshalb wollen wir im Rahmen unseres Schulkonzepts unsere Sch\u00fclerinnen und Sch\u00fcler aktiv in den Prozess einer \u201egesunden Schule&#8221; einbinden. Dazu geh\u00f6rt auch ein gesunder Pausenverkauf.<\/p><p>Deshalb&#8230;<\/p><ul><li>organisieren und betreiben unsere Siebtkl\u00e4sslerinnen und Siebtkl\u00e4sser den Pausenverkauf im Rahmen des Faches Haushalt und Ern\u00e4hrung,<\/li><li>lernen dabei, warum gute Ern\u00e4hrung so wichtig ist,<\/li><li>bieten Obst und Rohkost zu fairen Preisen an,<\/li><li>bereiten gesunde Snacks, Brotaufstriche, Sandwiches, Wraps, Quarkspeisen und vieles mehr f\u00fcr die ganze Schule zu.<\/li><\/ul><p>Deshalb&#8230;<\/p><ul><li>achten wir Lehrerinnen und Lehrer darauf, dass nur gesunde Getr\u00e4nke und nahrhafte Brotzeit mitgebracht werden,<\/li><li>bieten einen kostenlosen Wasserspender f\u00fcr alle an,<\/li><li>vernetzen das Fach Haushalt und Ern\u00e4hrung mit anderen F\u00e4chern,<\/li><li>geben unseren Sch\u00fclerinnen und Sch\u00fclern ausreichend Raum und Angebote sich zu bewegen.<\/li><\/ul>\t\t\t\t\t\t\t\t<\/div>\n\t\t\t\t<\/div>\n\t\t\t\t\t<\/div>\n\t\t<\/div>\n\t\t\t\t\t<\/div>\n\t\t<\/section>\n\t\t\t\t<\/div>\n\t\t","protected":false},"excerpt":{"rendered":"<p>Gesunde Schule und Pausenverkauf Dass sich eine gesunde Ern\u00e4hrung positiv auf die Leistung und den Lernerfolg von Kindern und Jugendlichen auswirkt, ist inzwischen allgemein bekannt. Deshalb wollen wir im Rahmen unseres Schulkonzepts unsere Sch\u00fclerinnen und Sch\u00fcler aktiv in den Prozess einer \u201egesunden Schule&#8221; einbinden. Dazu geh\u00f6rt auch ein gesunder Pausenverkauf. Deshalb&#8230; organisieren und betreiben unsere [&hellip;]<\/p>\n","protected":false},"author":1,"featured_media":160,"parent":0,"menu_order":8,"comment_status":"closed","ping_status":"closed","template":"","meta":{"ocean_post_layout":"","ocean_both_sidebars_style":"","ocean_both_sidebars_content_width":0,"ocean_both_sidebars_sidebars_width":0,"ocean_sidebar":"","ocean_second_sidebar":"","ocean_disable_margins":"enable","ocean_add_body_class":"","ocean_shortcode_before_top_bar":"","ocean_shortcode_after_top_bar":"","ocean_shortcode_before_header":"","ocean_shortcode_after_header":"","ocean_has_shortcode":"","ocean_shortcode_after_title":"","ocean_shortcode_before_footer_widgets":"","ocean_shortcode_after_footer_widgets":"","ocean_shortcode_before_footer_bottom":"","ocean_shortcode_after_footer_bottom":"","ocean_display_top_bar":"default","ocean_display_header":"default","ocean_header_style":"","ocean_center_header_left_menu":"","ocean_custom_header_template":"","ocean_custom_logo":0,"ocean_custom_retina_logo":0,"ocean_custom_logo_max_width":0,"ocean_custom_logo_tablet_max_width":0,"ocean_custom_logo_mobile_max_width":0,"ocean_custom_logo_max_height":0,"ocean_custom_logo_tablet_max_height":0,"ocean_custom_logo_mobile_max_height":0,"ocean_header_custom_menu":"","ocean_menu_typo_font_family":"","ocean_menu_typo_font_subset":"","ocean_menu_typo_font_size":0,"ocean_menu_typo_font_size_tablet":0,"ocean_menu_typo_font_size_mobile":0,"ocean_menu_typo_font_size_unit":"px","ocean_menu_typo_font_weight":"","ocean_menu_typo_font_weight_tablet":"","ocean_menu_typo_font_weight_mobile":"","ocean_menu_typo_transform":"","ocean_menu_typo_transform_tablet":"","ocean_menu_typo_transform_mobile":"","ocean_menu_typo_line_height":0,"ocean_menu_typo_line_height_tablet":0,"ocean_menu_typo_line_height_mobile":0,"ocean_menu_typo_line_height_unit":"","ocean_menu_typo_spacing":0,"ocean_menu_typo_spacing_tablet":0,"ocean_menu_typo_spacing_mobile":0,"ocean_menu_typo_spacing_unit":"","ocean_menu_link_color":"","ocean_menu_link_color_hover":"","ocean_menu_link_color_active":"","ocean_menu_link_background":"","ocean_menu_link_hover_background":"","ocean_menu_link_active_background":"","ocean_menu_social_links_bg":"","ocean_menu_social_hover_links_bg":"","ocean_menu_social_links_color":"","ocean_menu_social_hover_links_color":"","ocean_disable_title":"default","ocean_disable_heading":"default","ocean_post_title":"","ocean_post_subheading":"","ocean_post_title_style":"","ocean_post_title_background_color":"","ocean_post_title_background":0,"ocean_post_title_bg_image_position":"","ocean_post_title_bg_image_attachment":"","ocean_post_title_bg_image_repeat":"","ocean_post_title_bg_image_size":"","ocean_post_title_height":0,"ocean_post_title_bg_overlay":0.5,"ocean_post_title_bg_overlay_color":"","ocean_disable_breadcrumbs":"default","ocean_breadcrumbs_color":"","ocean_breadcrumbs_separator_color":"","ocean_breadcrumbs_links_color":"","ocean_breadcrumbs_links_hover_color":"","ocean_display_footer_widgets":"default","ocean_display_footer_bottom":"default","ocean_custom_footer_template":"","footnotes":""},"class_list":["post-161","page","type-page","status-publish","has-post-thumbnail","hentry","entry","has-media"],"yoast_head":"<!-- This site is optimized with the Yoast SEO plugin v26.7 - https:\/\/yoast.com\/wordpress\/plugins\/seo\/ -->\n<title>Gesunde Schule \/ Pausenverkauf - Realschule an der Blutenburg<\/title>\n<meta name=\"robots\" content=\"index, follow, max-snippet:-1, max-image-preview:large, max-video-preview:-1\" \/>\n<link rel=\"canonical\" href=\"https:\/\/rsb.musin.de\/wordpress\/gesundeschule\/\" \/>\n<meta property=\"og:locale\" content=\"de_DE\" \/>\n<meta property=\"og:type\" content=\"article\" \/>\n<meta property=\"og:title\" content=\"Gesunde Schule \/ Pausenverkauf - Realschule an der Blutenburg\" \/>\n<meta property=\"og:description\" content=\"Gesunde Schule und Pausenverkauf Dass sich eine gesunde Ern\u00e4hrung positiv auf die Leistung und den Lernerfolg von Kindern und Jugendlichen auswirkt, ist inzwischen allgemein bekannt. Deshalb wollen wir im Rahmen unseres Schulkonzepts unsere Sch\u00fclerinnen und Sch\u00fcler aktiv in den Prozess einer \u201egesunden Schule&#8221; einbinden. Dazu geh\u00f6rt auch ein gesunder Pausenverkauf. Deshalb&#8230; organisieren und betreiben unsere [&hellip;]\" \/>\n<meta property=\"og:url\" content=\"https:\/\/rsb.musin.de\/wordpress\/gesundeschule\/\" \/>\n<meta property=\"og:site_name\" content=\"Realschule an der Blutenburg\" \/>\n<meta property=\"article:modified_time\" content=\"2022-02-02T19:53:40+00:00\" \/>\n<meta property=\"og:image\" content=\"https:\/\/rsb.musin.de\/wordpress\/wp-content\/uploads\/2013\/10\/essen.jpg\" \/>\n\t<meta property=\"og:image:width\" content=\"400\" \/>\n\t<meta property=\"og:image:height\" content=\"300\" \/>\n\t<meta property=\"og:image:type\" content=\"image\/jpeg\" \/>\n<meta name=\"twitter:card\" content=\"summary_large_image\" \/>\n<meta name=\"twitter:label1\" content=\"Gesch\u00e4tzte Lesezeit\" \/>\n\t<meta name=\"twitter:data1\" content=\"1\u00a0Minute\" \/>\n<script type=\"application\/ld+json\" class=\"yoast-schema-graph\">{\"@context\":\"https:\/\/schema.org\",\"@graph\":[{\"@type\":\"WebPage\",\"@id\":\"https:\/\/rsb.musin.de\/wordpress\/gesundeschule\/\",\"url\":\"https:\/\/rsb.musin.de\/wordpress\/gesundeschule\/\",\"name\":\"Gesunde Schule \/ Pausenverkauf - Realschule an der Blutenburg\",\"isPartOf\":{\"@id\":\"https:\/\/rsb.musin.de\/wordpress\/#website\"},\"primaryImageOfPage\":{\"@id\":\"https:\/\/rsb.musin.de\/wordpress\/gesundeschule\/#primaryimage\"},\"image\":{\"@id\":\"https:\/\/rsb.musin.de\/wordpress\/gesundeschule\/#primaryimage\"},\"thumbnailUrl\":\"https:\/\/rsb.musin.de\/wordpress\/wp-content\/uploads\/2013\/10\/essen.jpg\",\"datePublished\":\"2013-10-15T17:27:07+00:00\",\"dateModified\":\"2022-02-02T19:53:40+00:00\",\"breadcrumb\":{\"@id\":\"https:\/\/rsb.musin.de\/wordpress\/gesundeschule\/#breadcrumb\"},\"inLanguage\":\"de\",\"potentialAction\":[{\"@type\":\"ReadAction\",\"target\":[\"https:\/\/rsb.musin.de\/wordpress\/gesundeschule\/\"]}]},{\"@type\":\"ImageObject\",\"inLanguage\":\"de\",\"@id\":\"https:\/\/rsb.musin.de\/wordpress\/gesundeschule\/#primaryimage\",\"url\":\"https:\/\/rsb.musin.de\/wordpress\/wp-content\/uploads\/2013\/10\/essen.jpg\",\"contentUrl\":\"https:\/\/rsb.musin.de\/wordpress\/wp-content\/uploads\/2013\/10\/essen.jpg\",\"width\":400,\"height\":300,\"caption\":\"essen\"},{\"@type\":\"BreadcrumbList\",\"@id\":\"https:\/\/rsb.musin.de\/wordpress\/gesundeschule\/#breadcrumb\",\"itemListElement\":[{\"@type\":\"ListItem\",\"position\":1,\"name\":\"Startseite\",\"item\":\"https:\/\/rsb.musin.de\/wordpress\/\"},{\"@type\":\"ListItem\",\"position\":2,\"name\":\"Gesunde Schule \/ Pausenverkauf\"}]},{\"@type\":\"WebSite\",\"@id\":\"https:\/\/rsb.musin.de\/wordpress\/#website\",\"url\":\"https:\/\/rsb.musin.de\/wordpress\/\",\"name\":\"Realschule an der Blutenburg\",\"description\":\"Realschule im M\u00fcnchner Westen\",\"publisher\":{\"@id\":\"https:\/\/rsb.musin.de\/wordpress\/#organization\"},\"potentialAction\":[{\"@type\":\"SearchAction\",\"target\":{\"@type\":\"EntryPoint\",\"urlTemplate\":\"https:\/\/rsb.musin.de\/wordpress\/?s={search_term_string}\"},\"query-input\":{\"@type\":\"PropertyValueSpecification\",\"valueRequired\":true,\"valueName\":\"search_term_string\"}}],\"inLanguage\":\"de\"},{\"@type\":\"Organization\",\"@id\":\"https:\/\/rsb.musin.de\/wordpress\/#organization\",\"name\":\"Realschule an der Blutenburg\",\"url\":\"https:\/\/rsb.musin.de\/wordpress\/\",\"logo\":{\"@type\":\"ImageObject\",\"inLanguage\":\"de\",\"@id\":\"https:\/\/rsb.musin.de\/wordpress\/#\/schema\/logo\/image\/\",\"url\":\"http:\/\/www.rsb.musin.de\/wordpress\/wp-content\/uploads\/2022\/01\/favicon.png\",\"contentUrl\":\"http:\/\/www.rsb.musin.de\/wordpress\/wp-content\/uploads\/2022\/01\/favicon.png\",\"width\":180,\"height\":180,\"caption\":\"Realschule an der Blutenburg\"},\"image\":{\"@id\":\"https:\/\/rsb.musin.de\/wordpress\/#\/schema\/logo\/image\/\"}}]}<\/script>\n<!-- \/ Yoast SEO plugin. -->","yoast_head_json":{"title":"Gesunde Schule \/ Pausenverkauf - Realschule an der Blutenburg","robots":{"index":"index","follow":"follow","max-snippet":"max-snippet:-1","max-image-preview":"max-image-preview:large","max-video-preview":"max-video-preview:-1"},"canonical":"https:\/\/rsb.musin.de\/wordpress\/gesundeschule\/","og_locale":"de_DE","og_type":"article","og_title":"Gesunde Schule \/ Pausenverkauf - Realschule an der Blutenburg","og_description":"Gesunde Schule und Pausenverkauf Dass sich eine gesunde Ern\u00e4hrung positiv auf die Leistung und den Lernerfolg von Kindern und Jugendlichen auswirkt, ist inzwischen allgemein bekannt. Deshalb wollen wir im Rahmen unseres Schulkonzepts unsere Sch\u00fclerinnen und Sch\u00fcler aktiv in den Prozess einer \u201egesunden Schule&#8221; einbinden. Dazu geh\u00f6rt auch ein gesunder Pausenverkauf. Deshalb&#8230; organisieren und betreiben unsere [&hellip;]","og_url":"https:\/\/rsb.musin.de\/wordpress\/gesundeschule\/","og_site_name":"Realschule an der Blutenburg","article_modified_time":"2022-02-02T19:53:40+00:00","og_image":[{"width":400,"height":300,"url":"https:\/\/rsb.musin.de\/wordpress\/wp-content\/uploads\/2013\/10\/essen.jpg","type":"image\/jpeg"}],"twitter_card":"summary_large_image","twitter_misc":{"Gesch\u00e4tzte Lesezeit":"1\u00a0Minute"},"schema":{"@context":"https:\/\/schema.org","@graph":[{"@type":"WebPage","@id":"https:\/\/rsb.musin.de\/wordpress\/gesundeschule\/","url":"https:\/\/rsb.musin.de\/wordpress\/gesundeschule\/","name":"Gesunde Schule \/ Pausenverkauf - Realschule an der Blutenburg","isPartOf":{"@id":"https:\/\/rsb.musin.de\/wordpress\/#website"},"primaryImageOfPage":{"@id":"https:\/\/rsb.musin.de\/wordpress\/gesundeschule\/#primaryimage"},"image":{"@id":"https:\/\/rsb.musin.de\/wordpress\/gesundeschule\/#primaryimage"},"thumbnailUrl":"https:\/\/rsb.musin.de\/wordpress\/wp-content\/uploads\/2013\/10\/essen.jpg","datePublished":"2013-10-15T17:27:07+00:00","dateModified":"2022-02-02T19:53:40+00:00","breadcrumb":{"@id":"https:\/\/rsb.musin.de\/wordpress\/gesundeschule\/#breadcrumb"},"inLanguage":"de","potentialAction":[{"@type":"ReadAction","target":["https:\/\/rsb.musin.de\/wordpress\/gesundeschule\/"]}]},{"@type":"ImageObject","inLanguage":"de","@id":"https:\/\/rsb.musin.de\/wordpress\/gesundeschule\/#primaryimage","url":"https:\/\/rsb.musin.de\/wordpress\/wp-content\/uploads\/2013\/10\/essen.jpg","contentUrl":"https:\/\/rsb.musin.de\/wordpress\/wp-content\/uploads\/2013\/10\/essen.jpg","width":400,"height":300,"caption":"essen"},{"@type":"BreadcrumbList","@id":"https:\/\/rsb.musin.de\/wordpress\/gesundeschule\/#breadcrumb","itemListElement":[{"@type":"ListItem","position":1,"name":"Startseite","item":"https:\/\/rsb.musin.de\/wordpress\/"},{"@type":"ListItem","position":2,"name":"Gesunde Schule \/ Pausenverkauf"}]},{"@type":"WebSite","@id":"https:\/\/rsb.musin.de\/wordpress\/#website","url":"https:\/\/rsb.musin.de\/wordpress\/","name":"Realschule an der Blutenburg","description":"Realschule im M\u00fcnchner Westen","publisher":{"@id":"https:\/\/rsb.musin.de\/wordpress\/#organization"},"potentialAction":[{"@type":"SearchAction","target":{"@type":"EntryPoint","urlTemplate":"https:\/\/rsb.musin.de\/wordpress\/?s={search_term_string}"},"query-input":{"@type":"PropertyValueSpecification","valueRequired":true,"valueName":"search_term_string"}}],"inLanguage":"de"},{"@type":"Organization","@id":"https:\/\/rsb.musin.de\/wordpress\/#organization","name":"Realschule an der Blutenburg","url":"https:\/\/rsb.musin.de\/wordpress\/","logo":{"@type":"ImageObject","inLanguage":"de","@id":"https:\/\/rsb.musin.de\/wordpress\/#\/schema\/logo\/image\/","url":"http:\/\/www.rsb.musin.de\/wordpress\/wp-content\/uploads\/2022\/01\/favicon.png","contentUrl":"http:\/\/www.rsb.musin.de\/wordpress\/wp-content\/uploads\/2022\/01\/favicon.png","width":180,"height":180,"caption":"Realschule an der Blutenburg"},"image":{"@id":"https:\/\/rsb.musin.de\/wordpress\/#\/schema\/logo\/image\/"}}]}},"_links":{"self":[{"href":"https:\/\/rsb.musin.de\/wordpress\/wp-json\/wp\/v2\/pages\/161","targetHints":{"allow":["GET"]}}],"collection":[{"href":"https:\/\/rsb.musin.de\/wordpress\/wp-json\/wp\/v2\/pages"}],"about":[{"href":"https:\/\/rsb.musin.de\/wordpress\/wp-json\/wp\/v2\/types\/page"}],"author":[{"embeddable":true,"href":"https:\/\/rsb.musin.de\/wordpress\/wp-json\/wp\/v2\/users\/1"}],"replies":[{"embeddable":true,"href":"https:\/\/rsb.musin.de\/wordpress\/wp-json\/wp\/v2\/comments?post=161"}],"version-history":[{"count":6,"href":"https:\/\/rsb.musin.de\/wordpress\/wp-json\/wp\/v2\/pages\/161\/revisions"}],"predecessor-version":[{"id":2291,"href":"https:\/\/rsb.musin.de\/wordpress\/wp-json\/wp\/v2\/pages\/161\/revisions\/2291"}],"wp:featuredmedia":[{"embeddable":true,"href":"https:\/\/rsb.musin.de\/wordpress\/wp-json\/wp\/v2\/media\/160"}],"wp:attachment":[{"href":"https:\/\/rsb.musin.de\/wordpress\/wp-json\/wp\/v2\/media?parent=161"}],"curies":[{"name":"wp","href":"https:\/\/api.w.org\/{rel}","templated":true}]}}