{"id":2265,"date":"2022-02-02T20:22:30","date_gmt":"2022-02-02T19:22:30","guid":{"rendered":"http:\/\/www.rsb.musin.de\/wordpress\/?page_id=2265"},"modified":"2022-07-19T20:11:53","modified_gmt":"2022-07-19T18:11:53","slug":"datenschutz","status":"publish","type":"page","link":"https:\/\/rsb.musin.de\/wordpress\/datenschutz\/","title":{"rendered":"Datenschutz"},"content":{"rendered":"\t\t<div data-elementor-type=\"wp-page\" data-elementor-id=\"2265\" class=\"elementor elementor-2265\">\n\t\t\t\t\t\t<section class=\"elementor-section elementor-top-section elementor-element elementor-element-aef3901 elementor-section-boxed elementor-section-height-default elementor-section-height-default\" data-id=\"aef3901\" data-element_type=\"section\">\n\t\t\t\t\t\t<div class=\"elementor-container elementor-column-gap-default\">\n\t\t\t\t\t<div class=\"elementor-column elementor-col-100 elementor-top-column elementor-element elementor-element-f436aee\" data-id=\"f436aee\" data-element_type=\"column\">\n\t\t\t<div class=\"elementor-widget-wrap elementor-element-populated\">\n\t\t\t\t\t\t<div class=\"elementor-element elementor-element-b714faa elementor-widget elementor-widget-heading\" data-id=\"b714faa\" data-element_type=\"widget\" data-widget_type=\"heading.default\">\n\t\t\t\t<div class=\"elementor-widget-container\">\n\t\t\t\t\t<h2 class=\"elementor-heading-title elementor-size-default\">Datenschutzhinweise<\/h2>\t\t\t\t<\/div>\n\t\t\t\t<\/div>\n\t\t\t\t\t<\/div>\n\t\t<\/div>\n\t\t\t\t\t<\/div>\n\t\t<\/section>\n\t\t\t\t<section class=\"elementor-section elementor-top-section elementor-element elementor-element-4a00d17 elementor-section-boxed elementor-section-height-default elementor-section-height-default\" data-id=\"4a00d17\" data-element_type=\"section\">\n\t\t\t\t\t\t<div class=\"elementor-container elementor-column-gap-default\">\n\t\t\t\t\t<div class=\"elementor-column elementor-col-50 elementor-top-column elementor-element elementor-element-9047f7d\" data-id=\"9047f7d\" data-element_type=\"column\">\n\t\t\t<div class=\"elementor-widget-wrap elementor-element-populated\">\n\t\t\t\t\t\t<div class=\"elementor-element elementor-element-9163af3 elementor-widget elementor-widget-heading\" data-id=\"9163af3\" data-element_type=\"widget\" data-widget_type=\"heading.default\">\n\t\t\t\t<div class=\"elementor-widget-container\">\n\t\t\t\t\t<h2 class=\"elementor-heading-title elementor-size-default\">A) Allgemeine Informationen<\/h2>\t\t\t\t<\/div>\n\t\t\t\t<\/div>\n\t\t\t\t<div class=\"elementor-element elementor-element-0d12852 elementor-widget elementor-widget-text-editor\" data-id=\"0d12852\" data-element_type=\"widget\" data-widget_type=\"text-editor.default\">\n\t\t\t\t<div class=\"elementor-widget-container\">\n\t\t\t\t\t\t\t\t\t<p>A) Allgemeine Informationen<\/p><h2><strong>Name und Kontaktdaten des Verantwortlichen<\/strong><\/h2><p style=\"font-weight: 400;\">Landeshauptstadt M\u00fcnchen<br \/>Realschule an der Blutenburg<\/p><p style=\"font-weight: 400;\">Grandlstra\u00dfe 5<br \/>81247 M\u00fcnchen<\/p><p style=\"font-weight: 400;\">Telefon: 089 8638939-0<br \/>E-Mail: rainer.wohlfarth@muenchen.de<\/p><h2><strong>Kontaktdaten des Datenschutzbeauftragten <\/strong><\/h2><p style=\"font-weight: 400;\">Michael Jackel<\/p><p style=\"font-weight: 400;\">Realschule an der Blutenburg<br \/>Grandlstra\u00dfe 5<br \/>81247 M\u00fcnchen<\/p><p style=\"font-weight: 400;\">Telefon: 089 8638939-0<br \/>E-Mail: michael.jackel@muenchen.de<\/p><p>Zwecke und Rechtsgrundlagen f\u00fcr die Verarbeitung Ihrer Daten<\/p><p style=\"font-weight: 400;\">Wir verarbeiten personenbezogene Daten zur Erf\u00fcllung des Bildungs- und Erziehungsauftrags, den das Bayerische Gesetz \u00fcber das Erziehungs- und Unterrichtswesen (BayEUG) den Schulen zuweist.<\/p><p style=\"font-weight: 400;\">Die Rechtsgrundlage f\u00fcr die Verarbeitung Ihrer Daten ergibt sich, soweit im Folgenden nichts anderes angegeben ist, aus Art. 85 des Bayerischen Erziehungs- und Unterrichtsgesetztes (BayEUG) in Verbindung mit Art. 6 Abs. 1 UAbs. 1 Buchstabe e der Datenschutzgrundverordnung (DSGVO).<\/p><p style=\"font-weight: 400;\">Demnach ist es uns erlaubt, die zur Erf\u00fcllung der schulischen Aufgaben erforderlichen Daten zu verarbeiten.<\/p><p>Empf\u00e4nger von personenbezogenen Daten<\/p><p style=\"font-weight: 400;\">Der technische Betrieb unserer Datenverarbeitungssysteme erfolgt grunds\u00e4tzlich durch<\/p><p style=\"font-weight: 400;\">LHM Services GmbH<br \/>Gesch\u00e4ftsstelle IT<br \/>Sapporobogen 6- 8<br \/>80637 M\u00fcnchen<\/p><p style=\"font-weight: 400;\">Email: <a href=\"mailto:info@lhm-services.de\">info@lhm-services.de<\/a><\/p><p style=\"font-weight: 400;\">\u00a0in unserem Auftrag.<\/p><p style=\"font-weight: 400;\">F\u00fcr einzelne Verfahren setzen wir weitere Auftragsverarbeiter ein.<\/p><p style=\"font-weight: 400;\">Auf Anforderung werden Ihre Daten an die zust\u00e4ndigen Aufsichts- und Rechnungspr\u00fcfungsbeh\u00f6rden zur Wahrnehmung der jeweiligen Kontrollrechte \u00fcbermittelt.<\/p><p>Dauer der Speicherung der personenbezogenen Daten<\/p><p style=\"font-weight: 400;\">Ihre Daten werden nur so lange gespeichert, wie dies unter Beachtung gesetzlicher Aufbewahrungsfristen zur Aufgabenerf\u00fcllung erforderlich ist.<\/p><h2>Ihre Rechte<\/h2><p style=\"font-weight: 400;\">Als Betroffener einer Datenverarbeitung haben Sie die folgenden Rechte:<\/p><ul><li>Sie haben das Recht auf Auskunft \u00fcber die zu Ihrer Person gespeicherten Daten (Art. 15 DSGVO).<\/li><li>Sollten unrichtige personenbezogene Daten verarbeitet werden, steht Ihnen ein Recht auf Berichtigung zu (Art. 16 DSGVO).<\/li><li>Liegen die gesetzlichen Voraussetzungen vor, so k\u00f6nnen Sie die L\u00f6schung oder Einschr\u00e4nkung der Verarbeitung verlangen (Art. 17 und 18 DSGVO).<\/li><li>Wenn Sie in die Datenverarbeitung eingewilligt haben oder ein Vertrag zur Datenverarbeitung besteht und die Datenverarbeitung mithilfe automatisierter Verfahren durchgef\u00fchrt wird, steht Ihnen gegebenenfalls ein Recht auf Daten\u00fcbertragbarkeit zu (Art. 20 DSGVO).<\/li><li>Falls Sie in die Verarbeitung eingewilligt haben und die Verarbeitung auf dieser Einwilligung beruht, k\u00f6nnen Sie die Einwilligung jederzeit f\u00fcr die Zukunft widerrufen. Die Rechtm\u00e4\u00dfigkeit der aufgrund der Einwilligung bis zum Widerruf erfolgten Datenverarbeitung wird durch diesen nicht ber\u00fchrt.<\/li><\/ul><p style=\"font-weight: 400;\">Sie haben das Recht, aus Gr\u00fcnden, die sich aus Ihrer besonderen Situation ergeben, jederzeit gegen die Verarbeitung Ihrer Daten <strong>Widerspruch<\/strong> einzulegen, wenn die Verarbeitung auf Grundlage des Art. 6 Abs. 1 UAbs. 1 Buchst. e DSGVO erfolgt (Art. 21 Abs. 1 Satz 1 DSGVO).<\/p><h2>Beschwerderecht bei der Aufsichtsbeh\u00f6rde<\/h2><p style=\"font-weight: 400;\">Unabh\u00e4ngig davon besteht ein Beschwerderecht beim Bayerischen Landesbeauftragten f\u00fcr den Datenschutz, den Sie unter folgenden Kontaktdaten erreichen:<\/p><p style=\"font-weight: 400;\">Postanschrift: Postfach 22 12 19, 80502 M\u00fcnchen <br \/>Adresse: Wagm\u00fcllerstra\u00dfe 18, 80538 M\u00fcnchen <br \/>Telefon: 089 212672-0 <br \/>Telefax: 089 212672-50<\/p><p style=\"font-weight: 400;\">E-Mail: <a href=\"mailto:poststelle@datenschutz-bayern.de\">poststelle@datenschutz-bayern.de<\/a><br \/>Internet: <a href=\"https:\/\/www.datenschutz-bayern.de\/\">https:\/\/www.datenschutz-bayern.de\/<\/a>\u00a0<\/p><h2>Weitere Informationen<\/h2><p style=\"font-weight: 400;\">F\u00fcr n\u00e4here Informationen zur Verarbeitung Ihrer Daten und zu Ihren Rechten k\u00f6nnen Sie uns unter den oben (zu Beginn von A) genannten Kontaktdaten erreichen.<\/p><p style=\"font-weight: 400;\">\u00a0<\/p>\t\t\t\t\t\t\t\t<\/div>\n\t\t\t\t<\/div>\n\t\t\t\t<div class=\"elementor-element elementor-element-584f485 elementor-widget elementor-widget-spacer\" data-id=\"584f485\" data-element_type=\"widget\" data-widget_type=\"spacer.default\">\n\t\t\t\t<div class=\"elementor-widget-container\">\n\t\t\t\t\t\t\t<div class=\"elementor-spacer\">\n\t\t\t<div class=\"elementor-spacer-inner\"><\/div>\n\t\t<\/div>\n\t\t\t\t\t\t<\/div>\n\t\t\t\t<\/div>\n\t\t\t\t<div class=\"elementor-element elementor-element-0f6aa2d elementor-widget elementor-widget-heading\" data-id=\"0f6aa2d\" data-element_type=\"widget\" data-widget_type=\"heading.default\">\n\t\t\t\t<div class=\"elementor-widget-container\">\n\t\t\t\t\t<h2 class=\"elementor-heading-title elementor-size-default\">B) Informationen zum Internetauftritt<\/h2>\t\t\t\t<\/div>\n\t\t\t\t<\/div>\n\t\t\t\t<div class=\"elementor-element elementor-element-43e7d91 elementor-widget elementor-widget-text-editor\" data-id=\"43e7d91\" data-element_type=\"widget\" data-widget_type=\"text-editor.default\">\n\t\t\t\t<div class=\"elementor-widget-container\">\n\t\t\t\t\t\t\t\t\t<h2 style=\"font-weight: 400;\">Technische Umsetzung<\/h2><p style=\"font-weight: 400;\">Unser Webserver wird durch<\/p><p style=\"font-weight: 400;\">LHM Services GmbH<br \/>Gesch\u00e4ftsstelle IT<br \/>Sapporobogen 6- 8<br \/>80637 M\u00fcnchen<\/p><p style=\"font-weight: 400;\">Email: <a href=\"mailto:info@lhm-services.de\">info@lhm-services.de<\/a><\/p><p style=\"font-weight: 400;\">betrieben. Die von Ihnen im Rahmen des Besuchs unseres Webauftritts \u00fcbermittelten personenbezogenen Daten werden daher durch diesen Auftragsverarbeiter in unserem Auftrag verarbeitet.<\/p><h2>Protokollierung<\/h2><p style=\"font-weight: 400;\">Wenn Sie diese oder andere Internetseiten aufrufen, \u00fcbermitteln Sie \u00fcber Ihren Internetbrowser Daten an unseren Webserver. Die folgenden Daten werden w\u00e4hrend einer laufenden Verbindung zur Kommunikation zwischen Ihrem Internetbrowser und unserem Webserver aufgezeichnet:<\/p><ul><li>Datum und Uhrzeit der Anforderung<\/li><li>Name der angeforderten Datei<\/li><li>Seite, von der aus die Datei angefordert wurde<\/li><li>Zugriffsstatus (Datei \u00fcbertragen, Datei nicht gefunden, etc.)<\/li><li>verwendete Internetbrowser und verwendetes Betriebssystem<\/li><li>vollst\u00e4ndige IP-Adresse des anfordernden Rechners<\/li><li>\u00fcbertragene Datenmenge.<\/li><\/ul><p style=\"font-weight: 400;\">Aus Gr\u00fcnden der technischen Sicherheit, insbesondere zur Abwehr von Angriffsversuchen auf unseren Webserver, werden diese Daten von uns gespeichert. Nach sp\u00e4testens sieben Tagen werden die Daten durch Verk\u00fcrzung der IP-Adresse auf Domain-Ebene anonymisiert, so dass es nicht mehr m\u00f6glich ist, einen Bezug auf einzelne Nutzer herzustellen.\u00a0<\/p><h2>Aktive Komponenten<\/h2><p style=\"font-weight: 400;\">Wir verwenden aktive Komponenten wie Javascript, Java-Applets oder Active-X-Controls. Diese Funktion kann durch die Einstellung Ihres Internetbrowsers von Ihnen abgeschaltet werden.<\/p><h2>Cookies<\/h2><p style=\"font-weight: 400;\">Beim Zugriff auf dieses Internetangebot werden von uns Cookies (kleine Dateien) auf Ihrem Ger\u00e4t gespeichert, die f\u00fcr die Dauer Ihres Besuches auf der Internetseite g\u00fcltig sind (\u201esession-cookies\u201c). Wir verwenden diese ausschlie\u00dflich w\u00e4hrend Ihres Besuchs unserer Internetseite. Die meisten Browser sind so eingestellt, dass sie die Verwendung von Cookies akzeptieren, diese Funktion kann aber durch die Einstellung des Internetbrowsers von Ihnen f\u00fcr die laufende Sitzung oder dauerhaft abgeschaltet werden. Nach Ende Ihres Besuches wird Ihr Browser diese Cookies automatisch l\u00f6schen.<\/p><h2>Auswertung des Nutzungsverhaltens (Webtracking-Systeme; Reichweitenmessung)<\/h2><p style=\"font-weight: 400;\">Wir f\u00fchren eine Reichweitenmessung nur anhand statistischer Daten (also ohne Nutzung personenbezogener Daten) durch.<\/p>\t\t\t\t\t\t\t\t<\/div>\n\t\t\t\t<\/div>\n\t\t\t\t<div class=\"elementor-element elementor-element-23a5245 elementor-widget elementor-widget-spacer\" data-id=\"23a5245\" data-element_type=\"widget\" data-widget_type=\"spacer.default\">\n\t\t\t\t<div class=\"elementor-widget-container\">\n\t\t\t\t\t\t\t<div class=\"elementor-spacer\">\n\t\t\t<div class=\"elementor-spacer-inner\"><\/div>\n\t\t<\/div>\n\t\t\t\t\t\t<\/div>\n\t\t\t\t<\/div>\n\t\t\t\t\t<\/div>\n\t\t<\/div>\n\t\t\t\t<div class=\"elementor-column elementor-col-50 elementor-top-column elementor-element elementor-element-cba7170\" data-id=\"cba7170\" data-element_type=\"column\">\n\t\t\t<div class=\"elementor-widget-wrap\">\n\t\t\t\t\t\t\t<\/div>\n\t\t<\/div>\n\t\t\t\t\t<\/div>\n\t\t<\/section>\n\t\t\t\t<\/div>\n\t\t","protected":false},"excerpt":{"rendered":"<p>Datenschutzhinweise A) Allgemeine Informationen A) Allgemeine Informationen Name und Kontaktdaten des Verantwortlichen Landeshauptstadt M\u00fcnchenRealschule an der Blutenburg Grandlstra\u00dfe 581247 M\u00fcnchen Telefon: 089 8638939-0E-Mail: rainer.wohlfarth@muenchen.de Kontaktdaten des Datenschutzbeauftragten Michael Jackel Realschule an der BlutenburgGrandlstra\u00dfe 581247 M\u00fcnchen Telefon: 089 8638939-0E-Mail: michael.jackel@muenchen.de Zwecke und Rechtsgrundlagen f\u00fcr die Verarbeitung Ihrer Daten Wir verarbeiten personenbezogene Daten zur Erf\u00fcllung des Bildungs- [&hellip;]<\/p>\n","protected":false},"author":1,"featured_media":0,"parent":0,"menu_order":0,"comment_status":"closed","ping_status":"closed","template":"","meta":{"ocean_post_layout":"","ocean_both_sidebars_style":"","ocean_both_sidebars_content_width":0,"ocean_both_sidebars_sidebars_width":0,"ocean_sidebar":"0","ocean_second_sidebar":"0","ocean_disable_margins":"enable","ocean_add_body_class":"","ocean_shortcode_before_top_bar":"","ocean_shortcode_after_top_bar":"","ocean_shortcode_before_header":"","ocean_shortcode_after_header":"","ocean_has_shortcode":"","ocean_shortcode_after_title":"","ocean_shortcode_before_footer_widgets":"","ocean_shortcode_after_footer_widgets":"","ocean_shortcode_before_footer_bottom":"","ocean_shortcode_after_footer_bottom":"","ocean_display_top_bar":"default","ocean_display_header":"default","ocean_header_style":"","ocean_center_header_left_menu":"0","ocean_custom_header_template":"0","ocean_custom_logo":0,"ocean_custom_retina_logo":0,"ocean_custom_logo_max_width":0,"ocean_custom_logo_tablet_max_width":0,"ocean_custom_logo_mobile_max_width":0,"ocean_custom_logo_max_height":0,"ocean_custom_logo_tablet_max_height":0,"ocean_custom_logo_mobile_max_height":0,"ocean_header_custom_menu":"0","ocean_menu_typo_font_family":"0","ocean_menu_typo_font_subset":"","ocean_menu_typo_font_size":0,"ocean_menu_typo_font_size_tablet":0,"ocean_menu_typo_font_size_mobile":0,"ocean_menu_typo_font_size_unit":"px","ocean_menu_typo_font_weight":"","ocean_menu_typo_font_weight_tablet":"","ocean_menu_typo_font_weight_mobile":"","ocean_menu_typo_transform":"","ocean_menu_typo_transform_tablet":"","ocean_menu_typo_transform_mobile":"","ocean_menu_typo_line_height":0,"ocean_menu_typo_line_height_tablet":0,"ocean_menu_typo_line_height_mobile":0,"ocean_menu_typo_line_height_unit":"","ocean_menu_typo_spacing":0,"ocean_menu_typo_spacing_tablet":0,"ocean_menu_typo_spacing_mobile":0,"ocean_menu_typo_spacing_unit":"","ocean_menu_link_color":"","ocean_menu_link_color_hover":"","ocean_menu_link_color_active":"","ocean_menu_link_background":"","ocean_menu_link_hover_background":"","ocean_menu_link_active_background":"","ocean_menu_social_links_bg":"","ocean_menu_social_hover_links_bg":"","ocean_menu_social_links_color":"","ocean_menu_social_hover_links_color":"","ocean_disable_title":"default","ocean_disable_heading":"default","ocean_post_title":"","ocean_post_subheading":"","ocean_post_title_style":"","ocean_post_title_background_color":"","ocean_post_title_background":0,"ocean_post_title_bg_image_position":"","ocean_post_title_bg_image_attachment":"","ocean_post_title_bg_image_repeat":"","ocean_post_title_bg_image_size":"","ocean_post_title_height":0,"ocean_post_title_bg_overlay":0.5,"ocean_post_title_bg_overlay_color":"","ocean_disable_breadcrumbs":"default","ocean_breadcrumbs_color":"","ocean_breadcrumbs_separator_color":"","ocean_breadcrumbs_links_color":"","ocean_breadcrumbs_links_hover_color":"","ocean_display_footer_widgets":"default","ocean_display_footer_bottom":"default","ocean_custom_footer_template":"0","footnotes":""},"class_list":["post-2265","page","type-page","status-publish","hentry","entry"],"yoast_head":"<!-- This site is optimized with the Yoast SEO plugin v26.7 - https:\/\/yoast.com\/wordpress\/plugins\/seo\/ -->\n<title>Datenschutz - Realschule an der Blutenburg<\/title>\n<meta name=\"robots\" content=\"index, follow, max-snippet:-1, max-image-preview:large, max-video-preview:-1\" \/>\n<link rel=\"canonical\" href=\"https:\/\/rsb.musin.de\/wordpress\/datenschutz\/\" \/>\n<meta property=\"og:locale\" content=\"de_DE\" \/>\n<meta property=\"og:type\" content=\"article\" \/>\n<meta property=\"og:title\" content=\"Datenschutz - Realschule an der Blutenburg\" \/>\n<meta property=\"og:description\" content=\"Datenschutzhinweise A) Allgemeine Informationen A) Allgemeine Informationen Name und Kontaktdaten des Verantwortlichen Landeshauptstadt M\u00fcnchenRealschule an der Blutenburg Grandlstra\u00dfe 581247 M\u00fcnchen Telefon: 089 8638939-0E-Mail: rainer.wohlfarth@muenchen.de Kontaktdaten des Datenschutzbeauftragten Michael Jackel Realschule an der BlutenburgGrandlstra\u00dfe 581247 M\u00fcnchen Telefon: 089 8638939-0E-Mail: michael.jackel@muenchen.de Zwecke und Rechtsgrundlagen f\u00fcr die Verarbeitung Ihrer Daten Wir verarbeiten personenbezogene Daten zur Erf\u00fcllung des Bildungs- [&hellip;]\" \/>\n<meta property=\"og:url\" content=\"https:\/\/rsb.musin.de\/wordpress\/datenschutz\/\" \/>\n<meta property=\"og:site_name\" content=\"Realschule an der Blutenburg\" \/>\n<meta property=\"article:modified_time\" content=\"2022-07-19T18:11:53+00:00\" \/>\n<meta name=\"twitter:card\" content=\"summary_large_image\" \/>\n<meta name=\"twitter:label1\" content=\"Gesch\u00e4tzte Lesezeit\" \/>\n\t<meta name=\"twitter:data1\" content=\"5\u00a0Minuten\" \/>\n<script type=\"application\/ld+json\" class=\"yoast-schema-graph\">{\"@context\":\"https:\/\/schema.org\",\"@graph\":[{\"@type\":\"WebPage\",\"@id\":\"https:\/\/rsb.musin.de\/wordpress\/datenschutz\/\",\"url\":\"https:\/\/rsb.musin.de\/wordpress\/datenschutz\/\",\"name\":\"Datenschutz - Realschule an der Blutenburg\",\"isPartOf\":{\"@id\":\"https:\/\/rsb.musin.de\/wordpress\/#website\"},\"datePublished\":\"2022-02-02T19:22:30+00:00\",\"dateModified\":\"2022-07-19T18:11:53+00:00\",\"breadcrumb\":{\"@id\":\"https:\/\/rsb.musin.de\/wordpress\/datenschutz\/#breadcrumb\"},\"inLanguage\":\"de\",\"potentialAction\":[{\"@type\":\"ReadAction\",\"target\":[\"https:\/\/rsb.musin.de\/wordpress\/datenschutz\/\"]}]},{\"@type\":\"BreadcrumbList\",\"@id\":\"https:\/\/rsb.musin.de\/wordpress\/datenschutz\/#breadcrumb\",\"itemListElement\":[{\"@type\":\"ListItem\",\"position\":1,\"name\":\"Startseite\",\"item\":\"https:\/\/rsb.musin.de\/wordpress\/\"},{\"@type\":\"ListItem\",\"position\":2,\"name\":\"Datenschutz\"}]},{\"@type\":\"WebSite\",\"@id\":\"https:\/\/rsb.musin.de\/wordpress\/#website\",\"url\":\"https:\/\/rsb.musin.de\/wordpress\/\",\"name\":\"Realschule an der Blutenburg\",\"description\":\"Realschule im M\u00fcnchner Westen\",\"publisher\":{\"@id\":\"https:\/\/rsb.musin.de\/wordpress\/#organization\"},\"potentialAction\":[{\"@type\":\"SearchAction\",\"target\":{\"@type\":\"EntryPoint\",\"urlTemplate\":\"https:\/\/rsb.musin.de\/wordpress\/?s={search_term_string}\"},\"query-input\":{\"@type\":\"PropertyValueSpecification\",\"valueRequired\":true,\"valueName\":\"search_term_string\"}}],\"inLanguage\":\"de\"},{\"@type\":\"Organization\",\"@id\":\"https:\/\/rsb.musin.de\/wordpress\/#organization\",\"name\":\"Realschule an der Blutenburg\",\"url\":\"https:\/\/rsb.musin.de\/wordpress\/\",\"logo\":{\"@type\":\"ImageObject\",\"inLanguage\":\"de\",\"@id\":\"https:\/\/rsb.musin.de\/wordpress\/#\/schema\/logo\/image\/\",\"url\":\"http:\/\/www.rsb.musin.de\/wordpress\/wp-content\/uploads\/2022\/01\/favicon.png\",\"contentUrl\":\"http:\/\/www.rsb.musin.de\/wordpress\/wp-content\/uploads\/2022\/01\/favicon.png\",\"width\":180,\"height\":180,\"caption\":\"Realschule an der Blutenburg\"},\"image\":{\"@id\":\"https:\/\/rsb.musin.de\/wordpress\/#\/schema\/logo\/image\/\"}}]}<\/script>\n<!-- \/ Yoast SEO plugin. -->","yoast_head_json":{"title":"Datenschutz - Realschule an der Blutenburg","robots":{"index":"index","follow":"follow","max-snippet":"max-snippet:-1","max-image-preview":"max-image-preview:large","max-video-preview":"max-video-preview:-1"},"canonical":"https:\/\/rsb.musin.de\/wordpress\/datenschutz\/","og_locale":"de_DE","og_type":"article","og_title":"Datenschutz - Realschule an der Blutenburg","og_description":"Datenschutzhinweise A) Allgemeine Informationen A) Allgemeine Informationen Name und Kontaktdaten des Verantwortlichen Landeshauptstadt M\u00fcnchenRealschule an der Blutenburg Grandlstra\u00dfe 581247 M\u00fcnchen Telefon: 089 8638939-0E-Mail: rainer.wohlfarth@muenchen.de Kontaktdaten des Datenschutzbeauftragten Michael Jackel Realschule an der BlutenburgGrandlstra\u00dfe 581247 M\u00fcnchen Telefon: 089 8638939-0E-Mail: michael.jackel@muenchen.de Zwecke und Rechtsgrundlagen f\u00fcr die Verarbeitung Ihrer Daten Wir verarbeiten personenbezogene Daten zur Erf\u00fcllung des Bildungs- [&hellip;]","og_url":"https:\/\/rsb.musin.de\/wordpress\/datenschutz\/","og_site_name":"Realschule an der Blutenburg","article_modified_time":"2022-07-19T18:11:53+00:00","twitter_card":"summary_large_image","twitter_misc":{"Gesch\u00e4tzte Lesezeit":"5\u00a0Minuten"},"schema":{"@context":"https:\/\/schema.org","@graph":[{"@type":"WebPage","@id":"https:\/\/rsb.musin.de\/wordpress\/datenschutz\/","url":"https:\/\/rsb.musin.de\/wordpress\/datenschutz\/","name":"Datenschutz - Realschule an der Blutenburg","isPartOf":{"@id":"https:\/\/rsb.musin.de\/wordpress\/#website"},"datePublished":"2022-02-02T19:22:30+00:00","dateModified":"2022-07-19T18:11:53+00:00","breadcrumb":{"@id":"https:\/\/rsb.musin.de\/wordpress\/datenschutz\/#breadcrumb"},"inLanguage":"de","potentialAction":[{"@type":"ReadAction","target":["https:\/\/rsb.musin.de\/wordpress\/datenschutz\/"]}]},{"@type":"BreadcrumbList","@id":"https:\/\/rsb.musin.de\/wordpress\/datenschutz\/#breadcrumb","itemListElement":[{"@type":"ListItem","position":1,"name":"Startseite","item":"https:\/\/rsb.musin.de\/wordpress\/"},{"@type":"ListItem","position":2,"name":"Datenschutz"}]},{"@type":"WebSite","@id":"https:\/\/rsb.musin.de\/wordpress\/#website","url":"https:\/\/rsb.musin.de\/wordpress\/","name":"Realschule an der Blutenburg","description":"Realschule im M\u00fcnchner Westen","publisher":{"@id":"https:\/\/rsb.musin.de\/wordpress\/#organization"},"potentialAction":[{"@type":"SearchAction","target":{"@type":"EntryPoint","urlTemplate":"https:\/\/rsb.musin.de\/wordpress\/?s={search_term_string}"},"query-input":{"@type":"PropertyValueSpecification","valueRequired":true,"valueName":"search_term_string"}}],"inLanguage":"de"},{"@type":"Organization","@id":"https:\/\/rsb.musin.de\/wordpress\/#organization","name":"Realschule an der Blutenburg","url":"https:\/\/rsb.musin.de\/wordpress\/","logo":{"@type":"ImageObject","inLanguage":"de","@id":"https:\/\/rsb.musin.de\/wordpress\/#\/schema\/logo\/image\/","url":"http:\/\/www.rsb.musin.de\/wordpress\/wp-content\/uploads\/2022\/01\/favicon.png","contentUrl":"http:\/\/www.rsb.musin.de\/wordpress\/wp-content\/uploads\/2022\/01\/favicon.png","width":180,"height":180,"caption":"Realschule an der Blutenburg"},"image":{"@id":"https:\/\/rsb.musin.de\/wordpress\/#\/schema\/logo\/image\/"}}]}},"_links":{"self":[{"href":"https:\/\/rsb.musin.de\/wordpress\/wp-json\/wp\/v2\/pages\/2265","targetHints":{"allow":["GET"]}}],"collection":[{"href":"https:\/\/rsb.musin.de\/wordpress\/wp-json\/wp\/v2\/pages"}],"about":[{"href":"https:\/\/rsb.musin.de\/wordpress\/wp-json\/wp\/v2\/types\/page"}],"author":[{"embeddable":true,"href":"https:\/\/rsb.musin.de\/wordpress\/wp-json\/wp\/v2\/users\/1"}],"replies":[{"embeddable":true,"href":"https:\/\/rsb.musin.de\/wordpress\/wp-json\/wp\/v2\/comments?post=2265"}],"version-history":[{"count":28,"href":"https:\/\/rsb.musin.de\/wordpress\/wp-json\/wp\/v2\/pages\/2265\/revisions"}],"predecessor-version":[{"id":3680,"href":"https:\/\/rsb.musin.de\/wordpress\/wp-json\/wp\/v2\/pages\/2265\/revisions\/3680"}],"wp:attachment":[{"href":"https:\/\/rsb.musin.de\/wordpress\/wp-json\/wp\/v2\/media?parent=2265"}],"curies":[{"name":"wp","href":"https:\/\/api.w.org\/{rel}","templated":true}]}}