{"id":257,"date":"2013-12-10T14:22:10","date_gmt":"2013-12-10T13:22:10","guid":{"rendered":"http:\/\/www.rsb.musin.de\/wordpress\/bienen\/"},"modified":"2013-12-10T14:22:10","modified_gmt":"2013-12-10T13:22:10","slug":"bienen","status":"publish","type":"page","link":"https:\/\/rsb.musin.de\/wordpress\/bienen\/","title":{"rendered":"Die Bienen-AG"},"content":{"rendered":"<p>Unsere Bienen-AG unter der Leitung von Frau Gr\u00fcner beherbergt im Schulgarten zur Zeit drei Bienen-V\u00f6lker.<\/p>\n<p>Die Pflege der Bienen beinhaltet das regelm\u00e4\u00dfige Durchsehen der Bienenv\u00f6lker auf Schwarmt\u00e4tigkeit, die Honigernte und Bearbeitung und die Behandlung der V\u00f6lker auf Varroamilbe.<\/p>\n<p>Aber auch handwerkliche T\u00e4tigkeiten werden erlernt, da wir unsere Holzr\u00e4hmchen, in welche die Bienen ihre Honig- und Brutwaben aus Wachs anlegen, selber basteln und auch das gewonnene Bienenwachs zu Kerzen verarbeiten.<\/p>\n<p><img fetchpriority=\"high\" decoding=\"async\" class=\" size-full wp-image-252\" src=\"http:\/\/www.rsb.musin.de\/wordpress\/wp-content\/uploads\/2013\/12\/biene4.JPG\" alt=\"biene4\" width=\"800\" height=\"600\" srcset=\"https:\/\/rsb.musin.de\/wordpress\/wp-content\/uploads\/2013\/12\/biene4.JPG 800w, https:\/\/rsb.musin.de\/wordpress\/wp-content\/uploads\/2013\/12\/biene4-300x225.jpg 300w, https:\/\/rsb.musin.de\/wordpress\/wp-content\/uploads\/2013\/12\/biene4-768x576.jpg 768w\" sizes=\"(max-width: 800px) 100vw, 800px\" \/><\/p>\n<p><img decoding=\"async\" class=\" size-full wp-image-253\" src=\"http:\/\/www.rsb.musin.de\/wordpress\/wp-content\/uploads\/2013\/12\/biene0.JPG\" alt=\"biene0\" width=\"800\" height=\"600\" srcset=\"https:\/\/rsb.musin.de\/wordpress\/wp-content\/uploads\/2013\/12\/biene0.JPG 800w, https:\/\/rsb.musin.de\/wordpress\/wp-content\/uploads\/2013\/12\/biene0-300x225.jpg 300w, https:\/\/rsb.musin.de\/wordpress\/wp-content\/uploads\/2013\/12\/biene0-768x576.jpg 768w\" sizes=\"(max-width: 800px) 100vw, 800px\" \/><\/p>\n<p><img decoding=\"async\" class=\" size-full wp-image-254\" src=\"http:\/\/www.rsb.musin.de\/wordpress\/wp-content\/uploads\/2013\/12\/biene2.JPG\" alt=\"biene2\" width=\"800\" height=\"600\" srcset=\"https:\/\/rsb.musin.de\/wordpress\/wp-content\/uploads\/2013\/12\/biene2.JPG 800w, https:\/\/rsb.musin.de\/wordpress\/wp-content\/uploads\/2013\/12\/biene2-300x225.jpg 300w, https:\/\/rsb.musin.de\/wordpress\/wp-content\/uploads\/2013\/12\/biene2-768x576.jpg 768w\" sizes=\"(max-width: 800px) 100vw, 800px\" \/><\/p>\n<p><img loading=\"lazy\" decoding=\"async\" class=\" size-full wp-image-255\" src=\"http:\/\/www.rsb.musin.de\/wordpress\/wp-content\/uploads\/2013\/12\/biene3.JPG\" alt=\"biene3\" width=\"800\" height=\"1067\" srcset=\"https:\/\/rsb.musin.de\/wordpress\/wp-content\/uploads\/2013\/12\/biene3.JPG 800w, https:\/\/rsb.musin.de\/wordpress\/wp-content\/uploads\/2013\/12\/biene3-225x300.jpg 225w, https:\/\/rsb.musin.de\/wordpress\/wp-content\/uploads\/2013\/12\/biene3-768x1024.jpg 768w\" sizes=\"(max-width: 800px) 100vw, 800px\" \/><\/p>\n<p><img loading=\"lazy\" decoding=\"async\" class=\" size-full wp-image-256\" src=\"http:\/\/www.rsb.musin.de\/wordpress\/wp-content\/uploads\/2013\/12\/biene5.JPG\" alt=\"biene5\" width=\"800\" height=\"1067\" srcset=\"https:\/\/rsb.musin.de\/wordpress\/wp-content\/uploads\/2013\/12\/biene5.JPG 800w, https:\/\/rsb.musin.de\/wordpress\/wp-content\/uploads\/2013\/12\/biene5-225x300.jpg 225w, https:\/\/rsb.musin.de\/wordpress\/wp-content\/uploads\/2013\/12\/biene5-768x1024.jpg 768w\" sizes=\"(max-width: 800px) 100vw, 800px\" \/><\/p>\n","protected":false},"excerpt":{"rendered":"<p>Unsere Bienen-AG unter der Leitung von Frau Gr\u00fcner beherbergt im Schulgarten zur Zeit drei Bienen-V\u00f6lker. Die Pflege der Bienen beinhaltet das regelm\u00e4\u00dfige Durchsehen der Bienenv\u00f6lker auf Schwarmt\u00e4tigkeit, die Honigernte und Bearbeitung und die Behandlung der V\u00f6lker auf Varroamilbe. Aber auch handwerkliche T\u00e4tigkeiten werden erlernt, da wir unsere Holzr\u00e4hmchen, in welche die Bienen ihre Honig- und [&hellip;]<\/p>\n","protected":false},"author":1,"featured_media":252,"parent":0,"menu_order":4,"comment_status":"closed","ping_status":"closed","template":"","meta":{"ocean_post_layout":"","ocean_both_sidebars_style":"","ocean_both_sidebars_content_width":0,"ocean_both_sidebars_sidebars_width":0,"ocean_sidebar":"","ocean_second_sidebar":"","ocean_disable_margins":"enable","ocean_add_body_class":"","ocean_shortcode_before_top_bar":"","ocean_shortcode_after_top_bar":"","ocean_shortcode_before_header":"","ocean_shortcode_after_header":"","ocean_has_shortcode":"","ocean_shortcode_after_title":"","ocean_shortcode_before_footer_widgets":"","ocean_shortcode_after_footer_widgets":"","ocean_shortcode_before_footer_bottom":"","ocean_shortcode_after_footer_bottom":"","ocean_display_top_bar":"default","ocean_display_header":"default","ocean_header_style":"","ocean_center_header_left_menu":"","ocean_custom_header_template":"","ocean_custom_logo":0,"ocean_custom_retina_logo":0,"ocean_custom_logo_max_width":0,"ocean_custom_logo_tablet_max_width":0,"ocean_custom_logo_mobile_max_width":0,"ocean_custom_logo_max_height":0,"ocean_custom_logo_tablet_max_height":0,"ocean_custom_logo_mobile_max_height":0,"ocean_header_custom_menu":"","ocean_menu_typo_font_family":"","ocean_menu_typo_font_subset":"","ocean_menu_typo_font_size":0,"ocean_menu_typo_font_size_tablet":0,"ocean_menu_typo_font_size_mobile":0,"ocean_menu_typo_font_size_unit":"px","ocean_menu_typo_font_weight":"","ocean_menu_typo_font_weight_tablet":"","ocean_menu_typo_font_weight_mobile":"","ocean_menu_typo_transform":"","ocean_menu_typo_transform_tablet":"","ocean_menu_typo_transform_mobile":"","ocean_menu_typo_line_height":0,"ocean_menu_typo_line_height_tablet":0,"ocean_menu_typo_line_height_mobile":0,"ocean_menu_typo_line_height_unit":"","ocean_menu_typo_spacing":0,"ocean_menu_typo_spacing_tablet":0,"ocean_menu_typo_spacing_mobile":0,"ocean_menu_typo_spacing_unit":"","ocean_menu_link_color":"","ocean_menu_link_color_hover":"","ocean_menu_link_color_active":"","ocean_menu_link_background":"","ocean_menu_link_hover_background":"","ocean_menu_link_active_background":"","ocean_menu_social_links_bg":"","ocean_menu_social_hover_links_bg":"","ocean_menu_social_links_color":"","ocean_menu_social_hover_links_color":"","ocean_disable_title":"default","ocean_disable_heading":"default","ocean_post_title":"","ocean_post_subheading":"","ocean_post_title_style":"","ocean_post_title_background_color":"","ocean_post_title_background":0,"ocean_post_title_bg_image_position":"","ocean_post_title_bg_image_attachment":"","ocean_post_title_bg_image_repeat":"","ocean_post_title_bg_image_size":"","ocean_post_title_height":0,"ocean_post_title_bg_overlay":0.5,"ocean_post_title_bg_overlay_color":"","ocean_disable_breadcrumbs":"default","ocean_breadcrumbs_color":"","ocean_breadcrumbs_separator_color":"","ocean_breadcrumbs_links_color":"","ocean_breadcrumbs_links_hover_color":"","ocean_display_footer_widgets":"default","ocean_display_footer_bottom":"default","ocean_custom_footer_template":"","footnotes":""},"class_list":["post-257","page","type-page","status-publish","has-post-thumbnail","hentry","entry","has-media"],"yoast_head":"<!-- This site is optimized with the Yoast SEO plugin v26.7 - https:\/\/yoast.com\/wordpress\/plugins\/seo\/ -->\n<title>Die Bienen-AG - Realschule an der Blutenburg<\/title>\n<meta name=\"robots\" content=\"index, follow, max-snippet:-1, max-image-preview:large, max-video-preview:-1\" \/>\n<link rel=\"canonical\" href=\"https:\/\/rsb.musin.de\/wordpress\/bienen\/\" \/>\n<meta property=\"og:locale\" content=\"de_DE\" \/>\n<meta property=\"og:type\" content=\"article\" \/>\n<meta property=\"og:title\" content=\"Die Bienen-AG - Realschule an der Blutenburg\" \/>\n<meta property=\"og:description\" content=\"Unsere Bienen-AG unter der Leitung von Frau Gr\u00fcner beherbergt im Schulgarten zur Zeit drei Bienen-V\u00f6lker. Die Pflege der Bienen beinhaltet das regelm\u00e4\u00dfige Durchsehen der Bienenv\u00f6lker auf Schwarmt\u00e4tigkeit, die Honigernte und Bearbeitung und die Behandlung der V\u00f6lker auf Varroamilbe. Aber auch handwerkliche T\u00e4tigkeiten werden erlernt, da wir unsere Holzr\u00e4hmchen, in welche die Bienen ihre Honig- und [&hellip;]\" \/>\n<meta property=\"og:url\" content=\"https:\/\/rsb.musin.de\/wordpress\/bienen\/\" \/>\n<meta property=\"og:site_name\" content=\"Realschule an der Blutenburg\" \/>\n<meta property=\"og:image\" content=\"https:\/\/rsb.musin.de\/wordpress\/wp-content\/uploads\/2013\/12\/biene4.JPG\" \/>\n\t<meta property=\"og:image:width\" content=\"800\" \/>\n\t<meta property=\"og:image:height\" content=\"600\" \/>\n\t<meta property=\"og:image:type\" content=\"image\/jpeg\" \/>\n<meta name=\"twitter:card\" content=\"summary_large_image\" \/>\n<script type=\"application\/ld+json\" class=\"yoast-schema-graph\">{\"@context\":\"https:\/\/schema.org\",\"@graph\":[{\"@type\":\"WebPage\",\"@id\":\"https:\/\/rsb.musin.de\/wordpress\/bienen\/\",\"url\":\"https:\/\/rsb.musin.de\/wordpress\/bienen\/\",\"name\":\"Die Bienen-AG - Realschule an der Blutenburg\",\"isPartOf\":{\"@id\":\"https:\/\/rsb.musin.de\/wordpress\/#website\"},\"primaryImageOfPage\":{\"@id\":\"https:\/\/rsb.musin.de\/wordpress\/bienen\/#primaryimage\"},\"image\":{\"@id\":\"https:\/\/rsb.musin.de\/wordpress\/bienen\/#primaryimage\"},\"thumbnailUrl\":\"https:\/\/rsb.musin.de\/wordpress\/wp-content\/uploads\/2013\/12\/biene4.JPG\",\"datePublished\":\"2013-12-10T13:22:10+00:00\",\"breadcrumb\":{\"@id\":\"https:\/\/rsb.musin.de\/wordpress\/bienen\/#breadcrumb\"},\"inLanguage\":\"de\",\"potentialAction\":[{\"@type\":\"ReadAction\",\"target\":[\"https:\/\/rsb.musin.de\/wordpress\/bienen\/\"]}]},{\"@type\":\"ImageObject\",\"inLanguage\":\"de\",\"@id\":\"https:\/\/rsb.musin.de\/wordpress\/bienen\/#primaryimage\",\"url\":\"https:\/\/rsb.musin.de\/wordpress\/wp-content\/uploads\/2013\/12\/biene4.JPG\",\"contentUrl\":\"https:\/\/rsb.musin.de\/wordpress\/wp-content\/uploads\/2013\/12\/biene4.JPG\",\"width\":800,\"height\":600,\"caption\":\"biene4\"},{\"@type\":\"BreadcrumbList\",\"@id\":\"https:\/\/rsb.musin.de\/wordpress\/bienen\/#breadcrumb\",\"itemListElement\":[{\"@type\":\"ListItem\",\"position\":1,\"name\":\"Startseite\",\"item\":\"https:\/\/rsb.musin.de\/wordpress\/\"},{\"@type\":\"ListItem\",\"position\":2,\"name\":\"Die Bienen-AG\"}]},{\"@type\":\"WebSite\",\"@id\":\"https:\/\/rsb.musin.de\/wordpress\/#website\",\"url\":\"https:\/\/rsb.musin.de\/wordpress\/\",\"name\":\"Realschule an der Blutenburg\",\"description\":\"Realschule im M\u00fcnchner Westen\",\"publisher\":{\"@id\":\"https:\/\/rsb.musin.de\/wordpress\/#organization\"},\"potentialAction\":[{\"@type\":\"SearchAction\",\"target\":{\"@type\":\"EntryPoint\",\"urlTemplate\":\"https:\/\/rsb.musin.de\/wordpress\/?s={search_term_string}\"},\"query-input\":{\"@type\":\"PropertyValueSpecification\",\"valueRequired\":true,\"valueName\":\"search_term_string\"}}],\"inLanguage\":\"de\"},{\"@type\":\"Organization\",\"@id\":\"https:\/\/rsb.musin.de\/wordpress\/#organization\",\"name\":\"Realschule an der Blutenburg\",\"url\":\"https:\/\/rsb.musin.de\/wordpress\/\",\"logo\":{\"@type\":\"ImageObject\",\"inLanguage\":\"de\",\"@id\":\"https:\/\/rsb.musin.de\/wordpress\/#\/schema\/logo\/image\/\",\"url\":\"http:\/\/www.rsb.musin.de\/wordpress\/wp-content\/uploads\/2022\/01\/favicon.png\",\"contentUrl\":\"http:\/\/www.rsb.musin.de\/wordpress\/wp-content\/uploads\/2022\/01\/favicon.png\",\"width\":180,\"height\":180,\"caption\":\"Realschule an der Blutenburg\"},\"image\":{\"@id\":\"https:\/\/rsb.musin.de\/wordpress\/#\/schema\/logo\/image\/\"}}]}<\/script>\n<!-- \/ Yoast SEO plugin. -->","yoast_head_json":{"title":"Die Bienen-AG - Realschule an der Blutenburg","robots":{"index":"index","follow":"follow","max-snippet":"max-snippet:-1","max-image-preview":"max-image-preview:large","max-video-preview":"max-video-preview:-1"},"canonical":"https:\/\/rsb.musin.de\/wordpress\/bienen\/","og_locale":"de_DE","og_type":"article","og_title":"Die Bienen-AG - Realschule an der Blutenburg","og_description":"Unsere Bienen-AG unter der Leitung von Frau Gr\u00fcner beherbergt im Schulgarten zur Zeit drei Bienen-V\u00f6lker. Die Pflege der Bienen beinhaltet das regelm\u00e4\u00dfige Durchsehen der Bienenv\u00f6lker auf Schwarmt\u00e4tigkeit, die Honigernte und Bearbeitung und die Behandlung der V\u00f6lker auf Varroamilbe. Aber auch handwerkliche T\u00e4tigkeiten werden erlernt, da wir unsere Holzr\u00e4hmchen, in welche die Bienen ihre Honig- und [&hellip;]","og_url":"https:\/\/rsb.musin.de\/wordpress\/bienen\/","og_site_name":"Realschule an der Blutenburg","og_image":[{"width":800,"height":600,"url":"https:\/\/rsb.musin.de\/wordpress\/wp-content\/uploads\/2013\/12\/biene4.JPG","type":"image\/jpeg"}],"twitter_card":"summary_large_image","schema":{"@context":"https:\/\/schema.org","@graph":[{"@type":"WebPage","@id":"https:\/\/rsb.musin.de\/wordpress\/bienen\/","url":"https:\/\/rsb.musin.de\/wordpress\/bienen\/","name":"Die Bienen-AG - Realschule an der Blutenburg","isPartOf":{"@id":"https:\/\/rsb.musin.de\/wordpress\/#website"},"primaryImageOfPage":{"@id":"https:\/\/rsb.musin.de\/wordpress\/bienen\/#primaryimage"},"image":{"@id":"https:\/\/rsb.musin.de\/wordpress\/bienen\/#primaryimage"},"thumbnailUrl":"https:\/\/rsb.musin.de\/wordpress\/wp-content\/uploads\/2013\/12\/biene4.JPG","datePublished":"2013-12-10T13:22:10+00:00","breadcrumb":{"@id":"https:\/\/rsb.musin.de\/wordpress\/bienen\/#breadcrumb"},"inLanguage":"de","potentialAction":[{"@type":"ReadAction","target":["https:\/\/rsb.musin.de\/wordpress\/bienen\/"]}]},{"@type":"ImageObject","inLanguage":"de","@id":"https:\/\/rsb.musin.de\/wordpress\/bienen\/#primaryimage","url":"https:\/\/rsb.musin.de\/wordpress\/wp-content\/uploads\/2013\/12\/biene4.JPG","contentUrl":"https:\/\/rsb.musin.de\/wordpress\/wp-content\/uploads\/2013\/12\/biene4.JPG","width":800,"height":600,"caption":"biene4"},{"@type":"BreadcrumbList","@id":"https:\/\/rsb.musin.de\/wordpress\/bienen\/#breadcrumb","itemListElement":[{"@type":"ListItem","position":1,"name":"Startseite","item":"https:\/\/rsb.musin.de\/wordpress\/"},{"@type":"ListItem","position":2,"name":"Die Bienen-AG"}]},{"@type":"WebSite","@id":"https:\/\/rsb.musin.de\/wordpress\/#website","url":"https:\/\/rsb.musin.de\/wordpress\/","name":"Realschule an der Blutenburg","description":"Realschule im M\u00fcnchner Westen","publisher":{"@id":"https:\/\/rsb.musin.de\/wordpress\/#organization"},"potentialAction":[{"@type":"SearchAction","target":{"@type":"EntryPoint","urlTemplate":"https:\/\/rsb.musin.de\/wordpress\/?s={search_term_string}"},"query-input":{"@type":"PropertyValueSpecification","valueRequired":true,"valueName":"search_term_string"}}],"inLanguage":"de"},{"@type":"Organization","@id":"https:\/\/rsb.musin.de\/wordpress\/#organization","name":"Realschule an der Blutenburg","url":"https:\/\/rsb.musin.de\/wordpress\/","logo":{"@type":"ImageObject","inLanguage":"de","@id":"https:\/\/rsb.musin.de\/wordpress\/#\/schema\/logo\/image\/","url":"http:\/\/www.rsb.musin.de\/wordpress\/wp-content\/uploads\/2022\/01\/favicon.png","contentUrl":"http:\/\/www.rsb.musin.de\/wordpress\/wp-content\/uploads\/2022\/01\/favicon.png","width":180,"height":180,"caption":"Realschule an der Blutenburg"},"image":{"@id":"https:\/\/rsb.musin.de\/wordpress\/#\/schema\/logo\/image\/"}}]}},"_links":{"self":[{"href":"https:\/\/rsb.musin.de\/wordpress\/wp-json\/wp\/v2\/pages\/257","targetHints":{"allow":["GET"]}}],"collection":[{"href":"https:\/\/rsb.musin.de\/wordpress\/wp-json\/wp\/v2\/pages"}],"about":[{"href":"https:\/\/rsb.musin.de\/wordpress\/wp-json\/wp\/v2\/types\/page"}],"author":[{"embeddable":true,"href":"https:\/\/rsb.musin.de\/wordpress\/wp-json\/wp\/v2\/users\/1"}],"replies":[{"embeddable":true,"href":"https:\/\/rsb.musin.de\/wordpress\/wp-json\/wp\/v2\/comments?post=257"}],"version-history":[{"count":0,"href":"https:\/\/rsb.musin.de\/wordpress\/wp-json\/wp\/v2\/pages\/257\/revisions"}],"wp:featuredmedia":[{"embeddable":true,"href":"https:\/\/rsb.musin.de\/wordpress\/wp-json\/wp\/v2\/media\/252"}],"wp:attachment":[{"href":"https:\/\/rsb.musin.de\/wordpress\/wp-json\/wp\/v2\/media?parent=257"}],"curies":[{"name":"wp","href":"https:\/\/api.w.org\/{rel}","templated":true}]}}