{"id":286,"date":"2014-02-04T19:22:14","date_gmt":"2014-02-04T18:22:14","guid":{"rendered":"http:\/\/www.rsb.musin.de\/wordpress\/schueleraustausch\/"},"modified":"2014-02-04T19:22:14","modified_gmt":"2014-02-04T18:22:14","slug":"schueleraustausch","status":"publish","type":"page","link":"https:\/\/rsb.musin.de\/wordpress\/schueleraustausch\/","title":{"rendered":"Sch\u00fcleraustausch"},"content":{"rendered":"<h2>Frankreichaustausch<\/h2>\n<p>mit unserer Partnerschule St. Joseph<br \/>in der Bretagne<\/p>\n<p><img decoding=\"async\" class=\" size-full wp-image-283\" style=\"vertical-align: middle;\" src=\"http:\/\/www.rsb.musin.de\/wordpress\/wp-content\/uploads\/2014\/02\/frankreichaustausch.png\" alt=\"frankreichaustausch\" width=\"85\" height=\"84\" \/><\/p>\n<p>Seit 2001 findet an unser Schule j\u00e4hrlich der Frankreichaustausch statt. In der Jahrgangsstufe 8 besuchen die Sch\u00fclerInnen der Franz\u00f6sischklasse unsere Partnerschule St. Joseph in Ploudalm\u00e9zeau, die an der \u00e4u\u00dfersten Spitze der Bretagne im Departement Finist\u00e8re liegt. Eine Woche leben die Jugendlichen in einer franz\u00f6sischen Familie und die franz\u00f6sischen Sch\u00fclerInnen kommen ebenfalls f\u00fcr eine Woche zum Gegenbesuch.<\/p>\n<p>Neben der M\u00f6glichkeit die eigenen Franz\u00f6sischkenntnisse anzuwenden, haben die Jugendlichen auch die M\u00f6glichkeit, die franz\u00f6sische Kultur und Lebensweise kennenzulernen.<\/p>\n<p>Ein St\u00fcck deutsch-franz\u00f6sischer Freundschaft wird mit einem Austausch gelebt und nicht selten entwickeln sich Freundschaften zwischen den Familien und den Austauschpartnern, die andauern.<\/p>\n<p>Unsere Partnerschule in der Bretagne liegt direkt an der K\u00fcste des Atlantiks, im Land der Abers. Zweimal t\u00e4glich dringt das Meer in diese weiten Flussm\u00fcndungen kilometerweit ein. Die abwechslungsreiche K\u00fcste mit ihren feinen Sandstr\u00e4nden und windgesch\u00fctzten Buchten l\u00e4dt nicht nur zum Baden ein, sondern bietet auch dem Wanderer kilometerlange K\u00fcstenabschnitte an denen sich bizarre Felsformationen mit wilden Steilk\u00fcsten abwechseln. Gerade dieser Unterschied K\u00fcstenort und Gro\u00dfstadt macht f\u00fcr alle Beteiligten den besonderen Reiz unseres Austausches aus.<\/p>\n<p>Vive l\u00b4amiti\u00e9 franco-allemande!<\/p>\n<p><img decoding=\"async\" class=\" size-full wp-image-284\" src=\"http:\/\/www.rsb.musin.de\/wordpress\/wp-content\/uploads\/2014\/02\/frankreichaustausch2.png\" alt=\"frankreichaustausch2\" width=\"234\" height=\"130\" \/><img decoding=\"async\" class=\" alignright size-full wp-image-285\" style=\"float: right;\" src=\"http:\/\/www.rsb.musin.de\/wordpress\/wp-content\/uploads\/2014\/02\/frankreichaustausch3.png\" alt=\"frankreichaustausch3\" width=\"188\" height=\"127\" \/><\/p>\n<p><em>Doris Basenach<\/em><\/p>\n","protected":false},"excerpt":{"rendered":"<p>Frankreichaustausch mit unserer Partnerschule St. Josephin der Bretagne Seit 2001 findet an unser Schule j\u00e4hrlich der Frankreichaustausch statt. In der Jahrgangsstufe 8 besuchen die Sch\u00fclerInnen der Franz\u00f6sischklasse unsere Partnerschule St. Joseph in Ploudalm\u00e9zeau, die an der \u00e4u\u00dfersten Spitze der Bretagne im Departement Finist\u00e8re liegt. Eine Woche leben die Jugendlichen in einer franz\u00f6sischen Familie und die [&hellip;]<\/p>\n","protected":false},"author":1,"featured_media":283,"parent":0,"menu_order":18,"comment_status":"closed","ping_status":"closed","template":"","meta":{"ocean_post_layout":"","ocean_both_sidebars_style":"","ocean_both_sidebars_content_width":0,"ocean_both_sidebars_sidebars_width":0,"ocean_sidebar":"","ocean_second_sidebar":"","ocean_disable_margins":"enable","ocean_add_body_class":"","ocean_shortcode_before_top_bar":"","ocean_shortcode_after_top_bar":"","ocean_shortcode_before_header":"","ocean_shortcode_after_header":"","ocean_has_shortcode":"","ocean_shortcode_after_title":"","ocean_shortcode_before_footer_widgets":"","ocean_shortcode_after_footer_widgets":"","ocean_shortcode_before_footer_bottom":"","ocean_shortcode_after_footer_bottom":"","ocean_display_top_bar":"default","ocean_display_header":"default","ocean_header_style":"","ocean_center_header_left_menu":"","ocean_custom_header_template":"","ocean_custom_logo":0,"ocean_custom_retina_logo":0,"ocean_custom_logo_max_width":0,"ocean_custom_logo_tablet_max_width":0,"ocean_custom_logo_mobile_max_width":0,"ocean_custom_logo_max_height":0,"ocean_custom_logo_tablet_max_height":0,"ocean_custom_logo_mobile_max_height":0,"ocean_header_custom_menu":"","ocean_menu_typo_font_family":"","ocean_menu_typo_font_subset":"","ocean_menu_typo_font_size":0,"ocean_menu_typo_font_size_tablet":0,"ocean_menu_typo_font_size_mobile":0,"ocean_menu_typo_font_size_unit":"px","ocean_menu_typo_font_weight":"","ocean_menu_typo_font_weight_tablet":"","ocean_menu_typo_font_weight_mobile":"","ocean_menu_typo_transform":"","ocean_menu_typo_transform_tablet":"","ocean_menu_typo_transform_mobile":"","ocean_menu_typo_line_height":0,"ocean_menu_typo_line_height_tablet":0,"ocean_menu_typo_line_height_mobile":0,"ocean_menu_typo_line_height_unit":"","ocean_menu_typo_spacing":0,"ocean_menu_typo_spacing_tablet":0,"ocean_menu_typo_spacing_mobile":0,"ocean_menu_typo_spacing_unit":"","ocean_menu_link_color":"","ocean_menu_link_color_hover":"","ocean_menu_link_color_active":"","ocean_menu_link_background":"","ocean_menu_link_hover_background":"","ocean_menu_link_active_background":"","ocean_menu_social_links_bg":"","ocean_menu_social_hover_links_bg":"","ocean_menu_social_links_color":"","ocean_menu_social_hover_links_color":"","ocean_disable_title":"default","ocean_disable_heading":"default","ocean_post_title":"","ocean_post_subheading":"","ocean_post_title_style":"","ocean_post_title_background_color":"","ocean_post_title_background":0,"ocean_post_title_bg_image_position":"","ocean_post_title_bg_image_attachment":"","ocean_post_title_bg_image_repeat":"","ocean_post_title_bg_image_size":"","ocean_post_title_height":0,"ocean_post_title_bg_overlay":0.5,"ocean_post_title_bg_overlay_color":"","ocean_disable_breadcrumbs":"default","ocean_breadcrumbs_color":"","ocean_breadcrumbs_separator_color":"","ocean_breadcrumbs_links_color":"","ocean_breadcrumbs_links_hover_color":"","ocean_display_footer_widgets":"default","ocean_display_footer_bottom":"default","ocean_custom_footer_template":"","footnotes":""},"class_list":["post-286","page","type-page","status-publish","has-post-thumbnail","hentry","entry","has-media"],"yoast_head":"<!-- This site is optimized with the Yoast SEO plugin v26.7 - https:\/\/yoast.com\/wordpress\/plugins\/seo\/ -->\n<title>Sch\u00fcleraustausch - Realschule an der Blutenburg<\/title>\n<meta name=\"robots\" content=\"index, follow, max-snippet:-1, max-image-preview:large, max-video-preview:-1\" \/>\n<link rel=\"canonical\" href=\"https:\/\/rsb.musin.de\/wordpress\/schueleraustausch\/\" \/>\n<meta property=\"og:locale\" content=\"de_DE\" \/>\n<meta property=\"og:type\" content=\"article\" \/>\n<meta property=\"og:title\" content=\"Sch\u00fcleraustausch - Realschule an der Blutenburg\" \/>\n<meta property=\"og:description\" content=\"Frankreichaustausch mit unserer Partnerschule St. Josephin der Bretagne Seit 2001 findet an unser Schule j\u00e4hrlich der Frankreichaustausch statt. In der Jahrgangsstufe 8 besuchen die Sch\u00fclerInnen der Franz\u00f6sischklasse unsere Partnerschule St. Joseph in Ploudalm\u00e9zeau, die an der \u00e4u\u00dfersten Spitze der Bretagne im Departement Finist\u00e8re liegt. Eine Woche leben die Jugendlichen in einer franz\u00f6sischen Familie und die [&hellip;]\" \/>\n<meta property=\"og:url\" content=\"https:\/\/rsb.musin.de\/wordpress\/schueleraustausch\/\" \/>\n<meta property=\"og:site_name\" content=\"Realschule an der Blutenburg\" \/>\n<meta property=\"og:image\" content=\"https:\/\/rsb.musin.de\/wordpress\/wp-content\/uploads\/2014\/02\/frankreichaustausch.png\" \/>\n\t<meta property=\"og:image:width\" content=\"85\" \/>\n\t<meta property=\"og:image:height\" content=\"84\" \/>\n\t<meta property=\"og:image:type\" content=\"image\/png\" \/>\n<meta name=\"twitter:card\" content=\"summary_large_image\" \/>\n<meta name=\"twitter:label1\" content=\"Gesch\u00e4tzte Lesezeit\" \/>\n\t<meta name=\"twitter:data1\" content=\"1\u00a0Minute\" \/>\n<script type=\"application\/ld+json\" class=\"yoast-schema-graph\">{\"@context\":\"https:\/\/schema.org\",\"@graph\":[{\"@type\":\"WebPage\",\"@id\":\"https:\/\/rsb.musin.de\/wordpress\/schueleraustausch\/\",\"url\":\"https:\/\/rsb.musin.de\/wordpress\/schueleraustausch\/\",\"name\":\"Sch\u00fcleraustausch - Realschule an der Blutenburg\",\"isPartOf\":{\"@id\":\"https:\/\/rsb.musin.de\/wordpress\/#website\"},\"primaryImageOfPage\":{\"@id\":\"https:\/\/rsb.musin.de\/wordpress\/schueleraustausch\/#primaryimage\"},\"image\":{\"@id\":\"https:\/\/rsb.musin.de\/wordpress\/schueleraustausch\/#primaryimage\"},\"thumbnailUrl\":\"https:\/\/rsb.musin.de\/wordpress\/wp-content\/uploads\/2014\/02\/frankreichaustausch.png\",\"datePublished\":\"2014-02-04T18:22:14+00:00\",\"breadcrumb\":{\"@id\":\"https:\/\/rsb.musin.de\/wordpress\/schueleraustausch\/#breadcrumb\"},\"inLanguage\":\"de\",\"potentialAction\":[{\"@type\":\"ReadAction\",\"target\":[\"https:\/\/rsb.musin.de\/wordpress\/schueleraustausch\/\"]}]},{\"@type\":\"ImageObject\",\"inLanguage\":\"de\",\"@id\":\"https:\/\/rsb.musin.de\/wordpress\/schueleraustausch\/#primaryimage\",\"url\":\"https:\/\/rsb.musin.de\/wordpress\/wp-content\/uploads\/2014\/02\/frankreichaustausch.png\",\"contentUrl\":\"https:\/\/rsb.musin.de\/wordpress\/wp-content\/uploads\/2014\/02\/frankreichaustausch.png\",\"width\":85,\"height\":84,\"caption\":\"frankreichaustausch\"},{\"@type\":\"BreadcrumbList\",\"@id\":\"https:\/\/rsb.musin.de\/wordpress\/schueleraustausch\/#breadcrumb\",\"itemListElement\":[{\"@type\":\"ListItem\",\"position\":1,\"name\":\"Startseite\",\"item\":\"https:\/\/rsb.musin.de\/wordpress\/\"},{\"@type\":\"ListItem\",\"position\":2,\"name\":\"Sch\u00fcleraustausch\"}]},{\"@type\":\"WebSite\",\"@id\":\"https:\/\/rsb.musin.de\/wordpress\/#website\",\"url\":\"https:\/\/rsb.musin.de\/wordpress\/\",\"name\":\"Realschule an der Blutenburg\",\"description\":\"Realschule im M\u00fcnchner Westen\",\"publisher\":{\"@id\":\"https:\/\/rsb.musin.de\/wordpress\/#organization\"},\"potentialAction\":[{\"@type\":\"SearchAction\",\"target\":{\"@type\":\"EntryPoint\",\"urlTemplate\":\"https:\/\/rsb.musin.de\/wordpress\/?s={search_term_string}\"},\"query-input\":{\"@type\":\"PropertyValueSpecification\",\"valueRequired\":true,\"valueName\":\"search_term_string\"}}],\"inLanguage\":\"de\"},{\"@type\":\"Organization\",\"@id\":\"https:\/\/rsb.musin.de\/wordpress\/#organization\",\"name\":\"Realschule an der Blutenburg\",\"url\":\"https:\/\/rsb.musin.de\/wordpress\/\",\"logo\":{\"@type\":\"ImageObject\",\"inLanguage\":\"de\",\"@id\":\"https:\/\/rsb.musin.de\/wordpress\/#\/schema\/logo\/image\/\",\"url\":\"http:\/\/www.rsb.musin.de\/wordpress\/wp-content\/uploads\/2022\/01\/favicon.png\",\"contentUrl\":\"http:\/\/www.rsb.musin.de\/wordpress\/wp-content\/uploads\/2022\/01\/favicon.png\",\"width\":180,\"height\":180,\"caption\":\"Realschule an der Blutenburg\"},\"image\":{\"@id\":\"https:\/\/rsb.musin.de\/wordpress\/#\/schema\/logo\/image\/\"}}]}<\/script>\n<!-- \/ Yoast SEO plugin. -->","yoast_head_json":{"title":"Sch\u00fcleraustausch - Realschule an der Blutenburg","robots":{"index":"index","follow":"follow","max-snippet":"max-snippet:-1","max-image-preview":"max-image-preview:large","max-video-preview":"max-video-preview:-1"},"canonical":"https:\/\/rsb.musin.de\/wordpress\/schueleraustausch\/","og_locale":"de_DE","og_type":"article","og_title":"Sch\u00fcleraustausch - Realschule an der Blutenburg","og_description":"Frankreichaustausch mit unserer Partnerschule St. Josephin der Bretagne Seit 2001 findet an unser Schule j\u00e4hrlich der Frankreichaustausch statt. In der Jahrgangsstufe 8 besuchen die Sch\u00fclerInnen der Franz\u00f6sischklasse unsere Partnerschule St. Joseph in Ploudalm\u00e9zeau, die an der \u00e4u\u00dfersten Spitze der Bretagne im Departement Finist\u00e8re liegt. Eine Woche leben die Jugendlichen in einer franz\u00f6sischen Familie und die [&hellip;]","og_url":"https:\/\/rsb.musin.de\/wordpress\/schueleraustausch\/","og_site_name":"Realschule an der Blutenburg","og_image":[{"width":85,"height":84,"url":"https:\/\/rsb.musin.de\/wordpress\/wp-content\/uploads\/2014\/02\/frankreichaustausch.png","type":"image\/png"}],"twitter_card":"summary_large_image","twitter_misc":{"Gesch\u00e4tzte Lesezeit":"1\u00a0Minute"},"schema":{"@context":"https:\/\/schema.org","@graph":[{"@type":"WebPage","@id":"https:\/\/rsb.musin.de\/wordpress\/schueleraustausch\/","url":"https:\/\/rsb.musin.de\/wordpress\/schueleraustausch\/","name":"Sch\u00fcleraustausch - Realschule an der Blutenburg","isPartOf":{"@id":"https:\/\/rsb.musin.de\/wordpress\/#website"},"primaryImageOfPage":{"@id":"https:\/\/rsb.musin.de\/wordpress\/schueleraustausch\/#primaryimage"},"image":{"@id":"https:\/\/rsb.musin.de\/wordpress\/schueleraustausch\/#primaryimage"},"thumbnailUrl":"https:\/\/rsb.musin.de\/wordpress\/wp-content\/uploads\/2014\/02\/frankreichaustausch.png","datePublished":"2014-02-04T18:22:14+00:00","breadcrumb":{"@id":"https:\/\/rsb.musin.de\/wordpress\/schueleraustausch\/#breadcrumb"},"inLanguage":"de","potentialAction":[{"@type":"ReadAction","target":["https:\/\/rsb.musin.de\/wordpress\/schueleraustausch\/"]}]},{"@type":"ImageObject","inLanguage":"de","@id":"https:\/\/rsb.musin.de\/wordpress\/schueleraustausch\/#primaryimage","url":"https:\/\/rsb.musin.de\/wordpress\/wp-content\/uploads\/2014\/02\/frankreichaustausch.png","contentUrl":"https:\/\/rsb.musin.de\/wordpress\/wp-content\/uploads\/2014\/02\/frankreichaustausch.png","width":85,"height":84,"caption":"frankreichaustausch"},{"@type":"BreadcrumbList","@id":"https:\/\/rsb.musin.de\/wordpress\/schueleraustausch\/#breadcrumb","itemListElement":[{"@type":"ListItem","position":1,"name":"Startseite","item":"https:\/\/rsb.musin.de\/wordpress\/"},{"@type":"ListItem","position":2,"name":"Sch\u00fcleraustausch"}]},{"@type":"WebSite","@id":"https:\/\/rsb.musin.de\/wordpress\/#website","url":"https:\/\/rsb.musin.de\/wordpress\/","name":"Realschule an der Blutenburg","description":"Realschule im M\u00fcnchner Westen","publisher":{"@id":"https:\/\/rsb.musin.de\/wordpress\/#organization"},"potentialAction":[{"@type":"SearchAction","target":{"@type":"EntryPoint","urlTemplate":"https:\/\/rsb.musin.de\/wordpress\/?s={search_term_string}"},"query-input":{"@type":"PropertyValueSpecification","valueRequired":true,"valueName":"search_term_string"}}],"inLanguage":"de"},{"@type":"Organization","@id":"https:\/\/rsb.musin.de\/wordpress\/#organization","name":"Realschule an der Blutenburg","url":"https:\/\/rsb.musin.de\/wordpress\/","logo":{"@type":"ImageObject","inLanguage":"de","@id":"https:\/\/rsb.musin.de\/wordpress\/#\/schema\/logo\/image\/","url":"http:\/\/www.rsb.musin.de\/wordpress\/wp-content\/uploads\/2022\/01\/favicon.png","contentUrl":"http:\/\/www.rsb.musin.de\/wordpress\/wp-content\/uploads\/2022\/01\/favicon.png","width":180,"height":180,"caption":"Realschule an der Blutenburg"},"image":{"@id":"https:\/\/rsb.musin.de\/wordpress\/#\/schema\/logo\/image\/"}}]}},"_links":{"self":[{"href":"https:\/\/rsb.musin.de\/wordpress\/wp-json\/wp\/v2\/pages\/286","targetHints":{"allow":["GET"]}}],"collection":[{"href":"https:\/\/rsb.musin.de\/wordpress\/wp-json\/wp\/v2\/pages"}],"about":[{"href":"https:\/\/rsb.musin.de\/wordpress\/wp-json\/wp\/v2\/types\/page"}],"author":[{"embeddable":true,"href":"https:\/\/rsb.musin.de\/wordpress\/wp-json\/wp\/v2\/users\/1"}],"replies":[{"embeddable":true,"href":"https:\/\/rsb.musin.de\/wordpress\/wp-json\/wp\/v2\/comments?post=286"}],"version-history":[{"count":1,"href":"https:\/\/rsb.musin.de\/wordpress\/wp-json\/wp\/v2\/pages\/286\/revisions"}],"predecessor-version":[{"id":2896,"href":"https:\/\/rsb.musin.de\/wordpress\/wp-json\/wp\/v2\/pages\/286\/revisions\/2896"}],"wp:featuredmedia":[{"embeddable":true,"href":"https:\/\/rsb.musin.de\/wordpress\/wp-json\/wp\/v2\/media\/283"}],"wp:attachment":[{"href":"https:\/\/rsb.musin.de\/wordpress\/wp-json\/wp\/v2\/media?parent=286"}],"curies":[{"name":"wp","href":"https:\/\/api.w.org\/{rel}","templated":true}]}}