{"id":346,"date":"2014-07-19T20:41:51","date_gmt":"2014-07-19T18:41:51","guid":{"rendered":"http:\/\/www.rsb.musin.de\/wordpress\/wochenplanarbeit\/"},"modified":"2022-02-01T21:43:54","modified_gmt":"2022-02-01T20:43:54","slug":"wochenplanarbeit","status":"publish","type":"page","link":"https:\/\/rsb.musin.de\/wordpress\/wochenplanarbeit\/","title":{"rendered":"SOL: Selbstorganisiertes Lernen"},"content":{"rendered":"\t\t<div data-elementor-type=\"wp-page\" data-elementor-id=\"346\" class=\"elementor elementor-346\">\n\t\t\t\t\t\t<section class=\"elementor-section elementor-top-section elementor-element elementor-element-1e258a4 elementor-section-boxed elementor-section-height-default elementor-section-height-default\" data-id=\"1e258a4\" data-element_type=\"section\">\n\t\t\t\t\t\t<div class=\"elementor-container elementor-column-gap-default\">\n\t\t\t\t\t<div class=\"elementor-column elementor-col-100 elementor-top-column elementor-element elementor-element-af6a571\" data-id=\"af6a571\" data-element_type=\"column\">\n\t\t\t<div class=\"elementor-widget-wrap elementor-element-populated\">\n\t\t\t\t\t\t<div class=\"elementor-element elementor-element-0c68d3a elementor-invisible elementor-widget elementor-widget-image\" data-id=\"0c68d3a\" data-element_type=\"widget\" data-settings=\"{&quot;_animation&quot;:&quot;fadeInUp&quot;}\" data-widget_type=\"image.default\">\n\t\t\t\t<div class=\"elementor-widget-container\">\n\t\t\t\t\t\t\t\t\t\t\t\t<figure class=\"wp-caption\">\n\t\t\t\t\t\t\t\t\t\t<img fetchpriority=\"high\" decoding=\"async\" width=\"225\" height=\"300\" src=\"https:\/\/rsb.musin.de\/wordpress\/wp-content\/uploads\/2022\/01\/IMG_6093-1-225x300.jpg\" class=\"attachment-medium size-medium wp-image-1571\" alt=\"\" srcset=\"https:\/\/rsb.musin.de\/wordpress\/wp-content\/uploads\/2022\/01\/IMG_6093-1-225x300.jpg 225w, https:\/\/rsb.musin.de\/wordpress\/wp-content\/uploads\/2022\/01\/IMG_6093-1-768x1024.jpg 768w, https:\/\/rsb.musin.de\/wordpress\/wp-content\/uploads\/2022\/01\/IMG_6093-1-1152x1536.jpg 1152w, https:\/\/rsb.musin.de\/wordpress\/wp-content\/uploads\/2022\/01\/IMG_6093-1-1536x2048.jpg 1536w, https:\/\/rsb.musin.de\/wordpress\/wp-content\/uploads\/2022\/01\/IMG_6093-1-scaled.jpg 1920w\" sizes=\"(max-width: 225px) 100vw, 225px\" \/>\t\t\t\t\t\t\t\t\t\t\t<figcaption class=\"widget-image-caption wp-caption-text\">Sch\u00fcler in einer SOL-Stunde<\/figcaption>\n\t\t\t\t\t\t\t\t\t\t<\/figure>\n\t\t\t\t\t\t\t\t\t<\/div>\n\t\t\t\t<\/div>\n\t\t\t\t\t<\/div>\n\t\t<\/div>\n\t\t\t\t\t<\/div>\n\t\t<\/section>\n\t\t\t\t<section class=\"elementor-section elementor-top-section elementor-element elementor-element-e8e13f4 elementor-section-boxed elementor-section-height-default elementor-section-height-default\" data-id=\"e8e13f4\" data-element_type=\"section\">\n\t\t\t\t\t\t<div class=\"elementor-container elementor-column-gap-default\">\n\t\t\t\t\t<div class=\"elementor-column elementor-col-100 elementor-top-column elementor-element elementor-element-cf37981\" data-id=\"cf37981\" data-element_type=\"column\">\n\t\t\t<div class=\"elementor-widget-wrap elementor-element-populated\">\n\t\t\t\t\t\t<div class=\"elementor-element elementor-element-0804814 elementor-widget elementor-widget-heading\" data-id=\"0804814\" data-element_type=\"widget\" data-widget_type=\"heading.default\">\n\t\t\t\t<div class=\"elementor-widget-container\">\n\t\t\t\t\t<h2 class=\"elementor-heading-title elementor-size-default\">Selbst organisiertes Lernen<\/h2>\t\t\t\t<\/div>\n\t\t\t\t<\/div>\n\t\t\t\t\t<\/div>\n\t\t<\/div>\n\t\t\t\t\t<\/div>\n\t\t<\/section>\n\t\t\t\t<section class=\"elementor-section elementor-top-section elementor-element elementor-element-b5a33e5 elementor-section-boxed elementor-section-height-default elementor-section-height-default\" data-id=\"b5a33e5\" data-element_type=\"section\">\n\t\t\t\t\t\t<div class=\"elementor-container elementor-column-gap-default\">\n\t\t\t\t\t<div class=\"elementor-column elementor-col-100 elementor-top-column elementor-element elementor-element-5d7aa57\" data-id=\"5d7aa57\" data-element_type=\"column\">\n\t\t\t<div class=\"elementor-widget-wrap elementor-element-populated\">\n\t\t\t\t\t\t<div class=\"elementor-element elementor-element-13bdb4a elementor-widget elementor-widget-text-editor\" data-id=\"13bdb4a\" data-element_type=\"widget\" data-widget_type=\"text-editor.default\">\n\t\t\t\t<div class=\"elementor-widget-container\">\n\t\t\t\t\t\t\t\t\t<p>Ziel der Schule ist es neben der Stoffvermittlung auch Lernkompetenzen zu vermitteln. Wir legen in der Realschule an der Blutenburg daher auch besonderes Augenmerk darauf, dass sich die Sch\u00fcler_innen im Sinne des \u201elebenslangen Lernens\u201c selbst Stoffgebiete erarbeiten und diese \u00fcben. Jede*r Sch\u00fcler*in hat damit die M\u00f6glichkeit das Tempo, das Thema und die Herangehensweise selbst zu bestimmen. Selbstorganisiertes Lernen hei\u00dft aber nicht, dass die Sch\u00fcler*innen allein gelassen werden. Dem Lernprozess steht immer mindestens ein*e Lehrer*in zur Seite, die\/der Tipps und Unterst\u00fctzung gibt, sowohl den Stoff betreffend, als auch die Herangehensweise, bzw. die Arbeitshaltung und Lernstrategie.<\/p><p>Wir lassen die Themengebiete langfristiger bearbeiten,\u00a0 d.h., dass die Sch\u00fcler*innen die M\u00f6glichkeit haben, z.B. \u00fcber sechs Wochen das Thema zu vertiefen und zu lernen oder Produkte zu gestalten.<\/p><p>Am Ende der Perioden kann sowohl das Arbeitsergebnis benotet als auch ein Test \u00fcber den Themenblock geschrieben werden.\u00a0<\/p>\t\t\t\t\t\t\t\t<\/div>\n\t\t\t\t<\/div>\n\t\t\t\t\t<\/div>\n\t\t<\/div>\n\t\t\t\t\t<\/div>\n\t\t<\/section>\n\t\t\t\t<section class=\"elementor-section elementor-top-section elementor-element elementor-element-241abba3 elementor-section-boxed elementor-section-height-default elementor-section-height-default\" data-id=\"241abba3\" data-element_type=\"section\">\n\t\t\t\t\t\t<div class=\"elementor-container elementor-column-gap-default\">\n\t\t\t\t\t<div class=\"elementor-column elementor-col-100 elementor-top-column elementor-element elementor-element-7d82f1d5\" data-id=\"7d82f1d5\" data-element_type=\"column\">\n\t\t\t<div class=\"elementor-widget-wrap elementor-element-populated\">\n\t\t\t\t\t\t<div class=\"elementor-element elementor-element-2726cda1 elementor-invisible elementor-widget elementor-widget-text-editor\" data-id=\"2726cda1\" data-element_type=\"widget\" data-settings=\"{&quot;_animation&quot;:&quot;fadeInUp&quot;}\" data-widget_type=\"text-editor.default\">\n\t\t\t\t<div class=\"elementor-widget-container\">\n\t\t\t\t\t\t\t\t\t<p><br><\/p>\n<p><img decoding=\"async\" class=\" size-full wp-image-345\" src=\"http:\/\/www.rsb.musin.de\/wordpress\/wp-content\/uploads\/2014\/07\/solinfo.png\" alt=\"solinfo\" width=\"800\" height=\"614\" srcset=\"https:\/\/rsb.musin.de\/wordpress\/wp-content\/uploads\/2014\/07\/solinfo.png 800w, https:\/\/rsb.musin.de\/wordpress\/wp-content\/uploads\/2014\/07\/solinfo-300x230.png 300w, https:\/\/rsb.musin.de\/wordpress\/wp-content\/uploads\/2014\/07\/solinfo-768x589.png 768w\" sizes=\"(max-width: 800px) 100vw, 800px\" \/><\/p>\t\t\t\t\t\t\t\t<\/div>\n\t\t\t\t<\/div>\n\t\t\t\t\t<\/div>\n\t\t<\/div>\n\t\t\t\t\t<\/div>\n\t\t<\/section>\n\t\t\t\t<section class=\"elementor-section elementor-top-section elementor-element elementor-element-8de94ed elementor-section-boxed elementor-section-height-default elementor-section-height-default\" data-id=\"8de94ed\" data-element_type=\"section\">\n\t\t\t\t\t\t<div class=\"elementor-container elementor-column-gap-default\">\n\t\t\t\t\t<div class=\"elementor-column elementor-col-100 elementor-top-column elementor-element elementor-element-d1d7e51\" data-id=\"d1d7e51\" data-element_type=\"column\">\n\t\t\t<div class=\"elementor-widget-wrap\">\n\t\t\t\t\t\t\t<\/div>\n\t\t<\/div>\n\t\t\t\t\t<\/div>\n\t\t<\/section>\n\t\t\t\t<\/div>\n\t\t","protected":false},"excerpt":{"rendered":"<p>Sch\u00fcler in einer SOL-Stunde Selbst organisiertes Lernen Ziel der Schule ist es neben der Stoffvermittlung auch Lernkompetenzen zu vermitteln. Wir legen in der Realschule an der Blutenburg daher auch besonderes Augenmerk darauf, dass sich die Sch\u00fcler_innen im Sinne des \u201elebenslangen Lernens\u201c selbst Stoffgebiete erarbeiten und diese \u00fcben. Jede*r Sch\u00fcler*in hat damit die M\u00f6glichkeit das Tempo, [&hellip;]<\/p>\n","protected":false},"author":1,"featured_media":345,"parent":0,"menu_order":13,"comment_status":"closed","ping_status":"closed","template":"","meta":{"ocean_post_layout":"","ocean_both_sidebars_style":"","ocean_both_sidebars_content_width":0,"ocean_both_sidebars_sidebars_width":0,"ocean_sidebar":"","ocean_second_sidebar":"","ocean_disable_margins":"enable","ocean_add_body_class":"","ocean_shortcode_before_top_bar":"","ocean_shortcode_after_top_bar":"","ocean_shortcode_before_header":"","ocean_shortcode_after_header":"","ocean_has_shortcode":"","ocean_shortcode_after_title":"","ocean_shortcode_before_footer_widgets":"","ocean_shortcode_after_footer_widgets":"","ocean_shortcode_before_footer_bottom":"","ocean_shortcode_after_footer_bottom":"","ocean_display_top_bar":"default","ocean_display_header":"default","ocean_header_style":"","ocean_center_header_left_menu":"","ocean_custom_header_template":"","ocean_custom_logo":0,"ocean_custom_retina_logo":0,"ocean_custom_logo_max_width":0,"ocean_custom_logo_tablet_max_width":0,"ocean_custom_logo_mobile_max_width":0,"ocean_custom_logo_max_height":0,"ocean_custom_logo_tablet_max_height":0,"ocean_custom_logo_mobile_max_height":0,"ocean_header_custom_menu":"","ocean_menu_typo_font_family":"","ocean_menu_typo_font_subset":"","ocean_menu_typo_font_size":0,"ocean_menu_typo_font_size_tablet":0,"ocean_menu_typo_font_size_mobile":0,"ocean_menu_typo_font_size_unit":"px","ocean_menu_typo_font_weight":"","ocean_menu_typo_font_weight_tablet":"","ocean_menu_typo_font_weight_mobile":"","ocean_menu_typo_transform":"","ocean_menu_typo_transform_tablet":"","ocean_menu_typo_transform_mobile":"","ocean_menu_typo_line_height":0,"ocean_menu_typo_line_height_tablet":0,"ocean_menu_typo_line_height_mobile":0,"ocean_menu_typo_line_height_unit":"","ocean_menu_typo_spacing":0,"ocean_menu_typo_spacing_tablet":0,"ocean_menu_typo_spacing_mobile":0,"ocean_menu_typo_spacing_unit":"","ocean_menu_link_color":"","ocean_menu_link_color_hover":"","ocean_menu_link_color_active":"","ocean_menu_link_background":"","ocean_menu_link_hover_background":"","ocean_menu_link_active_background":"","ocean_menu_social_links_bg":"","ocean_menu_social_hover_links_bg":"","ocean_menu_social_links_color":"","ocean_menu_social_hover_links_color":"","ocean_disable_title":"default","ocean_disable_heading":"default","ocean_post_title":"","ocean_post_subheading":"","ocean_post_title_style":"","ocean_post_title_background_color":"","ocean_post_title_background":0,"ocean_post_title_bg_image_position":"","ocean_post_title_bg_image_attachment":"","ocean_post_title_bg_image_repeat":"","ocean_post_title_bg_image_size":"","ocean_post_title_height":0,"ocean_post_title_bg_overlay":0.5,"ocean_post_title_bg_overlay_color":"","ocean_disable_breadcrumbs":"default","ocean_breadcrumbs_color":"","ocean_breadcrumbs_separator_color":"","ocean_breadcrumbs_links_color":"","ocean_breadcrumbs_links_hover_color":"","ocean_display_footer_widgets":"default","ocean_display_footer_bottom":"default","ocean_custom_footer_template":"","footnotes":""},"class_list":["post-346","page","type-page","status-publish","has-post-thumbnail","hentry","entry","has-media"],"yoast_head":"<!-- This site is optimized with the Yoast SEO plugin v26.7 - https:\/\/yoast.com\/wordpress\/plugins\/seo\/ -->\n<title>SOL: Selbstorganisiertes Lernen - Realschule an der Blutenburg<\/title>\n<meta name=\"robots\" content=\"index, follow, max-snippet:-1, max-image-preview:large, max-video-preview:-1\" \/>\n<link rel=\"canonical\" href=\"https:\/\/rsb.musin.de\/wordpress\/wochenplanarbeit\/\" \/>\n<meta property=\"og:locale\" content=\"de_DE\" \/>\n<meta property=\"og:type\" content=\"article\" \/>\n<meta property=\"og:title\" content=\"SOL: Selbstorganisiertes Lernen - Realschule an der Blutenburg\" \/>\n<meta property=\"og:description\" content=\"Sch\u00fcler in einer SOL-Stunde Selbst organisiertes Lernen Ziel der Schule ist es neben der Stoffvermittlung auch Lernkompetenzen zu vermitteln. Wir legen in der Realschule an der Blutenburg daher auch besonderes Augenmerk darauf, dass sich die Sch\u00fcler_innen im Sinne des \u201elebenslangen Lernens\u201c selbst Stoffgebiete erarbeiten und diese \u00fcben. Jede*r Sch\u00fcler*in hat damit die M\u00f6glichkeit das Tempo, [&hellip;]\" \/>\n<meta property=\"og:url\" content=\"https:\/\/rsb.musin.de\/wordpress\/wochenplanarbeit\/\" \/>\n<meta property=\"og:site_name\" content=\"Realschule an der Blutenburg\" \/>\n<meta property=\"article:modified_time\" content=\"2022-02-01T20:43:54+00:00\" \/>\n<meta property=\"og:image\" content=\"https:\/\/rsb.musin.de\/wordpress\/wp-content\/uploads\/2014\/07\/solinfo.png\" \/>\n\t<meta property=\"og:image:width\" content=\"800\" \/>\n\t<meta property=\"og:image:height\" content=\"614\" \/>\n\t<meta property=\"og:image:type\" content=\"image\/png\" \/>\n<meta name=\"twitter:card\" content=\"summary_large_image\" \/>\n<meta name=\"twitter:label1\" content=\"Gesch\u00e4tzte Lesezeit\" \/>\n\t<meta name=\"twitter:data1\" content=\"1\u00a0Minute\" \/>\n<script type=\"application\/ld+json\" class=\"yoast-schema-graph\">{\"@context\":\"https:\/\/schema.org\",\"@graph\":[{\"@type\":\"WebPage\",\"@id\":\"https:\/\/rsb.musin.de\/wordpress\/wochenplanarbeit\/\",\"url\":\"https:\/\/rsb.musin.de\/wordpress\/wochenplanarbeit\/\",\"name\":\"SOL: Selbstorganisiertes Lernen - Realschule an der Blutenburg\",\"isPartOf\":{\"@id\":\"https:\/\/rsb.musin.de\/wordpress\/#website\"},\"primaryImageOfPage\":{\"@id\":\"https:\/\/rsb.musin.de\/wordpress\/wochenplanarbeit\/#primaryimage\"},\"image\":{\"@id\":\"https:\/\/rsb.musin.de\/wordpress\/wochenplanarbeit\/#primaryimage\"},\"thumbnailUrl\":\"https:\/\/rsb.musin.de\/wordpress\/wp-content\/uploads\/2014\/07\/solinfo.png\",\"datePublished\":\"2014-07-19T18:41:51+00:00\",\"dateModified\":\"2022-02-01T20:43:54+00:00\",\"breadcrumb\":{\"@id\":\"https:\/\/rsb.musin.de\/wordpress\/wochenplanarbeit\/#breadcrumb\"},\"inLanguage\":\"de\",\"potentialAction\":[{\"@type\":\"ReadAction\",\"target\":[\"https:\/\/rsb.musin.de\/wordpress\/wochenplanarbeit\/\"]}]},{\"@type\":\"ImageObject\",\"inLanguage\":\"de\",\"@id\":\"https:\/\/rsb.musin.de\/wordpress\/wochenplanarbeit\/#primaryimage\",\"url\":\"https:\/\/rsb.musin.de\/wordpress\/wp-content\/uploads\/2014\/07\/solinfo.png\",\"contentUrl\":\"https:\/\/rsb.musin.de\/wordpress\/wp-content\/uploads\/2014\/07\/solinfo.png\",\"width\":800,\"height\":614,\"caption\":\"solinfo\"},{\"@type\":\"BreadcrumbList\",\"@id\":\"https:\/\/rsb.musin.de\/wordpress\/wochenplanarbeit\/#breadcrumb\",\"itemListElement\":[{\"@type\":\"ListItem\",\"position\":1,\"name\":\"Startseite\",\"item\":\"https:\/\/rsb.musin.de\/wordpress\/\"},{\"@type\":\"ListItem\",\"position\":2,\"name\":\"SOL: Selbstorganisiertes Lernen\"}]},{\"@type\":\"WebSite\",\"@id\":\"https:\/\/rsb.musin.de\/wordpress\/#website\",\"url\":\"https:\/\/rsb.musin.de\/wordpress\/\",\"name\":\"Realschule an der Blutenburg\",\"description\":\"Realschule im M\u00fcnchner Westen\",\"publisher\":{\"@id\":\"https:\/\/rsb.musin.de\/wordpress\/#organization\"},\"potentialAction\":[{\"@type\":\"SearchAction\",\"target\":{\"@type\":\"EntryPoint\",\"urlTemplate\":\"https:\/\/rsb.musin.de\/wordpress\/?s={search_term_string}\"},\"query-input\":{\"@type\":\"PropertyValueSpecification\",\"valueRequired\":true,\"valueName\":\"search_term_string\"}}],\"inLanguage\":\"de\"},{\"@type\":\"Organization\",\"@id\":\"https:\/\/rsb.musin.de\/wordpress\/#organization\",\"name\":\"Realschule an der Blutenburg\",\"url\":\"https:\/\/rsb.musin.de\/wordpress\/\",\"logo\":{\"@type\":\"ImageObject\",\"inLanguage\":\"de\",\"@id\":\"https:\/\/rsb.musin.de\/wordpress\/#\/schema\/logo\/image\/\",\"url\":\"http:\/\/www.rsb.musin.de\/wordpress\/wp-content\/uploads\/2022\/01\/favicon.png\",\"contentUrl\":\"http:\/\/www.rsb.musin.de\/wordpress\/wp-content\/uploads\/2022\/01\/favicon.png\",\"width\":180,\"height\":180,\"caption\":\"Realschule an der Blutenburg\"},\"image\":{\"@id\":\"https:\/\/rsb.musin.de\/wordpress\/#\/schema\/logo\/image\/\"}}]}<\/script>\n<!-- \/ Yoast SEO plugin. -->","yoast_head_json":{"title":"SOL: Selbstorganisiertes Lernen - Realschule an der Blutenburg","robots":{"index":"index","follow":"follow","max-snippet":"max-snippet:-1","max-image-preview":"max-image-preview:large","max-video-preview":"max-video-preview:-1"},"canonical":"https:\/\/rsb.musin.de\/wordpress\/wochenplanarbeit\/","og_locale":"de_DE","og_type":"article","og_title":"SOL: Selbstorganisiertes Lernen - Realschule an der Blutenburg","og_description":"Sch\u00fcler in einer SOL-Stunde Selbst organisiertes Lernen Ziel der Schule ist es neben der Stoffvermittlung auch Lernkompetenzen zu vermitteln. Wir legen in der Realschule an der Blutenburg daher auch besonderes Augenmerk darauf, dass sich die Sch\u00fcler_innen im Sinne des \u201elebenslangen Lernens\u201c selbst Stoffgebiete erarbeiten und diese \u00fcben. Jede*r Sch\u00fcler*in hat damit die M\u00f6glichkeit das Tempo, [&hellip;]","og_url":"https:\/\/rsb.musin.de\/wordpress\/wochenplanarbeit\/","og_site_name":"Realschule an der Blutenburg","article_modified_time":"2022-02-01T20:43:54+00:00","og_image":[{"width":800,"height":614,"url":"https:\/\/rsb.musin.de\/wordpress\/wp-content\/uploads\/2014\/07\/solinfo.png","type":"image\/png"}],"twitter_card":"summary_large_image","twitter_misc":{"Gesch\u00e4tzte Lesezeit":"1\u00a0Minute"},"schema":{"@context":"https:\/\/schema.org","@graph":[{"@type":"WebPage","@id":"https:\/\/rsb.musin.de\/wordpress\/wochenplanarbeit\/","url":"https:\/\/rsb.musin.de\/wordpress\/wochenplanarbeit\/","name":"SOL: Selbstorganisiertes Lernen - Realschule an der Blutenburg","isPartOf":{"@id":"https:\/\/rsb.musin.de\/wordpress\/#website"},"primaryImageOfPage":{"@id":"https:\/\/rsb.musin.de\/wordpress\/wochenplanarbeit\/#primaryimage"},"image":{"@id":"https:\/\/rsb.musin.de\/wordpress\/wochenplanarbeit\/#primaryimage"},"thumbnailUrl":"https:\/\/rsb.musin.de\/wordpress\/wp-content\/uploads\/2014\/07\/solinfo.png","datePublished":"2014-07-19T18:41:51+00:00","dateModified":"2022-02-01T20:43:54+00:00","breadcrumb":{"@id":"https:\/\/rsb.musin.de\/wordpress\/wochenplanarbeit\/#breadcrumb"},"inLanguage":"de","potentialAction":[{"@type":"ReadAction","target":["https:\/\/rsb.musin.de\/wordpress\/wochenplanarbeit\/"]}]},{"@type":"ImageObject","inLanguage":"de","@id":"https:\/\/rsb.musin.de\/wordpress\/wochenplanarbeit\/#primaryimage","url":"https:\/\/rsb.musin.de\/wordpress\/wp-content\/uploads\/2014\/07\/solinfo.png","contentUrl":"https:\/\/rsb.musin.de\/wordpress\/wp-content\/uploads\/2014\/07\/solinfo.png","width":800,"height":614,"caption":"solinfo"},{"@type":"BreadcrumbList","@id":"https:\/\/rsb.musin.de\/wordpress\/wochenplanarbeit\/#breadcrumb","itemListElement":[{"@type":"ListItem","position":1,"name":"Startseite","item":"https:\/\/rsb.musin.de\/wordpress\/"},{"@type":"ListItem","position":2,"name":"SOL: Selbstorganisiertes Lernen"}]},{"@type":"WebSite","@id":"https:\/\/rsb.musin.de\/wordpress\/#website","url":"https:\/\/rsb.musin.de\/wordpress\/","name":"Realschule an der Blutenburg","description":"Realschule im M\u00fcnchner Westen","publisher":{"@id":"https:\/\/rsb.musin.de\/wordpress\/#organization"},"potentialAction":[{"@type":"SearchAction","target":{"@type":"EntryPoint","urlTemplate":"https:\/\/rsb.musin.de\/wordpress\/?s={search_term_string}"},"query-input":{"@type":"PropertyValueSpecification","valueRequired":true,"valueName":"search_term_string"}}],"inLanguage":"de"},{"@type":"Organization","@id":"https:\/\/rsb.musin.de\/wordpress\/#organization","name":"Realschule an der Blutenburg","url":"https:\/\/rsb.musin.de\/wordpress\/","logo":{"@type":"ImageObject","inLanguage":"de","@id":"https:\/\/rsb.musin.de\/wordpress\/#\/schema\/logo\/image\/","url":"http:\/\/www.rsb.musin.de\/wordpress\/wp-content\/uploads\/2022\/01\/favicon.png","contentUrl":"http:\/\/www.rsb.musin.de\/wordpress\/wp-content\/uploads\/2022\/01\/favicon.png","width":180,"height":180,"caption":"Realschule an der Blutenburg"},"image":{"@id":"https:\/\/rsb.musin.de\/wordpress\/#\/schema\/logo\/image\/"}}]}},"_links":{"self":[{"href":"https:\/\/rsb.musin.de\/wordpress\/wp-json\/wp\/v2\/pages\/346","targetHints":{"allow":["GET"]}}],"collection":[{"href":"https:\/\/rsb.musin.de\/wordpress\/wp-json\/wp\/v2\/pages"}],"about":[{"href":"https:\/\/rsb.musin.de\/wordpress\/wp-json\/wp\/v2\/types\/page"}],"author":[{"embeddable":true,"href":"https:\/\/rsb.musin.de\/wordpress\/wp-json\/wp\/v2\/users\/1"}],"replies":[{"embeddable":true,"href":"https:\/\/rsb.musin.de\/wordpress\/wp-json\/wp\/v2\/comments?post=346"}],"version-history":[{"count":3,"href":"https:\/\/rsb.musin.de\/wordpress\/wp-json\/wp\/v2\/pages\/346\/revisions"}],"predecessor-version":[{"id":2058,"href":"https:\/\/rsb.musin.de\/wordpress\/wp-json\/wp\/v2\/pages\/346\/revisions\/2058"}],"wp:featuredmedia":[{"embeddable":true,"href":"https:\/\/rsb.musin.de\/wordpress\/wp-json\/wp\/v2\/media\/345"}],"wp:attachment":[{"href":"https:\/\/rsb.musin.de\/wordpress\/wp-json\/wp\/v2\/media?parent=346"}],"curies":[{"name":"wp","href":"https:\/\/api.w.org\/{rel}","templated":true}]}}