{"id":562,"date":"2016-01-09T20:58:00","date_gmt":"2016-01-09T19:58:00","guid":{"rendered":"http:\/\/www.rsb.musin.de\/wordpress\/projekttag-kompetenzen-erwerben\/"},"modified":"2022-02-02T20:49:18","modified_gmt":"2022-02-02T19:49:18","slug":"projekttag-kompetenzen-erwerben","status":"publish","type":"page","link":"https:\/\/rsb.musin.de\/wordpress\/projekttag-kompetenzen-erwerben\/","title":{"rendered":"Kompetenzmesse"},"content":{"rendered":"\t\t<div data-elementor-type=\"wp-page\" data-elementor-id=\"562\" class=\"elementor elementor-562\">\n\t\t\t\t\t\t<section class=\"elementor-section elementor-top-section elementor-element elementor-element-128e727 elementor-section-boxed elementor-section-height-default elementor-section-height-default\" data-id=\"128e727\" data-element_type=\"section\">\n\t\t\t\t\t\t<div class=\"elementor-container elementor-column-gap-default\">\n\t\t\t\t\t<div class=\"elementor-column elementor-col-66 elementor-top-column elementor-element elementor-element-5d37e01\" data-id=\"5d37e01\" data-element_type=\"column\">\n\t\t\t<div class=\"elementor-widget-wrap elementor-element-populated\">\n\t\t\t\t\t\t<div class=\"elementor-element elementor-element-a1abe9f elementor-widget elementor-widget-heading\" data-id=\"a1abe9f\" data-element_type=\"widget\" data-widget_type=\"heading.default\">\n\t\t\t\t<div class=\"elementor-widget-container\">\n\t\t\t\t\t<h2 class=\"elementor-heading-title elementor-size-default\">Kompetenzen erwerben<\/h2>\t\t\t\t<\/div>\n\t\t\t\t<\/div>\n\t\t\t\t\t<\/div>\n\t\t<\/div>\n\t\t\t\t<div class=\"elementor-column elementor-col-33 elementor-top-column elementor-element elementor-element-0cc7722\" data-id=\"0cc7722\" data-element_type=\"column\">\n\t\t\t<div class=\"elementor-widget-wrap elementor-element-populated\">\n\t\t\t\t\t\t<div class=\"elementor-element elementor-element-db750ae elementor-invisible elementor-widget elementor-widget-image\" data-id=\"db750ae\" data-element_type=\"widget\" data-settings=\"{&quot;_animation&quot;:&quot;fadeInLeft&quot;}\" data-widget_type=\"image.default\">\n\t\t\t\t<div class=\"elementor-widget-container\">\n\t\t\t\t\t\t\t\t\t\t\t\t\t\t\t<img fetchpriority=\"high\" decoding=\"async\" width=\"768\" height=\"1024\" src=\"https:\/\/rsb.musin.de\/wordpress\/wp-content\/uploads\/2022\/01\/IMG_6083-1-768x1024.jpg\" class=\"attachment-large size-large wp-image-1568\" alt=\"\" srcset=\"https:\/\/rsb.musin.de\/wordpress\/wp-content\/uploads\/2022\/01\/IMG_6083-1-768x1024.jpg 768w, https:\/\/rsb.musin.de\/wordpress\/wp-content\/uploads\/2022\/01\/IMG_6083-1-225x300.jpg 225w, https:\/\/rsb.musin.de\/wordpress\/wp-content\/uploads\/2022\/01\/IMG_6083-1-1152x1536.jpg 1152w, https:\/\/rsb.musin.de\/wordpress\/wp-content\/uploads\/2022\/01\/IMG_6083-1-1536x2048.jpg 1536w, https:\/\/rsb.musin.de\/wordpress\/wp-content\/uploads\/2022\/01\/IMG_6083-1-scaled.jpg 1920w\" sizes=\"(max-width: 768px) 100vw, 768px\" \/>\t\t\t\t\t\t\t\t\t\t\t\t\t\t\t<\/div>\n\t\t\t\t<\/div>\n\t\t\t\t\t<\/div>\n\t\t<\/div>\n\t\t\t\t\t<\/div>\n\t\t<\/section>\n\t\t\t\t<section class=\"elementor-section elementor-top-section elementor-element elementor-element-76e90a4 elementor-section-boxed elementor-section-height-default elementor-section-height-default\" data-id=\"76e90a4\" data-element_type=\"section\">\n\t\t\t\t\t\t<div class=\"elementor-container elementor-column-gap-default\">\n\t\t\t\t\t<div class=\"elementor-column elementor-col-100 elementor-top-column elementor-element elementor-element-8a3e8d4\" data-id=\"8a3e8d4\" data-element_type=\"column\">\n\t\t\t<div class=\"elementor-widget-wrap elementor-element-populated\">\n\t\t\t\t\t\t<div class=\"elementor-element elementor-element-b933af9 elementor-widget elementor-widget-text-editor\" data-id=\"b933af9\" data-element_type=\"widget\" data-widget_type=\"text-editor.default\">\n\t\t\t\t<div class=\"elementor-widget-container\">\n\t\t\t\t\t\t\t\t\t<p>In halbj\u00e4hrlichen Abst\u00e4nden veranstalten wir an der Realschule an der Blutenburg sogenannte &#8220;Kompetenzmessen&#8221;.<\/p><p>Ziel dieser Kompetenzmessen ist es, verst\u00e4rkt vom Faktenlernen abzur\u00fccken und F\u00e4higkeiten zu schulen. Dabei sollen die Sch\u00fcler*innen auch lernen sich selbst besser einzusch\u00e4tzen und zu reflektieren. Jeder Sch\u00fcler nimmt an diesen Vormittagen an zwei unterschiedlichen Workshops teil. Angeboten wurden folgende Kompetenzen, die die Sch\u00fclerinnen und Sch\u00fcler klassen- und z.T. jahrgangsstufen\u00fcbergreifend in kleineren Gruppen (ca. zehn Kinder pro Lehrkraft) erarbeitet haben und anschlie\u00dfend gemeinsam mit zwei Lehrkr\u00e4ften reflektiert wurden:<\/p><p><strong>6. und 7. Klasse<\/strong><br \/>K\u00f6rpersprache, Zeitmanagement, Reflexionsf\u00e4higkeit, Arbeiten im Team, Medienkompetenz, Frustrationstoleranz, Lesekompetenz, Infobeschaffung<\/p><p><strong>8. und 9. Klasse<\/strong><br \/>K\u00f6rpersprache, Zeitmanagement, Pr\u00e4sentationskompetenz, Frustrationstoleranz, Kreativit\u00e4t, Infobeschaffung \/ Datenschutz, Diskutieren \/ Moderieren, Ged\u00e4chtnistraining<\/p><p>Zum Schuljahr isr der neue\u00a0<a href=\"https:\/\/www.lehrplanplus.bayern.de\/schulart\/realschule\" target=\"_blank\" rel=\"noopener\">LehrplanPlus f\u00fcr Realschulen<\/a>\u00a0bayernweit in Kraft treten. Dieser neue Lehrplan beinhaltet neben dem Wissenserwerb in hohem Ma\u00dfe und explizit den Kompetenzerwerb. Nicht zuletzt deshalb f\u00fchren wir diese Art von Kompetenzerwerb in der Zukunft regelm\u00e4\u00dfig durch und werden diese auch inhaltlich erweitern, so dass alle am Ende ihrer Schullaufbahn ein ganzes Kompetenzrepertoire vorweisen k\u00f6nnen. Dass diese und alle weiteren Kompetenzen im Unterricht regelm\u00e4\u00dfig und fortlaufend verst\u00e4rkt, praktisch angewandt und einge\u00fcbt werden, versteht sich von selbst.<\/p><p>\u00a0<\/p><p>\u00a0\u00a0\u00a0<\/p><p>\u00a0\u00a0\u00a0<\/p>\t\t\t\t\t\t\t\t<\/div>\n\t\t\t\t<\/div>\n\t\t\t\t\t<\/div>\n\t\t<\/div>\n\t\t\t\t\t<\/div>\n\t\t<\/section>\n\t\t\t\t<\/div>\n\t\t","protected":false},"excerpt":{"rendered":"<p>Kompetenzen erwerben In halbj\u00e4hrlichen Abst\u00e4nden veranstalten wir an der Realschule an der Blutenburg sogenannte &#8220;Kompetenzmessen&#8221;. Ziel dieser Kompetenzmessen ist es, verst\u00e4rkt vom Faktenlernen abzur\u00fccken und F\u00e4higkeiten zu schulen. Dabei sollen die Sch\u00fcler*innen auch lernen sich selbst besser einzusch\u00e4tzen und zu reflektieren. Jeder Sch\u00fcler nimmt an diesen Vormittagen an zwei unterschiedlichen Workshops teil. Angeboten wurden folgende [&hellip;]<\/p>\n","protected":false},"author":1,"featured_media":556,"parent":0,"menu_order":27,"comment_status":"closed","ping_status":"closed","template":"","meta":{"ocean_post_layout":"","ocean_both_sidebars_style":"","ocean_both_sidebars_content_width":0,"ocean_both_sidebars_sidebars_width":0,"ocean_sidebar":"","ocean_second_sidebar":"","ocean_disable_margins":"enable","ocean_add_body_class":"","ocean_shortcode_before_top_bar":"","ocean_shortcode_after_top_bar":"","ocean_shortcode_before_header":"","ocean_shortcode_after_header":"","ocean_has_shortcode":"","ocean_shortcode_after_title":"","ocean_shortcode_before_footer_widgets":"","ocean_shortcode_after_footer_widgets":"","ocean_shortcode_before_footer_bottom":"","ocean_shortcode_after_footer_bottom":"","ocean_display_top_bar":"default","ocean_display_header":"default","ocean_header_style":"","ocean_center_header_left_menu":"","ocean_custom_header_template":"","ocean_custom_logo":0,"ocean_custom_retina_logo":0,"ocean_custom_logo_max_width":0,"ocean_custom_logo_tablet_max_width":0,"ocean_custom_logo_mobile_max_width":0,"ocean_custom_logo_max_height":0,"ocean_custom_logo_tablet_max_height":0,"ocean_custom_logo_mobile_max_height":0,"ocean_header_custom_menu":"","ocean_menu_typo_font_family":"","ocean_menu_typo_font_subset":"","ocean_menu_typo_font_size":0,"ocean_menu_typo_font_size_tablet":0,"ocean_menu_typo_font_size_mobile":0,"ocean_menu_typo_font_size_unit":"px","ocean_menu_typo_font_weight":"","ocean_menu_typo_font_weight_tablet":"","ocean_menu_typo_font_weight_mobile":"","ocean_menu_typo_transform":"","ocean_menu_typo_transform_tablet":"","ocean_menu_typo_transform_mobile":"","ocean_menu_typo_line_height":0,"ocean_menu_typo_line_height_tablet":0,"ocean_menu_typo_line_height_mobile":0,"ocean_menu_typo_line_height_unit":"","ocean_menu_typo_spacing":0,"ocean_menu_typo_spacing_tablet":0,"ocean_menu_typo_spacing_mobile":0,"ocean_menu_typo_spacing_unit":"","ocean_menu_link_color":"","ocean_menu_link_color_hover":"","ocean_menu_link_color_active":"","ocean_menu_link_background":"","ocean_menu_link_hover_background":"","ocean_menu_link_active_background":"","ocean_menu_social_links_bg":"","ocean_menu_social_hover_links_bg":"","ocean_menu_social_links_color":"","ocean_menu_social_hover_links_color":"","ocean_disable_title":"default","ocean_disable_heading":"default","ocean_post_title":"","ocean_post_subheading":"","ocean_post_title_style":"","ocean_post_title_background_color":"","ocean_post_title_background":0,"ocean_post_title_bg_image_position":"","ocean_post_title_bg_image_attachment":"","ocean_post_title_bg_image_repeat":"","ocean_post_title_bg_image_size":"","ocean_post_title_height":0,"ocean_post_title_bg_overlay":0.5,"ocean_post_title_bg_overlay_color":"","ocean_disable_breadcrumbs":"default","ocean_breadcrumbs_color":"","ocean_breadcrumbs_separator_color":"","ocean_breadcrumbs_links_color":"","ocean_breadcrumbs_links_hover_color":"","ocean_display_footer_widgets":"default","ocean_display_footer_bottom":"default","ocean_custom_footer_template":"","footnotes":""},"class_list":["post-562","page","type-page","status-publish","has-post-thumbnail","hentry","entry","has-media"],"yoast_head":"<!-- This site is optimized with the Yoast SEO plugin v26.7 - https:\/\/yoast.com\/wordpress\/plugins\/seo\/ -->\n<title>Kompetenzmesse - Realschule an der Blutenburg<\/title>\n<meta name=\"robots\" content=\"index, follow, max-snippet:-1, max-image-preview:large, max-video-preview:-1\" \/>\n<link rel=\"canonical\" href=\"https:\/\/rsb.musin.de\/wordpress\/projekttag-kompetenzen-erwerben\/\" \/>\n<meta property=\"og:locale\" content=\"de_DE\" \/>\n<meta property=\"og:type\" content=\"article\" \/>\n<meta property=\"og:title\" content=\"Kompetenzmesse - Realschule an der Blutenburg\" \/>\n<meta property=\"og:description\" content=\"Kompetenzen erwerben In halbj\u00e4hrlichen Abst\u00e4nden veranstalten wir an der Realschule an der Blutenburg sogenannte &#8220;Kompetenzmessen&#8221;. Ziel dieser Kompetenzmessen ist es, verst\u00e4rkt vom Faktenlernen abzur\u00fccken und F\u00e4higkeiten zu schulen. Dabei sollen die Sch\u00fcler*innen auch lernen sich selbst besser einzusch\u00e4tzen und zu reflektieren. Jeder Sch\u00fcler nimmt an diesen Vormittagen an zwei unterschiedlichen Workshops teil. Angeboten wurden folgende [&hellip;]\" \/>\n<meta property=\"og:url\" content=\"https:\/\/rsb.musin.de\/wordpress\/projekttag-kompetenzen-erwerben\/\" \/>\n<meta property=\"og:site_name\" content=\"Realschule an der Blutenburg\" \/>\n<meta property=\"article:modified_time\" content=\"2022-02-02T19:49:18+00:00\" \/>\n<meta property=\"og:image\" content=\"https:\/\/rsb.musin.de\/wordpress\/wp-content\/uploads\/2016\/01\/IMG_5171.jpg\" \/>\n\t<meta property=\"og:image:width\" content=\"640\" \/>\n\t<meta property=\"og:image:height\" content=\"852\" \/>\n\t<meta property=\"og:image:type\" content=\"image\/jpeg\" \/>\n<meta name=\"twitter:card\" content=\"summary_large_image\" \/>\n<meta name=\"twitter:label1\" content=\"Gesch\u00e4tzte Lesezeit\" \/>\n\t<meta name=\"twitter:data1\" content=\"2\u00a0Minuten\" \/>\n<script type=\"application\/ld+json\" class=\"yoast-schema-graph\">{\"@context\":\"https:\/\/schema.org\",\"@graph\":[{\"@type\":\"WebPage\",\"@id\":\"https:\/\/rsb.musin.de\/wordpress\/projekttag-kompetenzen-erwerben\/\",\"url\":\"https:\/\/rsb.musin.de\/wordpress\/projekttag-kompetenzen-erwerben\/\",\"name\":\"Kompetenzmesse - Realschule an der Blutenburg\",\"isPartOf\":{\"@id\":\"https:\/\/rsb.musin.de\/wordpress\/#website\"},\"primaryImageOfPage\":{\"@id\":\"https:\/\/rsb.musin.de\/wordpress\/projekttag-kompetenzen-erwerben\/#primaryimage\"},\"image\":{\"@id\":\"https:\/\/rsb.musin.de\/wordpress\/projekttag-kompetenzen-erwerben\/#primaryimage\"},\"thumbnailUrl\":\"https:\/\/rsb.musin.de\/wordpress\/wp-content\/uploads\/2016\/01\/IMG_5171.jpg\",\"datePublished\":\"2016-01-09T19:58:00+00:00\",\"dateModified\":\"2022-02-02T19:49:18+00:00\",\"breadcrumb\":{\"@id\":\"https:\/\/rsb.musin.de\/wordpress\/projekttag-kompetenzen-erwerben\/#breadcrumb\"},\"inLanguage\":\"de\",\"potentialAction\":[{\"@type\":\"ReadAction\",\"target\":[\"https:\/\/rsb.musin.de\/wordpress\/projekttag-kompetenzen-erwerben\/\"]}]},{\"@type\":\"ImageObject\",\"inLanguage\":\"de\",\"@id\":\"https:\/\/rsb.musin.de\/wordpress\/projekttag-kompetenzen-erwerben\/#primaryimage\",\"url\":\"https:\/\/rsb.musin.de\/wordpress\/wp-content\/uploads\/2016\/01\/IMG_5171.jpg\",\"contentUrl\":\"https:\/\/rsb.musin.de\/wordpress\/wp-content\/uploads\/2016\/01\/IMG_5171.jpg\",\"width\":640,\"height\":852,\"caption\":\"IMG 5171\"},{\"@type\":\"BreadcrumbList\",\"@id\":\"https:\/\/rsb.musin.de\/wordpress\/projekttag-kompetenzen-erwerben\/#breadcrumb\",\"itemListElement\":[{\"@type\":\"ListItem\",\"position\":1,\"name\":\"Startseite\",\"item\":\"https:\/\/rsb.musin.de\/wordpress\/\"},{\"@type\":\"ListItem\",\"position\":2,\"name\":\"Kompetenzmesse\"}]},{\"@type\":\"WebSite\",\"@id\":\"https:\/\/rsb.musin.de\/wordpress\/#website\",\"url\":\"https:\/\/rsb.musin.de\/wordpress\/\",\"name\":\"Realschule an der Blutenburg\",\"description\":\"Realschule im M\u00fcnchner Westen\",\"publisher\":{\"@id\":\"https:\/\/rsb.musin.de\/wordpress\/#organization\"},\"potentialAction\":[{\"@type\":\"SearchAction\",\"target\":{\"@type\":\"EntryPoint\",\"urlTemplate\":\"https:\/\/rsb.musin.de\/wordpress\/?s={search_term_string}\"},\"query-input\":{\"@type\":\"PropertyValueSpecification\",\"valueRequired\":true,\"valueName\":\"search_term_string\"}}],\"inLanguage\":\"de\"},{\"@type\":\"Organization\",\"@id\":\"https:\/\/rsb.musin.de\/wordpress\/#organization\",\"name\":\"Realschule an der Blutenburg\",\"url\":\"https:\/\/rsb.musin.de\/wordpress\/\",\"logo\":{\"@type\":\"ImageObject\",\"inLanguage\":\"de\",\"@id\":\"https:\/\/rsb.musin.de\/wordpress\/#\/schema\/logo\/image\/\",\"url\":\"http:\/\/www.rsb.musin.de\/wordpress\/wp-content\/uploads\/2022\/01\/favicon.png\",\"contentUrl\":\"http:\/\/www.rsb.musin.de\/wordpress\/wp-content\/uploads\/2022\/01\/favicon.png\",\"width\":180,\"height\":180,\"caption\":\"Realschule an der Blutenburg\"},\"image\":{\"@id\":\"https:\/\/rsb.musin.de\/wordpress\/#\/schema\/logo\/image\/\"}}]}<\/script>\n<!-- \/ Yoast SEO plugin. -->","yoast_head_json":{"title":"Kompetenzmesse - Realschule an der Blutenburg","robots":{"index":"index","follow":"follow","max-snippet":"max-snippet:-1","max-image-preview":"max-image-preview:large","max-video-preview":"max-video-preview:-1"},"canonical":"https:\/\/rsb.musin.de\/wordpress\/projekttag-kompetenzen-erwerben\/","og_locale":"de_DE","og_type":"article","og_title":"Kompetenzmesse - Realschule an der Blutenburg","og_description":"Kompetenzen erwerben In halbj\u00e4hrlichen Abst\u00e4nden veranstalten wir an der Realschule an der Blutenburg sogenannte &#8220;Kompetenzmessen&#8221;. Ziel dieser Kompetenzmessen ist es, verst\u00e4rkt vom Faktenlernen abzur\u00fccken und F\u00e4higkeiten zu schulen. Dabei sollen die Sch\u00fcler*innen auch lernen sich selbst besser einzusch\u00e4tzen und zu reflektieren. Jeder Sch\u00fcler nimmt an diesen Vormittagen an zwei unterschiedlichen Workshops teil. Angeboten wurden folgende [&hellip;]","og_url":"https:\/\/rsb.musin.de\/wordpress\/projekttag-kompetenzen-erwerben\/","og_site_name":"Realschule an der Blutenburg","article_modified_time":"2022-02-02T19:49:18+00:00","og_image":[{"width":640,"height":852,"url":"https:\/\/rsb.musin.de\/wordpress\/wp-content\/uploads\/2016\/01\/IMG_5171.jpg","type":"image\/jpeg"}],"twitter_card":"summary_large_image","twitter_misc":{"Gesch\u00e4tzte Lesezeit":"2\u00a0Minuten"},"schema":{"@context":"https:\/\/schema.org","@graph":[{"@type":"WebPage","@id":"https:\/\/rsb.musin.de\/wordpress\/projekttag-kompetenzen-erwerben\/","url":"https:\/\/rsb.musin.de\/wordpress\/projekttag-kompetenzen-erwerben\/","name":"Kompetenzmesse - Realschule an der Blutenburg","isPartOf":{"@id":"https:\/\/rsb.musin.de\/wordpress\/#website"},"primaryImageOfPage":{"@id":"https:\/\/rsb.musin.de\/wordpress\/projekttag-kompetenzen-erwerben\/#primaryimage"},"image":{"@id":"https:\/\/rsb.musin.de\/wordpress\/projekttag-kompetenzen-erwerben\/#primaryimage"},"thumbnailUrl":"https:\/\/rsb.musin.de\/wordpress\/wp-content\/uploads\/2016\/01\/IMG_5171.jpg","datePublished":"2016-01-09T19:58:00+00:00","dateModified":"2022-02-02T19:49:18+00:00","breadcrumb":{"@id":"https:\/\/rsb.musin.de\/wordpress\/projekttag-kompetenzen-erwerben\/#breadcrumb"},"inLanguage":"de","potentialAction":[{"@type":"ReadAction","target":["https:\/\/rsb.musin.de\/wordpress\/projekttag-kompetenzen-erwerben\/"]}]},{"@type":"ImageObject","inLanguage":"de","@id":"https:\/\/rsb.musin.de\/wordpress\/projekttag-kompetenzen-erwerben\/#primaryimage","url":"https:\/\/rsb.musin.de\/wordpress\/wp-content\/uploads\/2016\/01\/IMG_5171.jpg","contentUrl":"https:\/\/rsb.musin.de\/wordpress\/wp-content\/uploads\/2016\/01\/IMG_5171.jpg","width":640,"height":852,"caption":"IMG 5171"},{"@type":"BreadcrumbList","@id":"https:\/\/rsb.musin.de\/wordpress\/projekttag-kompetenzen-erwerben\/#breadcrumb","itemListElement":[{"@type":"ListItem","position":1,"name":"Startseite","item":"https:\/\/rsb.musin.de\/wordpress\/"},{"@type":"ListItem","position":2,"name":"Kompetenzmesse"}]},{"@type":"WebSite","@id":"https:\/\/rsb.musin.de\/wordpress\/#website","url":"https:\/\/rsb.musin.de\/wordpress\/","name":"Realschule an der Blutenburg","description":"Realschule im M\u00fcnchner Westen","publisher":{"@id":"https:\/\/rsb.musin.de\/wordpress\/#organization"},"potentialAction":[{"@type":"SearchAction","target":{"@type":"EntryPoint","urlTemplate":"https:\/\/rsb.musin.de\/wordpress\/?s={search_term_string}"},"query-input":{"@type":"PropertyValueSpecification","valueRequired":true,"valueName":"search_term_string"}}],"inLanguage":"de"},{"@type":"Organization","@id":"https:\/\/rsb.musin.de\/wordpress\/#organization","name":"Realschule an der Blutenburg","url":"https:\/\/rsb.musin.de\/wordpress\/","logo":{"@type":"ImageObject","inLanguage":"de","@id":"https:\/\/rsb.musin.de\/wordpress\/#\/schema\/logo\/image\/","url":"http:\/\/www.rsb.musin.de\/wordpress\/wp-content\/uploads\/2022\/01\/favicon.png","contentUrl":"http:\/\/www.rsb.musin.de\/wordpress\/wp-content\/uploads\/2022\/01\/favicon.png","width":180,"height":180,"caption":"Realschule an der Blutenburg"},"image":{"@id":"https:\/\/rsb.musin.de\/wordpress\/#\/schema\/logo\/image\/"}}]}},"_links":{"self":[{"href":"https:\/\/rsb.musin.de\/wordpress\/wp-json\/wp\/v2\/pages\/562","targetHints":{"allow":["GET"]}}],"collection":[{"href":"https:\/\/rsb.musin.de\/wordpress\/wp-json\/wp\/v2\/pages"}],"about":[{"href":"https:\/\/rsb.musin.de\/wordpress\/wp-json\/wp\/v2\/types\/page"}],"author":[{"embeddable":true,"href":"https:\/\/rsb.musin.de\/wordpress\/wp-json\/wp\/v2\/users\/1"}],"replies":[{"embeddable":true,"href":"https:\/\/rsb.musin.de\/wordpress\/wp-json\/wp\/v2\/comments?post=562"}],"version-history":[{"count":6,"href":"https:\/\/rsb.musin.de\/wordpress\/wp-json\/wp\/v2\/pages\/562\/revisions"}],"predecessor-version":[{"id":2285,"href":"https:\/\/rsb.musin.de\/wordpress\/wp-json\/wp\/v2\/pages\/562\/revisions\/2285"}],"wp:featuredmedia":[{"embeddable":true,"href":"https:\/\/rsb.musin.de\/wordpress\/wp-json\/wp\/v2\/media\/556"}],"wp:attachment":[{"href":"https:\/\/rsb.musin.de\/wordpress\/wp-json\/wp\/v2\/media?parent=562"}],"curies":[{"name":"wp","href":"https:\/\/api.w.org\/{rel}","templated":true}]}}