{"id":568,"date":"2016-04-05T23:34:09","date_gmt":"2016-04-05T21:34:09","guid":{"rendered":"http:\/\/www.rsb.musin.de\/wordpress\/technische-hausverwaltung\/"},"modified":"2022-06-02T15:41:08","modified_gmt":"2022-06-02T13:41:08","slug":"technische-hausverwaltung","status":"publish","type":"page","link":"https:\/\/rsb.musin.de\/wordpress\/technische-hausverwaltung\/","title":{"rendered":"Technische Hausverwaltung"},"content":{"rendered":"\t\t<div data-elementor-type=\"wp-page\" data-elementor-id=\"568\" class=\"elementor elementor-568\">\n\t\t\t\t\t\t<section class=\"elementor-section elementor-top-section elementor-element elementor-element-2a3e23f9 elementor-section-full_width elementor-section-height-full elementor-section-items-stretch elementor-section-content-top elementor-section-stretched elementor-section-height-default\" data-id=\"2a3e23f9\" data-element_type=\"section\" data-settings=\"{&quot;stretch_section&quot;:&quot;section-stretched&quot;}\">\n\t\t\t\t\t\t<div class=\"elementor-container elementor-column-gap-no\">\n\t\t\t\t\t<div class=\"elementor-column elementor-col-50 elementor-top-column elementor-element elementor-element-37eb7dff\" data-id=\"37eb7dff\" data-element_type=\"column\">\n\t\t\t<div class=\"elementor-widget-wrap elementor-element-populated\">\n\t\t\t\t\t\t<section class=\"elementor-section elementor-inner-section elementor-element elementor-element-4c7b907 elementor-section-full_width elementor-section-height-min-height elementor-section-content-top elementor-section-height-default\" data-id=\"4c7b907\" data-element_type=\"section\">\n\t\t\t\t\t\t<div class=\"elementor-container elementor-column-gap-no\">\n\t\t\t\t\t<div class=\"elementor-column elementor-col-50 elementor-inner-column elementor-element elementor-element-3c8af999\" data-id=\"3c8af999\" data-element_type=\"column\" data-settings=\"{&quot;background_background&quot;:&quot;classic&quot;}\">\n\t\t\t<div class=\"elementor-widget-wrap elementor-element-populated\">\n\t\t\t\t\t\t<div class=\"elementor-element elementor-element-7287e94a elementor-widget elementor-widget-spacer\" data-id=\"7287e94a\" data-element_type=\"widget\" data-widget_type=\"spacer.default\">\n\t\t\t\t<div class=\"elementor-widget-container\">\n\t\t\t\t\t\t\t<div class=\"elementor-spacer\">\n\t\t\t<div class=\"elementor-spacer-inner\"><\/div>\n\t\t<\/div>\n\t\t\t\t\t\t<\/div>\n\t\t\t\t<\/div>\n\t\t\t\t\t<\/div>\n\t\t<\/div>\n\t\t\t\t<div class=\"elementor-column elementor-col-50 elementor-inner-column elementor-element elementor-element-61501ed6\" data-id=\"61501ed6\" data-element_type=\"column\" data-settings=\"{&quot;background_background&quot;:&quot;classic&quot;}\">\n\t\t\t<div class=\"elementor-widget-wrap elementor-element-populated\">\n\t\t\t\t\t\t<div class=\"elementor-element elementor-element-4090b279 elementor-widget elementor-widget-spacer\" data-id=\"4090b279\" data-element_type=\"widget\" data-widget_type=\"spacer.default\">\n\t\t\t\t<div class=\"elementor-widget-container\">\n\t\t\t\t\t\t\t<div class=\"elementor-spacer\">\n\t\t\t<div class=\"elementor-spacer-inner\"><\/div>\n\t\t<\/div>\n\t\t\t\t\t\t<\/div>\n\t\t\t\t<\/div>\n\t\t\t\t<div class=\"elementor-element elementor-element-3636b838 elementor-invisible elementor-widget elementor-widget-image\" data-id=\"3636b838\" data-element_type=\"widget\" data-settings=\"{&quot;_animation&quot;:&quot;fadeInUp&quot;}\" data-widget_type=\"image.default\">\n\t\t\t\t<div class=\"elementor-widget-container\">\n\t\t\t\t\t\t\t\t\t\t\t\t\t\t\t<img decoding=\"async\" width=\"120\" height=\"120\" src=\"https:\/\/rsb.musin.de\/wordpress\/wp-content\/uploads\/2022\/01\/ico-book.png\" class=\"attachment-full size-full wp-image-1139\" alt=\"\" \/>\t\t\t\t\t\t\t\t\t\t\t\t\t\t\t<\/div>\n\t\t\t\t<\/div>\n\t\t\t\t<div class=\"elementor-element elementor-element-7cbe39f2 elementor-invisible elementor-widget elementor-widget-heading\" data-id=\"7cbe39f2\" data-element_type=\"widget\" data-settings=\"{&quot;_animation&quot;:&quot;fadeInUp&quot;,&quot;_animation_delay&quot;:300}\" data-widget_type=\"heading.default\">\n\t\t\t\t<div class=\"elementor-widget-container\">\n\t\t\t\t\t<h1 class=\"elementor-heading-title elementor-size-default\">Technische Haus&shy;verwaltung<\/h1>\t\t\t\t<\/div>\n\t\t\t\t<\/div>\n\t\t\t\t<div class=\"elementor-element elementor-element-7595dc58 elementor-invisible elementor-widget elementor-widget-text-editor\" data-id=\"7595dc58\" data-element_type=\"widget\" data-settings=\"{&quot;_animation&quot;:&quot;fadeInUp&quot;,&quot;_animation_delay&quot;:500}\" data-widget_type=\"text-editor.default\">\n\t\t\t\t<div class=\"elementor-widget-container\">\n\t\t\t\t\t\t\t\t\t<p>F\u00fcr Anfragen schreiben Sie bitte an das Sekretariat.\u00a0<\/p>\t\t\t\t\t\t\t\t<\/div>\n\t\t\t\t<\/div>\n\t\t\t\t\t<\/div>\n\t\t<\/div>\n\t\t\t\t\t<\/div>\n\t\t<\/section>\n\t\t\t\t\t<\/div>\n\t\t<\/div>\n\t\t\t\t<div class=\"elementor-column elementor-col-50 elementor-top-column elementor-element elementor-element-3387e735\" data-id=\"3387e735\" data-element_type=\"column\">\n\t\t\t<div class=\"elementor-widget-wrap elementor-element-populated\">\n\t\t\t\t\t\t<div class=\"elementor-element elementor-element-7f52f51 elementor-widget elementor-widget-text-editor\" data-id=\"7f52f51\" data-element_type=\"widget\" data-widget_type=\"text-editor.default\">\n\t\t\t\t<div class=\"elementor-widget-container\">\n\t\t\t\t\t\t\t\t\t<p>Herr Grunert und Herr Sallam sind an unserer Realschule und an der Grundschule an der Grandlstra\u00dfe f\u00fcr die Technische Hausverwaltung zust\u00e4ndig. Damit sorgen sie in den beiden Geb\u00e4uden f\u00fcr einen reibungslosen Ablauf und \u00fcberwachen den Zustand der Immobilien, was bei so vielen Nutzern nicht immer einfach ist.<\/p>\t\t\t\t\t\t\t\t<\/div>\n\t\t\t\t<\/div>\n\t\t\t\t<section class=\"elementor-section elementor-inner-section elementor-element elementor-element-6cc0d92a elementor-section-full_width elementor-section-height-default elementor-section-height-default\" data-id=\"6cc0d92a\" data-element_type=\"section\">\n\t\t\t\t\t\t<div class=\"elementor-container elementor-column-gap-no\">\n\t\t\t\t\t<div class=\"elementor-column elementor-col-50 elementor-inner-column elementor-element elementor-element-7d54dbb0\" data-id=\"7d54dbb0\" data-element_type=\"column\">\n\t\t\t<div class=\"elementor-widget-wrap elementor-element-populated\">\n\t\t\t\t\t\t<div class=\"elementor-element elementor-element-e87444e elementor-widget elementor-widget-image\" data-id=\"e87444e\" data-element_type=\"widget\" data-widget_type=\"image.default\">\n\t\t\t\t<div class=\"elementor-widget-container\">\n\t\t\t\t\t\t\t\t\t\t\t\t\t\t\t<img decoding=\"async\" src=\"https:\/\/rsb.musin.de\/wordpress\/wp-content\/uploads\/elementor\/thumbs\/Ludwig-1-qpnyqsfmekugh1blz7a7pk2cnf6al4vjzxmlp5pjcw.png\" title=\"Ludwig\" alt=\"Ludwig\" class=\"elementor-animation-float\" loading=\"lazy\" \/>\t\t\t\t\t\t\t\t\t\t\t\t\t\t\t<\/div>\n\t\t\t\t<\/div>\n\t\t\t\t<div class=\"elementor-element elementor-element-b18f257 elementor-invisible elementor-widget elementor-widget-heading\" data-id=\"b18f257\" data-element_type=\"widget\" data-settings=\"{&quot;_animation&quot;:&quot;fadeInUp&quot;,&quot;_animation_delay&quot;:300}\" data-widget_type=\"heading.default\">\n\t\t\t\t<div class=\"elementor-widget-container\">\n\t\t\t\t\t<h3 class=\"elementor-heading-title elementor-size-default\">Herr Grunert<\/h3>\t\t\t\t<\/div>\n\t\t\t\t<\/div>\n\t\t\t\t<div class=\"elementor-element elementor-element-643ab19f elementor-invisible elementor-widget elementor-widget-heading\" data-id=\"643ab19f\" data-element_type=\"widget\" data-settings=\"{&quot;_animation&quot;:&quot;fadeInUp&quot;,&quot;_animation_delay&quot;:500}\" data-widget_type=\"heading.default\">\n\t\t\t\t<div class=\"elementor-widget-container\">\n\t\t\t\t\t<h4 class=\"elementor-heading-title elementor-size-default\">Technischer Hausverwalter<\/h4>\t\t\t\t<\/div>\n\t\t\t\t<\/div>\n\t\t\t\t\t<\/div>\n\t\t<\/div>\n\t\t\t\t<div class=\"elementor-column elementor-col-50 elementor-inner-column elementor-element elementor-element-5b320ea3\" data-id=\"5b320ea3\" data-element_type=\"column\">\n\t\t\t<div class=\"elementor-widget-wrap elementor-element-populated\">\n\t\t\t\t\t\t<div class=\"elementor-element elementor-element-6b2b2c1a elementor-widget elementor-widget-image\" data-id=\"6b2b2c1a\" data-element_type=\"widget\" data-widget_type=\"image.default\">\n\t\t\t\t<div class=\"elementor-widget-container\">\n\t\t\t\t\t\t\t\t\t\t\t\t\t\t\t<img decoding=\"async\" src=\"https:\/\/rsb.musin.de\/wordpress\/wp-content\/uploads\/elementor\/thumbs\/Mahmoud-1-qpnyqlur2qlg7rl61mftq3q4hq2q395fn127c7zakg.png\" title=\"Mahmoud\" alt=\"Mahmoud\" class=\"elementor-animation-float\" loading=\"lazy\" \/>\t\t\t\t\t\t\t\t\t\t\t\t\t\t\t<\/div>\n\t\t\t\t<\/div>\n\t\t\t\t<div class=\"elementor-element elementor-element-1b65ee1c elementor-invisible elementor-widget elementor-widget-heading\" data-id=\"1b65ee1c\" data-element_type=\"widget\" data-settings=\"{&quot;_animation&quot;:&quot;fadeInUp&quot;,&quot;_animation_delay&quot;:300}\" data-widget_type=\"heading.default\">\n\t\t\t\t<div class=\"elementor-widget-container\">\n\t\t\t\t\t<h3 class=\"elementor-heading-title elementor-size-default\">Herr Sallam<\/h3>\t\t\t\t<\/div>\n\t\t\t\t<\/div>\n\t\t\t\t<div class=\"elementor-element elementor-element-7b359d0e elementor-invisible elementor-widget elementor-widget-heading\" data-id=\"7b359d0e\" data-element_type=\"widget\" data-settings=\"{&quot;_animation&quot;:&quot;fadeInUp&quot;,&quot;_animation_delay&quot;:500}\" data-widget_type=\"heading.default\">\n\t\t\t\t<div class=\"elementor-widget-container\">\n\t\t\t\t\t<h4 class=\"elementor-heading-title elementor-size-default\"><span class=\"elementor-heading-title elementor-size-default elementor-inline-editing eael-heading-content pen\" data-elementor-setting-key=\"title\" id=\"1-eael-table-of-content\" data-pen-placeholder=\"Eingabe hier...\" style=\"font-style: normal\">TECHNISCHER HAUSVERWALTER<\/span><\/h4>\t\t\t\t<\/div>\n\t\t\t\t<\/div>\n\t\t\t\t\t<\/div>\n\t\t<\/div>\n\t\t\t\t\t<\/div>\n\t\t<\/section>\n\t\t\t\t\t<\/div>\n\t\t<\/div>\n\t\t\t\t\t<\/div>\n\t\t<\/section>\n\t\t\t\t<\/div>\n\t\t","protected":false},"excerpt":{"rendered":"<p>Technische Haus&shy;verwaltung F\u00fcr Anfragen schreiben Sie bitte an das Sekretariat.\u00a0 Herr Grunert und Herr Sallam sind an unserer Realschule und an der Grundschule an der Grandlstra\u00dfe f\u00fcr die Technische Hausverwaltung zust\u00e4ndig. Damit sorgen sie in den beiden Geb\u00e4uden f\u00fcr einen reibungslosen Ablauf und \u00fcberwachen den Zustand der Immobilien, was bei so vielen Nutzern nicht immer [&hellip;]<\/p>\n","protected":false},"author":1,"featured_media":567,"parent":0,"menu_order":11,"comment_status":"closed","ping_status":"closed","template":"","meta":{"ocean_post_layout":"","ocean_both_sidebars_style":"","ocean_both_sidebars_content_width":0,"ocean_both_sidebars_sidebars_width":0,"ocean_sidebar":"","ocean_second_sidebar":"","ocean_disable_margins":"enable","ocean_add_body_class":"","ocean_shortcode_before_top_bar":"","ocean_shortcode_after_top_bar":"","ocean_shortcode_before_header":"","ocean_shortcode_after_header":"","ocean_has_shortcode":"","ocean_shortcode_after_title":"","ocean_shortcode_before_footer_widgets":"","ocean_shortcode_after_footer_widgets":"","ocean_shortcode_before_footer_bottom":"","ocean_shortcode_after_footer_bottom":"","ocean_display_top_bar":"default","ocean_display_header":"default","ocean_header_style":"","ocean_center_header_left_menu":"","ocean_custom_header_template":"","ocean_custom_logo":0,"ocean_custom_retina_logo":0,"ocean_custom_logo_max_width":0,"ocean_custom_logo_tablet_max_width":0,"ocean_custom_logo_mobile_max_width":0,"ocean_custom_logo_max_height":0,"ocean_custom_logo_tablet_max_height":0,"ocean_custom_logo_mobile_max_height":0,"ocean_header_custom_menu":"","ocean_menu_typo_font_family":"","ocean_menu_typo_font_subset":"","ocean_menu_typo_font_size":0,"ocean_menu_typo_font_size_tablet":0,"ocean_menu_typo_font_size_mobile":0,"ocean_menu_typo_font_size_unit":"px","ocean_menu_typo_font_weight":"","ocean_menu_typo_font_weight_tablet":"","ocean_menu_typo_font_weight_mobile":"","ocean_menu_typo_transform":"","ocean_menu_typo_transform_tablet":"","ocean_menu_typo_transform_mobile":"","ocean_menu_typo_line_height":0,"ocean_menu_typo_line_height_tablet":0,"ocean_menu_typo_line_height_mobile":0,"ocean_menu_typo_line_height_unit":"","ocean_menu_typo_spacing":0,"ocean_menu_typo_spacing_tablet":0,"ocean_menu_typo_spacing_mobile":0,"ocean_menu_typo_spacing_unit":"","ocean_menu_link_color":"","ocean_menu_link_color_hover":"","ocean_menu_link_color_active":"","ocean_menu_link_background":"","ocean_menu_link_hover_background":"","ocean_menu_link_active_background":"","ocean_menu_social_links_bg":"","ocean_menu_social_hover_links_bg":"","ocean_menu_social_links_color":"","ocean_menu_social_hover_links_color":"","ocean_disable_title":"default","ocean_disable_heading":"default","ocean_post_title":"","ocean_post_subheading":"","ocean_post_title_style":"","ocean_post_title_background_color":"","ocean_post_title_background":0,"ocean_post_title_bg_image_position":"","ocean_post_title_bg_image_attachment":"","ocean_post_title_bg_image_repeat":"","ocean_post_title_bg_image_size":"","ocean_post_title_height":0,"ocean_post_title_bg_overlay":0.5,"ocean_post_title_bg_overlay_color":"","ocean_disable_breadcrumbs":"default","ocean_breadcrumbs_color":"","ocean_breadcrumbs_separator_color":"","ocean_breadcrumbs_links_color":"","ocean_breadcrumbs_links_hover_color":"","ocean_display_footer_widgets":"default","ocean_display_footer_bottom":"default","ocean_custom_footer_template":"","footnotes":""},"class_list":["post-568","page","type-page","status-publish","has-post-thumbnail","hentry","entry","has-media"],"yoast_head":"<!-- This site is optimized with the Yoast SEO plugin v26.7 - https:\/\/yoast.com\/wordpress\/plugins\/seo\/ -->\n<title>Technische Hausverwaltung - Realschule an der Blutenburg<\/title>\n<meta name=\"robots\" content=\"index, follow, max-snippet:-1, max-image-preview:large, max-video-preview:-1\" \/>\n<link rel=\"canonical\" href=\"https:\/\/rsb.musin.de\/wordpress\/technische-hausverwaltung\/\" \/>\n<meta property=\"og:locale\" content=\"de_DE\" \/>\n<meta property=\"og:type\" content=\"article\" \/>\n<meta property=\"og:title\" content=\"Technische Hausverwaltung - Realschule an der Blutenburg\" \/>\n<meta property=\"og:description\" content=\"Technische Haus&shy;verwaltung F\u00fcr Anfragen schreiben Sie bitte an das Sekretariat.\u00a0 Herr Grunert und Herr Sallam sind an unserer Realschule und an der Grundschule an der Grandlstra\u00dfe f\u00fcr die Technische Hausverwaltung zust\u00e4ndig. Damit sorgen sie in den beiden Geb\u00e4uden f\u00fcr einen reibungslosen Ablauf und \u00fcberwachen den Zustand der Immobilien, was bei so vielen Nutzern nicht immer [&hellip;]\" \/>\n<meta property=\"og:url\" content=\"https:\/\/rsb.musin.de\/wordpress\/technische-hausverwaltung\/\" \/>\n<meta property=\"og:site_name\" content=\"Realschule an der Blutenburg\" \/>\n<meta property=\"article:modified_time\" content=\"2022-06-02T13:41:08+00:00\" \/>\n<meta property=\"og:image\" content=\"https:\/\/rsb.musin.de\/wordpress\/wp-content\/uploads\/2016\/04\/grunert.jpg\" \/>\n\t<meta property=\"og:image:width\" content=\"298\" \/>\n\t<meta property=\"og:image:height\" content=\"344\" \/>\n\t<meta property=\"og:image:type\" content=\"image\/jpeg\" \/>\n<meta name=\"twitter:card\" content=\"summary_large_image\" \/>\n<meta name=\"twitter:label1\" content=\"Gesch\u00e4tzte Lesezeit\" \/>\n\t<meta name=\"twitter:data1\" content=\"1\u00a0Minute\" \/>\n<script type=\"application\/ld+json\" class=\"yoast-schema-graph\">{\"@context\":\"https:\/\/schema.org\",\"@graph\":[{\"@type\":\"WebPage\",\"@id\":\"https:\/\/rsb.musin.de\/wordpress\/technische-hausverwaltung\/\",\"url\":\"https:\/\/rsb.musin.de\/wordpress\/technische-hausverwaltung\/\",\"name\":\"Technische Hausverwaltung - Realschule an der Blutenburg\",\"isPartOf\":{\"@id\":\"https:\/\/rsb.musin.de\/wordpress\/#website\"},\"primaryImageOfPage\":{\"@id\":\"https:\/\/rsb.musin.de\/wordpress\/technische-hausverwaltung\/#primaryimage\"},\"image\":{\"@id\":\"https:\/\/rsb.musin.de\/wordpress\/technische-hausverwaltung\/#primaryimage\"},\"thumbnailUrl\":\"https:\/\/rsb.musin.de\/wordpress\/wp-content\/uploads\/2016\/04\/grunert.jpg\",\"datePublished\":\"2016-04-05T21:34:09+00:00\",\"dateModified\":\"2022-06-02T13:41:08+00:00\",\"breadcrumb\":{\"@id\":\"https:\/\/rsb.musin.de\/wordpress\/technische-hausverwaltung\/#breadcrumb\"},\"inLanguage\":\"de\",\"potentialAction\":[{\"@type\":\"ReadAction\",\"target\":[\"https:\/\/rsb.musin.de\/wordpress\/technische-hausverwaltung\/\"]}]},{\"@type\":\"ImageObject\",\"inLanguage\":\"de\",\"@id\":\"https:\/\/rsb.musin.de\/wordpress\/technische-hausverwaltung\/#primaryimage\",\"url\":\"https:\/\/rsb.musin.de\/wordpress\/wp-content\/uploads\/2016\/04\/grunert.jpg\",\"contentUrl\":\"https:\/\/rsb.musin.de\/wordpress\/wp-content\/uploads\/2016\/04\/grunert.jpg\",\"width\":298,\"height\":344,\"caption\":\"grunert\"},{\"@type\":\"BreadcrumbList\",\"@id\":\"https:\/\/rsb.musin.de\/wordpress\/technische-hausverwaltung\/#breadcrumb\",\"itemListElement\":[{\"@type\":\"ListItem\",\"position\":1,\"name\":\"Startseite\",\"item\":\"https:\/\/rsb.musin.de\/wordpress\/\"},{\"@type\":\"ListItem\",\"position\":2,\"name\":\"Technische Hausverwaltung\"}]},{\"@type\":\"WebSite\",\"@id\":\"https:\/\/rsb.musin.de\/wordpress\/#website\",\"url\":\"https:\/\/rsb.musin.de\/wordpress\/\",\"name\":\"Realschule an der Blutenburg\",\"description\":\"Realschule im M\u00fcnchner Westen\",\"publisher\":{\"@id\":\"https:\/\/rsb.musin.de\/wordpress\/#organization\"},\"potentialAction\":[{\"@type\":\"SearchAction\",\"target\":{\"@type\":\"EntryPoint\",\"urlTemplate\":\"https:\/\/rsb.musin.de\/wordpress\/?s={search_term_string}\"},\"query-input\":{\"@type\":\"PropertyValueSpecification\",\"valueRequired\":true,\"valueName\":\"search_term_string\"}}],\"inLanguage\":\"de\"},{\"@type\":\"Organization\",\"@id\":\"https:\/\/rsb.musin.de\/wordpress\/#organization\",\"name\":\"Realschule an der Blutenburg\",\"url\":\"https:\/\/rsb.musin.de\/wordpress\/\",\"logo\":{\"@type\":\"ImageObject\",\"inLanguage\":\"de\",\"@id\":\"https:\/\/rsb.musin.de\/wordpress\/#\/schema\/logo\/image\/\",\"url\":\"http:\/\/www.rsb.musin.de\/wordpress\/wp-content\/uploads\/2022\/01\/favicon.png\",\"contentUrl\":\"http:\/\/www.rsb.musin.de\/wordpress\/wp-content\/uploads\/2022\/01\/favicon.png\",\"width\":180,\"height\":180,\"caption\":\"Realschule an der Blutenburg\"},\"image\":{\"@id\":\"https:\/\/rsb.musin.de\/wordpress\/#\/schema\/logo\/image\/\"}}]}<\/script>\n<!-- \/ Yoast SEO plugin. -->","yoast_head_json":{"title":"Technische Hausverwaltung - Realschule an der Blutenburg","robots":{"index":"index","follow":"follow","max-snippet":"max-snippet:-1","max-image-preview":"max-image-preview:large","max-video-preview":"max-video-preview:-1"},"canonical":"https:\/\/rsb.musin.de\/wordpress\/technische-hausverwaltung\/","og_locale":"de_DE","og_type":"article","og_title":"Technische Hausverwaltung - Realschule an der Blutenburg","og_description":"Technische Haus&shy;verwaltung F\u00fcr Anfragen schreiben Sie bitte an das Sekretariat.\u00a0 Herr Grunert und Herr Sallam sind an unserer Realschule und an der Grundschule an der Grandlstra\u00dfe f\u00fcr die Technische Hausverwaltung zust\u00e4ndig. Damit sorgen sie in den beiden Geb\u00e4uden f\u00fcr einen reibungslosen Ablauf und \u00fcberwachen den Zustand der Immobilien, was bei so vielen Nutzern nicht immer [&hellip;]","og_url":"https:\/\/rsb.musin.de\/wordpress\/technische-hausverwaltung\/","og_site_name":"Realschule an der Blutenburg","article_modified_time":"2022-06-02T13:41:08+00:00","og_image":[{"width":298,"height":344,"url":"https:\/\/rsb.musin.de\/wordpress\/wp-content\/uploads\/2016\/04\/grunert.jpg","type":"image\/jpeg"}],"twitter_card":"summary_large_image","twitter_misc":{"Gesch\u00e4tzte Lesezeit":"1\u00a0Minute"},"schema":{"@context":"https:\/\/schema.org","@graph":[{"@type":"WebPage","@id":"https:\/\/rsb.musin.de\/wordpress\/technische-hausverwaltung\/","url":"https:\/\/rsb.musin.de\/wordpress\/technische-hausverwaltung\/","name":"Technische Hausverwaltung - Realschule an der Blutenburg","isPartOf":{"@id":"https:\/\/rsb.musin.de\/wordpress\/#website"},"primaryImageOfPage":{"@id":"https:\/\/rsb.musin.de\/wordpress\/technische-hausverwaltung\/#primaryimage"},"image":{"@id":"https:\/\/rsb.musin.de\/wordpress\/technische-hausverwaltung\/#primaryimage"},"thumbnailUrl":"https:\/\/rsb.musin.de\/wordpress\/wp-content\/uploads\/2016\/04\/grunert.jpg","datePublished":"2016-04-05T21:34:09+00:00","dateModified":"2022-06-02T13:41:08+00:00","breadcrumb":{"@id":"https:\/\/rsb.musin.de\/wordpress\/technische-hausverwaltung\/#breadcrumb"},"inLanguage":"de","potentialAction":[{"@type":"ReadAction","target":["https:\/\/rsb.musin.de\/wordpress\/technische-hausverwaltung\/"]}]},{"@type":"ImageObject","inLanguage":"de","@id":"https:\/\/rsb.musin.de\/wordpress\/technische-hausverwaltung\/#primaryimage","url":"https:\/\/rsb.musin.de\/wordpress\/wp-content\/uploads\/2016\/04\/grunert.jpg","contentUrl":"https:\/\/rsb.musin.de\/wordpress\/wp-content\/uploads\/2016\/04\/grunert.jpg","width":298,"height":344,"caption":"grunert"},{"@type":"BreadcrumbList","@id":"https:\/\/rsb.musin.de\/wordpress\/technische-hausverwaltung\/#breadcrumb","itemListElement":[{"@type":"ListItem","position":1,"name":"Startseite","item":"https:\/\/rsb.musin.de\/wordpress\/"},{"@type":"ListItem","position":2,"name":"Technische Hausverwaltung"}]},{"@type":"WebSite","@id":"https:\/\/rsb.musin.de\/wordpress\/#website","url":"https:\/\/rsb.musin.de\/wordpress\/","name":"Realschule an der Blutenburg","description":"Realschule im M\u00fcnchner Westen","publisher":{"@id":"https:\/\/rsb.musin.de\/wordpress\/#organization"},"potentialAction":[{"@type":"SearchAction","target":{"@type":"EntryPoint","urlTemplate":"https:\/\/rsb.musin.de\/wordpress\/?s={search_term_string}"},"query-input":{"@type":"PropertyValueSpecification","valueRequired":true,"valueName":"search_term_string"}}],"inLanguage":"de"},{"@type":"Organization","@id":"https:\/\/rsb.musin.de\/wordpress\/#organization","name":"Realschule an der Blutenburg","url":"https:\/\/rsb.musin.de\/wordpress\/","logo":{"@type":"ImageObject","inLanguage":"de","@id":"https:\/\/rsb.musin.de\/wordpress\/#\/schema\/logo\/image\/","url":"http:\/\/www.rsb.musin.de\/wordpress\/wp-content\/uploads\/2022\/01\/favicon.png","contentUrl":"http:\/\/www.rsb.musin.de\/wordpress\/wp-content\/uploads\/2022\/01\/favicon.png","width":180,"height":180,"caption":"Realschule an der Blutenburg"},"image":{"@id":"https:\/\/rsb.musin.de\/wordpress\/#\/schema\/logo\/image\/"}}]}},"_links":{"self":[{"href":"https:\/\/rsb.musin.de\/wordpress\/wp-json\/wp\/v2\/pages\/568","targetHints":{"allow":["GET"]}}],"collection":[{"href":"https:\/\/rsb.musin.de\/wordpress\/wp-json\/wp\/v2\/pages"}],"about":[{"href":"https:\/\/rsb.musin.de\/wordpress\/wp-json\/wp\/v2\/types\/page"}],"author":[{"embeddable":true,"href":"https:\/\/rsb.musin.de\/wordpress\/wp-json\/wp\/v2\/users\/1"}],"replies":[{"embeddable":true,"href":"https:\/\/rsb.musin.de\/wordpress\/wp-json\/wp\/v2\/comments?post=568"}],"version-history":[{"count":21,"href":"https:\/\/rsb.musin.de\/wordpress\/wp-json\/wp\/v2\/pages\/568\/revisions"}],"predecessor-version":[{"id":3541,"href":"https:\/\/rsb.musin.de\/wordpress\/wp-json\/wp\/v2\/pages\/568\/revisions\/3541"}],"wp:featuredmedia":[{"embeddable":true,"href":"https:\/\/rsb.musin.de\/wordpress\/wp-json\/wp\/v2\/media\/567"}],"wp:attachment":[{"href":"https:\/\/rsb.musin.de\/wordpress\/wp-json\/wp\/v2\/media?parent=568"}],"curies":[{"name":"wp","href":"https:\/\/api.w.org\/{rel}","templated":true}]}}